{"id":7107,"date":"2025-11-19T15:45:18","date_gmt":"2025-11-19T14:45:18","guid":{"rendered":"https:\/\/favero-dev.calicantus.works\/privacy-policy\/"},"modified":"2025-11-20T09:54:40","modified_gmt":"2025-11-20T08:54:40","slug":"privacy-policy","status":"publish","type":"page","link":"https:\/\/favero-dev.calicantus.works\/it\/privacy-policy\/","title":{"rendered":"Privacy Policy"},"content":{"rendered":"\t\t<div data-elementor-type=\"wp-page\" data-elementor-id=\"7107\" class=\"elementor elementor-7107 elementor-7101\" data-elementor-post-type=\"page\">\n\t\t\t\t<div class=\"elementor-element elementor-element-0e6e26a e-flex e-con-boxed e-con e-parent\" data-id=\"0e6e26a\" data-element_type=\"container\" data-settings=\"{&quot;background_background&quot;:&quot;classic&quot;}\">\n\t\t\t\t\t<div class=\"e-con-inner\">\n\t\t<div class=\"elementor-element elementor-element-4d589a7 e-con-full  hover-blu e-flex e-con e-child\" data-id=\"4d589a7\" data-element_type=\"container\">\n\t\t\t\t<div class=\"elementor-element elementor-element-a16eebc elementor-align-left elementor-widget elementor-widget-breadcrumbs\" data-id=\"a16eebc\" data-element_type=\"widget\" data-widget_type=\"breadcrumbs.default\">\n\t\t\t\t\t<p id=\"breadcrumbs\"><span><span><a href=\"https:\/\/favero-dev.calicantus.works\/it\/\">Home<\/a><\/span><\/span><\/p>\t\t\t\t<\/div>\n\t\t\t\t<div class=\"elementor-element elementor-element-c292f05 elementor-widget elementor-widget-heading\" data-id=\"c292f05\" data-element_type=\"widget\" data-widget_type=\"heading.default\">\n\t\t\t\t\t<h1 class=\"elementor-heading-title elementor-size-default\">Condizioni sulla Privacy<\/h1>\t\t\t\t<\/div>\n\t\t\t\t<div class=\"elementor-element elementor-element-04b460c elementor-widget elementor-widget-text-editor\" data-id=\"04b460c\" data-element_type=\"widget\" data-widget_type=\"text-editor.default\">\n\t\t\t\t\t\t\t\t\t<div class=\"p.small\"><p>In questa pagina si offre l\u2019informativa generale relativa al trattamento dei dati personali degli utenti che consultano il sito cycling.favero.com,\u00a0gestito e mantenuto dalla Societ\u00e0<\/p><p>\u00a0<\/p><p><strong>FAVERO ELECTRONICS Srl<\/strong><\/p><p>\u00a0<\/p><p>Partita Iva 04703130262 &#8211; Codice Fiscale 04703130262<br \/>Sede legale: via Ruggero Lombardi, 64 &#8211; 31030 Arcade (Treviso) ITALIA<\/p><p>\u00a0<\/p><p>indicata successivamente come FAVERO.<\/p><p>\u00a0<\/p><p>La versione originale della seguente informativa \u00e8 in lingua italiana. Qualsiasi eventuale questione interpretativa legata alla traduzione nelle lingue messe a disposizione sul sito cycling.favero.com, sar\u00e0 risolta alla luce del testo italiano.<\/p><p>\u00a0<\/p><p>Ai sensi\u00a0 del Decreto Legislativo n.\u00a0\u00a0101\/2018 di adeguamento al regolamento (UE) GDPR &#8211; 2016\/679, FAVERO informa di come vengono trattati i dati personali di una persona quando interagisce con il sito cycling.favero.com ed, in particolare:<\/p><p>\u00a0<\/p><ul><li>sul tipo di dati che FAVERO pu\u00f2 raccogliere e trattare,<\/li><li>sulle modalit\u00e0 di trattamento ed i soggetti con i quali possono essere condivisi.<\/li><\/ul><p>Inoltre, si indica come contattare FAVERO per richiedere qualsiasi chiarimento riguardo al trattamento dei dati personali.<\/p><\/div>\t\t\t\t\t\t\t\t<\/div>\n\t\t\t\t<\/div>\n\t\t<div class=\"elementor-element elementor-element-39e3614 e-con-full e-flex e-con e-child\" data-id=\"39e3614\" data-element_type=\"container\">\n\t\t<div class=\"elementor-element elementor-element-bb48983 e-con-full e-flex e-con e-child\" data-id=\"bb48983\" data-element_type=\"container\">\n\t\t<div class=\"elementor-element elementor-element-a3a90c4 e-con-full e-flex e-con e-child\" data-id=\"a3a90c4\" data-element_type=\"container\" data-settings=\"{&quot;background_background&quot;:&quot;classic&quot;}\">\n\t\t\t\t<div class=\"elementor-element elementor-element-98a50d0 space-indice index-condition elementor-widget elementor-widget-table-of-contents\" data-id=\"98a50d0\" data-element_type=\"widget\" data-settings=\"{&quot;marker_view&quot;:&quot;bullets&quot;,&quot;no_headings_message&quot;:&quot;nessun indice&quot;,&quot;min_height&quot;:{&quot;unit&quot;:&quot;px&quot;,&quot;size&quot;:0,&quot;sizes&quot;:[]},&quot;container&quot;:&quot;.box-toc&quot;,&quot;headings_by_tags&quot;:[&quot;h2&quot;,&quot;h3&quot;,&quot;h4&quot;,&quot;h5&quot;,&quot;h6&quot;],&quot;icon&quot;:{&quot;value&quot;:&quot;fas fa-circle&quot;,&quot;library&quot;:&quot;fa-solid&quot;,&quot;rendered_tag&quot;:&quot;&lt;svg class=\\&quot;e-font-icon-svg e-fas-circle\\&quot; viewBox=\\&quot;0 0 512 512\\&quot; xmlns=\\&quot;http:\\\/\\\/www.w3.org\\\/2000\\\/svg\\&quot;&gt;&lt;path d=\\&quot;M256 8C119 8 8 119 8 256s111 248 248 248 248-111 248-248S393 8 256 8z\\&quot;&gt;&lt;\\\/path&gt;&lt;\\\/svg&gt;&quot;},&quot;min_height_tablet&quot;:{&quot;unit&quot;:&quot;px&quot;,&quot;size&quot;:&quot;&quot;,&quot;sizes&quot;:[]},&quot;min_height_mobile_extra&quot;:{&quot;unit&quot;:&quot;px&quot;,&quot;size&quot;:&quot;&quot;,&quot;sizes&quot;:[]},&quot;min_height_mobile&quot;:{&quot;unit&quot;:&quot;px&quot;,&quot;size&quot;:&quot;&quot;,&quot;sizes&quot;:[]}}\" data-widget_type=\"table-of-contents.default\">\n\t\t\t\t\t\t\t<div class=\"elementor-toc__header\">\n\t\t\t<h4 class=\"elementor-toc__header-title\">\n\t\t\t\tINDEX\t\t\t<\/h4>\n\t\t\t\t\t<\/div>\n\t\t<div id=\"elementor-toc__98a50d0\" class=\"elementor-toc__body\">\n\t\t\t<div class=\"elementor-toc__spinner-container\">\n\t\t\t\t<svg class=\"elementor-toc__spinner eicon-animation-spin e-font-icon-svg e-eicon-loading\" aria-hidden=\"true\" viewBox=\"0 0 1000 1000\" xmlns=\"http:\/\/www.w3.org\/2000\/svg\"><path d=\"M500 975V858C696 858 858 696 858 500S696 142 500 142 142 304 142 500H25C25 237 238 25 500 25S975 237 975 500 763 975 500 975Z\"><\/path><\/svg>\t\t\t<\/div>\n\t\t<\/div>\n\t\t\t\t\t\t<\/div>\n\t\t\t\t<\/div>\n\t\t\t\t<\/div>\n\t\t<div class=\"elementor-element elementor-element-7971a48 e-con-full box-toc e-flex e-con e-child\" data-id=\"7971a48\" data-element_type=\"container\">\n\t\t\t\t<div class=\"elementor-element elementor-element-bff49cb contenuto-toc elementor-widget elementor-widget-text-editor\" data-id=\"bff49cb\" data-element_type=\"widget\" data-widget_type=\"text-editor.default\">\n\t\t\t\t\t\t\t\t\t<h4><strong class=\"text-dark-grey\">1. Dati personali che si acquisiscono<\/strong><\/h4><div class=\"pb-4 p-li\"><p>Per \u201cdato personale\u201d si intende qualunque informazione relativa ad una persona o ad un ente che ne permette l&#8217;identificazione anche indirettamente, quali il suo nome, l&#8217;et\u00e0, il numero di telefono, l&#8217;indirizzo postale o elettronico.<\/p><p>\u00a0<\/p><p>Generalmente i dati che vengono richiesti sono:<\/p><p>\u00a0<\/p><ul><li>L&#8217;indirizzo (compreso quello di posta elettronica), il nome e cognome, la ragione sociale e la denominazione della ditta o della associazione, la partita IVA e il codice fiscale, i numeri di telefono e di fax.<\/li><li>I sistemi informatici e le relative procedure software preposte al funzionamento del sito web di FAVERO acquisiscono alcuni dati personali per ricavare delle statistiche anonime sull&#8217;uso dello stesso e per controllarne il corretto funzionamento. Questi dati potrebbero, tramite elaborazioni ed associazioni con informazioni detenute da terzi, permettere l&#8217;identificazione; per evitare tale evenienza, essi verranno cancellati subito dopo l&#8217;elaborazione, persistendo al pi\u00f9 7 (sette) giorni, salvo l&#8217;accertamento di responsabilit\u00e0 in caso di possibili reati informatici ai danni del sito.<\/li><\/ul><\/div><h4><strong class=\"text-dark-grey\"><span id=\"1\" class=\"anchor-point\"><\/span>2. Titolare del trattamento dei dati personali<\/strong><\/h4><div class=\"pb-4 p-li\"><p>Il Titolare del trattamento dei dati personali \u00e8:<\/p><p>\u00a0<\/p><p><strong>FAVERO ELECTRONICS Srl<\/strong><br \/>\u00a0<\/p><p>Partita Iva 04703130262 &#8211; Codice Fiscale 04703130262<br \/>Sede legale: via Ruggero Lombardi, 64 &#8211; 31030 Arcade (Treviso) ITALIA<\/p><p>\u00a0<\/p><p>In ogni momento l\u2019utente pu\u00f2 richiedere a FAVERO i riferimenti delle persone che sono preposte e incaricate al trattamento dei dati personali, le quali sono dipendenti della societ\u00e0.<\/p><\/div><h4><strong class=\"text-dark-grey\"><span id=\"2\" class=\"anchor-point\"><\/span>3. Perch\u00e9 si raccolgono i dati personali<\/strong><\/h4><div class=\"pb-4 p-li\"><p>FAVERO raccoglie, mantiene e tratta i dati personali per le seguenti finalit\u00e0:<\/p><p>\u00a0<\/p><ul><li>adempiere agli obblighi derivanti da qualsiasi contratto concluso con il cliente;<\/li><li>fornire l\u2019assistenza e consulenza rispondendo alle richieste dell\u2019utente;<\/li><li>dare informazioni sui prodotti distribuiti attraverso il sito ed i servizi pi\u00f9 recenti;<\/li><li>valutare richieste di collaborazioni.<\/li><\/ul><\/div><h4><strong class=\"text-dark-grey\"><span id=\"3\" class=\"anchor-point\"><\/span>4. Come si raccolgono i dati personali<\/strong><\/h4><div class=\"pb-4 p-li\"><p>I dati personali vengono acquisiti essenzialmente attraverso moduli informatici e durante le comunicazioni telematiche con cui viene effettuato un ordine o una richiesta di assistenza; queste informazioni potranno essere associate a quelle fornite telefonicamente o quando viene visitato lo stand di FAVERO in una esposizione.<\/p><\/div><h4><strong class=\"text-dark-grey\"><span id=\"4\" class=\"anchor-point\"><\/span>5. Dove vengono trattati i dati<\/strong><\/h4><div class=\"pb-4 p-li\"><p>Il trattamento dei dati personali ha luogo nella seguente sede legale di<br \/><strong>FAVERO ELECTRONICS Srl<\/strong><br \/>Sede legale: via Ruggero Lombardi, 64 &#8211; 31030 Arcade (Treviso) ITALIA<\/p><\/div><h4><strong class=\"text-dark-grey\"><span id=\"5\" class=\"anchor-point\"><\/span>6. Come si trattano i dati<\/strong><\/h4><div class=\"pb-4 p-li\"><p>I dati vengono trattati principalmente mediante strumenti elettronici e memorizzati su supporti informatici, cartacei o di altro tipo, sempre rispettando le misure di sicurezza indicate dalla legge.<\/p><\/div><h4><strong class=\"text-dark-grey\"><span id=\"6\" class=\"anchor-point\"><\/span>7. Quando possono essere divulgati i dati<\/strong><\/h4><div class=\"pb-4 p-li\"><p>I dati personali non possono mai essere divulgati senza il consenso dell\u2019utente, ad eccezione dei seguenti casi:<\/p><p>\u00a0<\/p><ul><li>Per effettuare attivit\u00e0 per conto suo, quali l&#8217;esecuzione degli ordini, la consegna della merce, l&#8217;invio di posta o di e-mail e per l&#8217;elaborazione dei pagamenti, FAVERO comunicher\u00e0 i dati sia ai suoi incaricati, sia a terzi o societ\u00e0 che non potranno utilizzarli per altri scopi e li dovranno trattare in conformit\u00e0 alla legge (es. imprese di trasporto, istituti bancari, compagnie assicurative, professionisti terzi, ecc.).<\/li><li>Per adempiere ad obblighi di legge a cui la societ\u00e0 \u00e8 soggetta.<\/li><\/ul><\/div><h4><strong class=\"text-dark-grey\"><span id=\"7\" class=\"anchor-point\"><\/span>8. La sicurezza dei dati raccolti<\/strong><\/h4><div class=\"pb-4 p-li\"><p>FAVERO intende proteggere i dati personali e mantenerne la qualit\u00e0, compiendo ogni ragionevole sforzo per adottare tutte le misure, precauzioni e tecniche adeguate per assicurarne la sicurezza e la protezione da accessi, trattamenti, alterazioni e distruzioni non autorizzati o contrarie alla legge. A tale scopo FAVERO:<\/p><p>\u00a0<\/p><ul><li>limita l&#8217;accesso ai dati, lasciandoli accessibili solo ai dipendenti a cui serviranno per fornire dei servizi;<\/li><li>dota l\u2019utente di una password per accedere al suo account.<\/li><\/ul><\/div><h4><strong class=\"text-dark-grey\"><span id=\"8\" class=\"anchor-point\"><\/span>9. Conservazione dei dati<\/strong><\/h4><div class=\"pb-4 p-li\"><p>Dati dell\u2019account: FAVERO conserva i dati necessari alla gestione dell\u2019account finch\u00e9 l\u2019account rimane<br \/>attivo e, in assenza di accessi, per un massimo di 24 mesi dall\u2019ultimo accesso.<br \/><br \/>Dati di pagamento: i dati relativi al metodo di pagamento sono trattati solo per finalizzare l\u2019acquisto e<br \/>gestire eventuali contestazioni; vengono cancellati o anonimizzati entro 24 mesi dalla transazione.<br \/><br \/>Dati fiscali e di fatturazione: i documenti contabili collegati agli acquisti sono conservati per 10 anni in<br \/>ottemperanza all\u2019art. 2220 del Codice Civile.<\/p><\/div><h4><strong class=\"text-dark-grey\"><span id=\"9\" class=\"anchor-point\"><\/span>10. Facoltativit\u00e0 del conferimento dei dati<\/strong><\/h4><div class=\"pb-4 p-li\"><p>In generale, l\u2019utente pu\u00f2 visitare il sito web di FAVERO liberamente e senza dover fornire alcun dato personale; tuttavia, il mancato inserimento di questi nei form di richiesta, pu\u00f2 impedire di vendere il prodotto, l&#8217;invio di materiale informativo o di altre comunicazioni.<\/p><\/div><h4><strong class=\"text-dark-grey\"><span id=\"10\" class=\"anchor-point\"><\/span>11. Accesso ai dati personali<\/strong><\/h4><div class=\"pb-4 p-li\"><p>L\u2019utente ha diritto di avere accesso ai suoi dati personali, di aggiornarli, di rettificarne o eliminarne le inesattezze e di opporsi al loro trattamento, anche solo di una loro parte: a tale scopo pu\u00f2 contattare direttamente FAVERO per posta elettronica o telefono fornendo, per ragioni di privacy, alcuni dati di identificazione. Sar\u00e0 cura della societ\u00e0 avvertire di tali operazioni, per quanto possibile, le persone alle quali i dati sono stati comunicati o diffusi e darne riscontro all\u2019utente.<\/p><p>\u00a0<\/p><p>Su richiesta dell\u2019utente, egli potr\u00e0 ricevere una descrizione riguardante il trattamento dei suoi dati personali.<\/p><p>\u00a0<\/p><p>Se non vorr\u00e0 pi\u00f9 ricevere e-mail con informazioni sui prodotti di FAVERO, potr\u00e0 agire sull\u2019opzione di cancellazione inserita nella stessa e-mail.<\/p><\/div><h4><strong class=\"text-dark-grey\"><span id=\"11\" class=\"anchor-point\"><\/span>12. Collegamenti ad altri siti<\/strong><\/h4><div class=\"pb-4 p-li\"><p>Nel sito esistono link ad altri siti web; anche se FAVERO cerca di dare i riferimenti solo di siti che adottano standard elevati in materia di gestione dei dati personali, la societ\u00e0 declina ogni responsabilit\u00e0 in relazione al contenuto, alla sicurezza e alle misure di privacy di tali siti.<\/p><\/div><h4><strong class=\"text-dark-grey\"><span id=\"12\" class=\"anchor-point\"><\/span>13. Privacy dei bambini<\/strong><\/h4><div class=\"pb-4 p-li\"><p>Non vengono raccolti intenzionalmente dati personali di bambini (fino a 14 anni compresi) e non vengono commercializzati i prodotti di FAVERO ai bambini; se la societ\u00e0 si dovesse accorgere di ci\u00f2, provveder\u00e0 ad eliminare quanto prima tali dati e far\u00e0 ogni sforzo per impedire che possano essere utilizzati o divulgati a terzi.<\/p><\/div><h4><strong class=\"text-dark-grey\"><span id=\"13\" class=\"anchor-point\"><\/span>14. Contatti<\/strong><\/h4><div class=\"pb-4 p-li\"><p>Per ulteriore assistenza o per osservazioni l\u2019utente \u00e8 invitato ad inviare una e-mail a favero@favero.com.<\/p><\/div><h4><strong class=\"text-dark-grey\"><span id=\"14\" class=\"anchor-point\"><\/span>15. Uso dei cookies<\/strong><\/h4><div class=\"pb-4 p-li\"><p>Per ulteriore assistenza o per osservazioni l\u2019utente \u00e8 invitato ad inviare una e-mail a favero@favero.com.<\/p><\/div>\t\t\t\t\t\t\t\t<\/div>\n\t\t\t\t<\/div>\n\t\t\t\t<\/div>\n\t\t\t\t\t<\/div>\n\t\t\t\t<\/div>\n\t\t\t\t<\/div>\n\t\t","protected":false},"excerpt":{"rendered":"<p>Condizioni sulla Privacy In questa pagina si offre l\u2019informativa generale relativa al trattamento dei dati personali degli utenti che consultano il sito cycling.favero.com,\u00a0gestito e mantenuto dalla Societ\u00e0 \u00a0 FAVERO ELECTRONICS Srl \u00a0 Partita Iva 04703130262 &#8211; Codice Fiscale 04703130262Sede legale: via Ruggero Lombardi, 64 &#8211; 31030 Arcade (Treviso) ITALIA \u00a0 indicata successivamente come FAVERO. \u00a0 [&hellip;]<\/p>\n","protected":false},"author":2,"featured_media":0,"parent":0,"menu_order":0,"comment_status":"closed","ping_status":"closed","template":"","meta":{"_acf_changed":false,"footnotes":""},"class_list":["post-7107","page","type-page","status-publish","hentry"],"acf":[],"yoast_head":"<!-- This site is optimized with the Yoast SEO plugin v25.5 - https:\/\/yoast.com\/wordpress\/plugins\/seo\/ -->\n<title>Privacy Policy - Favero Cycling<\/title>\n<meta name=\"robots\" content=\"noindex, follow, max-snippet:-1, max-image-preview:large, max-video-preview:-1\" \/>\n<meta property=\"og:locale\" content=\"it_IT\" \/>\n<meta property=\"og:type\" content=\"article\" \/>\n<meta property=\"og:title\" content=\"Privacy Policy - Favero Cycling\" \/>\n<meta property=\"og:description\" content=\"Condizioni sulla Privacy In questa pagina si offre l\u2019informativa generale relativa al trattamento dei dati personali degli utenti che consultano il sito cycling.favero.com,\u00a0gestito e mantenuto dalla Societ\u00e0 \u00a0 FAVERO ELECTRONICS Srl \u00a0 Partita Iva 04703130262 &#8211; Codice Fiscale 04703130262Sede legale: via Ruggero Lombardi, 64 &#8211; 31030 Arcade (Treviso) ITALIA \u00a0 indicata successivamente come FAVERO. \u00a0 [&hellip;]\" \/>\n<meta property=\"og:url\" content=\"https:\/\/favero-dev.calicantus.works\/it\/privacy-policy\/\" \/>\n<meta property=\"og:site_name\" content=\"Favero Cycling\" \/>\n<meta property=\"article:modified_time\" content=\"2025-11-20T08:54:40+00:00\" \/>\n<meta name=\"twitter:card\" content=\"summary_large_image\" \/>\n<meta name=\"twitter:label1\" content=\"Tempo di lettura stimato\" \/>\n\t<meta name=\"twitter:data1\" content=\"7 minuto\" \/>\n<script type=\"application\/ld+json\" class=\"yoast-schema-graph\">{\"@context\":\"https:\/\/schema.org\",\"@graph\":[{\"@type\":\"WebPage\",\"@id\":\"https:\/\/favero-dev.calicantus.works\/it\/privacy-policy\/\",\"url\":\"https:\/\/favero-dev.calicantus.works\/it\/privacy-policy\/\",\"name\":\"Privacy Policy - Favero Cycling\",\"isPartOf\":{\"@id\":\"https:\/\/favero-dev.calicantus.works\/it\/#website\"},\"datePublished\":\"2025-11-19T14:45:18+00:00\",\"dateModified\":\"2025-11-20T08:54:40+00:00\",\"breadcrumb\":{\"@id\":\"https:\/\/favero-dev.calicantus.works\/it\/privacy-policy\/#breadcrumb\"},\"inLanguage\":\"it-IT\",\"potentialAction\":[{\"@type\":\"ReadAction\",\"target\":[\"https:\/\/favero-dev.calicantus.works\/it\/privacy-policy\/\"]}]},{\"@type\":\"BreadcrumbList\",\"@id\":\"https:\/\/favero-dev.calicantus.works\/it\/privacy-policy\/#breadcrumb\",\"itemListElement\":[{\"@type\":\"ListItem\",\"position\":1,\"name\":\"Home\",\"item\":\"https:\/\/favero-dev.calicantus.works\/it\/\"},{\"@type\":\"ListItem\",\"position\":2,\"name\":\"Privacy Policy\"}]},{\"@type\":\"WebSite\",\"@id\":\"https:\/\/favero-dev.calicantus.works\/it\/#website\",\"url\":\"https:\/\/favero-dev.calicantus.works\/it\/\",\"name\":\"Favero Cycling\",\"description\":\"Misuratore di Potenza Ciclismo | Favero Assioma\",\"publisher\":{\"@id\":\"https:\/\/favero-dev.calicantus.works\/it\/#organization\"},\"potentialAction\":[{\"@type\":\"SearchAction\",\"target\":{\"@type\":\"EntryPoint\",\"urlTemplate\":\"https:\/\/favero-dev.calicantus.works\/it\/?s={search_term_string}\"},\"query-input\":{\"@type\":\"PropertyValueSpecification\",\"valueRequired\":true,\"valueName\":\"search_term_string\"}}],\"inLanguage\":\"it-IT\"},{\"@type\":\"Organization\",\"@id\":\"https:\/\/favero-dev.calicantus.works\/it\/#organization\",\"name\":\"Favero Cycling\",\"url\":\"https:\/\/favero-dev.calicantus.works\/it\/\",\"logo\":{\"@type\":\"ImageObject\",\"inLanguage\":\"it-IT\",\"@id\":\"https:\/\/favero-dev.calicantus.works\/it\/#\/schema\/logo\/image\/\",\"url\":\"https:\/\/favero-dev.calicantus.works\/wp-content\/uploads\/2025\/06\/Logo-favero-nero.svg\",\"contentUrl\":\"https:\/\/favero-dev.calicantus.works\/wp-content\/uploads\/2025\/06\/Logo-favero-nero.svg\",\"width\":120,\"height\":38,\"caption\":\"Favero Cycling\"},\"image\":{\"@id\":\"https:\/\/favero-dev.calicantus.works\/it\/#\/schema\/logo\/image\/\"}}]}<\/script>\n<!-- \/ Yoast SEO plugin. -->","yoast_head_json":{"title":"Privacy Policy - Favero Cycling","robots":{"index":"noindex","follow":"follow","max-snippet":"max-snippet:-1","max-image-preview":"max-image-preview:large","max-video-preview":"max-video-preview:-1"},"og_locale":"it_IT","og_type":"article","og_title":"Privacy Policy - Favero Cycling","og_description":"Condizioni sulla Privacy In questa pagina si offre l\u2019informativa generale relativa al trattamento dei dati personali degli utenti che consultano il sito cycling.favero.com,\u00a0gestito e mantenuto dalla Societ\u00e0 \u00a0 FAVERO ELECTRONICS Srl \u00a0 Partita Iva 04703130262 &#8211; Codice Fiscale 04703130262Sede legale: via Ruggero Lombardi, 64 &#8211; 31030 Arcade (Treviso) ITALIA \u00a0 indicata successivamente come FAVERO. \u00a0 [&hellip;]","og_url":"https:\/\/favero-dev.calicantus.works\/it\/privacy-policy\/","og_site_name":"Favero Cycling","article_modified_time":"2025-11-20T08:54:40+00:00","twitter_card":"summary_large_image","twitter_misc":{"Tempo di lettura stimato":"7 minuto"},"schema":{"@context":"https:\/\/schema.org","@graph":[{"@type":"WebPage","@id":"https:\/\/favero-dev.calicantus.works\/it\/privacy-policy\/","url":"https:\/\/favero-dev.calicantus.works\/it\/privacy-policy\/","name":"Privacy Policy - Favero Cycling","isPartOf":{"@id":"https:\/\/favero-dev.calicantus.works\/it\/#website"},"datePublished":"2025-11-19T14:45:18+00:00","dateModified":"2025-11-20T08:54:40+00:00","breadcrumb":{"@id":"https:\/\/favero-dev.calicantus.works\/it\/privacy-policy\/#breadcrumb"},"inLanguage":"it-IT","potentialAction":[{"@type":"ReadAction","target":["https:\/\/favero-dev.calicantus.works\/it\/privacy-policy\/"]}]},{"@type":"BreadcrumbList","@id":"https:\/\/favero-dev.calicantus.works\/it\/privacy-policy\/#breadcrumb","itemListElement":[{"@type":"ListItem","position":1,"name":"Home","item":"https:\/\/favero-dev.calicantus.works\/it\/"},{"@type":"ListItem","position":2,"name":"Privacy Policy"}]},{"@type":"WebSite","@id":"https:\/\/favero-dev.calicantus.works\/it\/#website","url":"https:\/\/favero-dev.calicantus.works\/it\/","name":"Favero Cycling","description":"Misuratore di Potenza Ciclismo | Favero Assioma","publisher":{"@id":"https:\/\/favero-dev.calicantus.works\/it\/#organization"},"potentialAction":[{"@type":"SearchAction","target":{"@type":"EntryPoint","urlTemplate":"https:\/\/favero-dev.calicantus.works\/it\/?s={search_term_string}"},"query-input":{"@type":"PropertyValueSpecification","valueRequired":true,"valueName":"search_term_string"}}],"inLanguage":"it-IT"},{"@type":"Organization","@id":"https:\/\/favero-dev.calicantus.works\/it\/#organization","name":"Favero Cycling","url":"https:\/\/favero-dev.calicantus.works\/it\/","logo":{"@type":"ImageObject","inLanguage":"it-IT","@id":"https:\/\/favero-dev.calicantus.works\/it\/#\/schema\/logo\/image\/","url":"https:\/\/favero-dev.calicantus.works\/wp-content\/uploads\/2025\/06\/Logo-favero-nero.svg","contentUrl":"https:\/\/favero-dev.calicantus.works\/wp-content\/uploads\/2025\/06\/Logo-favero-nero.svg","width":120,"height":38,"caption":"Favero Cycling"},"image":{"@id":"https:\/\/favero-dev.calicantus.works\/it\/#\/schema\/logo\/image\/"}}]}},"_links":{"self":[{"href":"https:\/\/favero-dev.calicantus.works\/it\/wp-json\/wp\/v2\/pages\/7107","targetHints":{"allow":["GET"]}}],"collection":[{"href":"https:\/\/favero-dev.calicantus.works\/it\/wp-json\/wp\/v2\/pages"}],"about":[{"href":"https:\/\/favero-dev.calicantus.works\/it\/wp-json\/wp\/v2\/types\/page"}],"author":[{"embeddable":true,"href":"https:\/\/favero-dev.calicantus.works\/it\/wp-json\/wp\/v2\/users\/2"}],"replies":[{"embeddable":true,"href":"https:\/\/favero-dev.calicantus.works\/it\/wp-json\/wp\/v2\/comments?post=7107"}],"version-history":[{"count":4,"href":"https:\/\/favero-dev.calicantus.works\/it\/wp-json\/wp\/v2\/pages\/7107\/revisions"}],"predecessor-version":[{"id":7304,"href":"https:\/\/favero-dev.calicantus.works\/it\/wp-json\/wp\/v2\/pages\/7107\/revisions\/7304"}],"wp:attachment":[{"href":"https:\/\/favero-dev.calicantus.works\/it\/wp-json\/wp\/v2\/media?parent=7107"}],"curies":[{"name":"wp","href":"https:\/\/api.w.org\/{rel}","templated":true}]}}