{"id":7106,"date":"2025-11-19T15:45:18","date_gmt":"2025-11-19T14:45:18","guid":{"rendered":"https:\/\/favero-dev.calicantus.works\/privacy-policy\/"},"modified":"2025-11-20T09:52:09","modified_gmt":"2025-11-20T08:52:09","slug":"privacy-policy","status":"publish","type":"page","link":"https:\/\/favero-dev.calicantus.works\/fr\/privacy-policy\/","title":{"rendered":"Privacy Policy"},"content":{"rendered":"\t\t<div data-elementor-type=\"wp-page\" data-elementor-id=\"7106\" class=\"elementor elementor-7106 elementor-7101\" data-elementor-post-type=\"page\">\n\t\t\t\t<div class=\"elementor-element elementor-element-0e6e26a e-flex e-con-boxed e-con e-parent\" data-id=\"0e6e26a\" data-element_type=\"container\" data-settings=\"{&quot;background_background&quot;:&quot;classic&quot;}\">\n\t\t\t\t\t<div class=\"e-con-inner\">\n\t\t<div class=\"elementor-element elementor-element-4d589a7 e-con-full  hover-blu e-flex e-con e-child\" data-id=\"4d589a7\" data-element_type=\"container\">\n\t\t\t\t<div class=\"elementor-element elementor-element-a16eebc elementor-align-left elementor-widget elementor-widget-breadcrumbs\" data-id=\"a16eebc\" data-element_type=\"widget\" data-widget_type=\"breadcrumbs.default\">\n\t\t\t\t\t<p id=\"breadcrumbs\"><span><span><a href=\"https:\/\/favero-dev.calicantus.works\/fr\/\">Home<\/a><\/span><\/span><\/p>\t\t\t\t<\/div>\n\t\t\t\t<div class=\"elementor-element elementor-element-c292f05 elementor-widget elementor-widget-heading\" data-id=\"c292f05\" data-element_type=\"widget\" data-widget_type=\"heading.default\">\n\t\t\t\t\t<h1 class=\"elementor-heading-title elementor-size-default\">Politique de confidentialit\u00e9<\/h1>\t\t\t\t<\/div>\n\t\t\t\t<div class=\"elementor-element elementor-element-04b460c elementor-widget elementor-widget-text-editor\" data-id=\"04b460c\" data-element_type=\"widget\" data-widget_type=\"text-editor.default\">\n\t\t\t\t\t\t\t\t\t<div class=\"p.small\"><p><span lang=\"FR\">Cette page contient la d\u00e9claration g\u00e9n\u00e9rale concernant le traitement des donn\u00e9es personnelles des visiteurs du site cycling.favero.com, g\u00e9r\u00e9 et tenu \u00e0 jour par la soci\u00e9t\u00e9<\/span><\/p><p>\u00a0<\/p><p><strong>FAVERO ELECTRONICS Srl TVA n\u00ba 04703130262 &#8211; NIF 04703130262<\/strong><\/p><p>\u00a0<\/p><p>Si\u00e8ge statutaire : via Ruggero Lombardi, 64 &#8211; 31030 Arcade (Treviso) ITALIA<\/p><p>\u00a0<\/p><p><span lang=\"FR\">ci-apr\u00e8s d\u00e9nomm\u00e9e FAVERO.<\/span><\/p><p>\u00a0<\/p><p><span lang=\"FR\">La version originale de la d\u00e9claration suivante est r\u00e9dig\u00e9e en italien. En cas de divergence entre la version originale et la traduction dans les diff\u00e9rentes langues mises \u00e0 disposition sur le site cycling.favero.com, le texte original italien fait foi.<\/span><\/p><p>\u00a0<\/p><p><span lang=\"FR\">Conform\u00e9ment \u00e0 D\u00e9cret L\u00e9gislatif n\u00ba\u00a0<\/span>101\/2018\u00a0\u00a0(UE GDPR &#8211; 2016\/679)<span lang=\"FR\">, FAVERO fournit les informations n\u00e9cessaires concernant les modes de traitement des donn\u00e9es des personnes qui interagissent avec le site cycling.favero.com et, en particulier :<\/span><\/p><p>\u00a0<\/p><ul><li><span lang=\"FR\">sur le type de donn\u00e9es que FAVERO peut collecter et traiter ;<\/span><\/li><li><span lang=\"FR\">sur les modes de traitement et les entit\u00e9s avec lesquelles les donn\u00e9es peuvent \u00eatre partag\u00e9es.<\/span><\/li><\/ul><p>\u00a0<\/p><p><span lang=\"FR\">Par ailleurs, ces informations indiquent aussi comment contacter FAVERO pour demander des renseignements sur le traitement des donn\u00e9es personnelles.<\/span><\/p><\/div>\t\t\t\t\t\t\t\t<\/div>\n\t\t\t\t<\/div>\n\t\t<div class=\"elementor-element elementor-element-39e3614 e-con-full e-flex e-con e-child\" data-id=\"39e3614\" data-element_type=\"container\">\n\t\t<div class=\"elementor-element elementor-element-bb48983 e-con-full e-flex e-con e-child\" data-id=\"bb48983\" data-element_type=\"container\">\n\t\t<div class=\"elementor-element elementor-element-a3a90c4 e-con-full e-flex e-con e-child\" data-id=\"a3a90c4\" data-element_type=\"container\" data-settings=\"{&quot;background_background&quot;:&quot;classic&quot;}\">\n\t\t\t\t<div class=\"elementor-element elementor-element-98a50d0 space-indice index-condition elementor-widget elementor-widget-table-of-contents\" data-id=\"98a50d0\" data-element_type=\"widget\" data-settings=\"{&quot;marker_view&quot;:&quot;bullets&quot;,&quot;no_headings_message&quot;:&quot;nessun indice&quot;,&quot;min_height&quot;:{&quot;unit&quot;:&quot;px&quot;,&quot;size&quot;:0,&quot;sizes&quot;:[]},&quot;container&quot;:&quot;.box-toc&quot;,&quot;headings_by_tags&quot;:[&quot;h2&quot;,&quot;h3&quot;,&quot;h4&quot;,&quot;h5&quot;,&quot;h6&quot;],&quot;icon&quot;:{&quot;value&quot;:&quot;fas fa-circle&quot;,&quot;library&quot;:&quot;fa-solid&quot;,&quot;rendered_tag&quot;:&quot;&lt;svg class=\\&quot;e-font-icon-svg e-fas-circle\\&quot; viewBox=\\&quot;0 0 512 512\\&quot; xmlns=\\&quot;http:\\\/\\\/www.w3.org\\\/2000\\\/svg\\&quot;&gt;&lt;path d=\\&quot;M256 8C119 8 8 119 8 256s111 248 248 248 248-111 248-248S393 8 256 8z\\&quot;&gt;&lt;\\\/path&gt;&lt;\\\/svg&gt;&quot;},&quot;min_height_tablet&quot;:{&quot;unit&quot;:&quot;px&quot;,&quot;size&quot;:&quot;&quot;,&quot;sizes&quot;:[]},&quot;min_height_mobile_extra&quot;:{&quot;unit&quot;:&quot;px&quot;,&quot;size&quot;:&quot;&quot;,&quot;sizes&quot;:[]},&quot;min_height_mobile&quot;:{&quot;unit&quot;:&quot;px&quot;,&quot;size&quot;:&quot;&quot;,&quot;sizes&quot;:[]}}\" data-widget_type=\"table-of-contents.default\">\n\t\t\t\t\t\t\t<div class=\"elementor-toc__header\">\n\t\t\t<h4 class=\"elementor-toc__header-title\">\n\t\t\t\tINDEX\t\t\t<\/h4>\n\t\t\t\t\t<\/div>\n\t\t<div id=\"elementor-toc__98a50d0\" class=\"elementor-toc__body\">\n\t\t\t<div class=\"elementor-toc__spinner-container\">\n\t\t\t\t<svg class=\"elementor-toc__spinner eicon-animation-spin e-font-icon-svg e-eicon-loading\" aria-hidden=\"true\" viewBox=\"0 0 1000 1000\" xmlns=\"http:\/\/www.w3.org\/2000\/svg\"><path d=\"M500 975V858C696 858 858 696 858 500S696 142 500 142 142 304 142 500H25C25 237 238 25 500 25S975 237 975 500 763 975 500 975Z\"><\/path><\/svg>\t\t\t<\/div>\n\t\t<\/div>\n\t\t\t\t\t\t<\/div>\n\t\t\t\t<\/div>\n\t\t\t\t<\/div>\n\t\t<div class=\"elementor-element elementor-element-7971a48 e-con-full box-toc e-flex e-con e-child\" data-id=\"7971a48\" data-element_type=\"container\">\n\t\t\t\t<div class=\"elementor-element elementor-element-bff49cb contenuto-toc elementor-widget elementor-widget-text-editor\" data-id=\"bff49cb\" data-element_type=\"widget\" data-widget_type=\"text-editor.default\">\n\t\t\t\t\t\t\t\t\t<h4><strong class=\"text-dark-grey\">1. Donn\u00e9es personnelles que nous collectons<\/strong><\/h4><div class=\"pb-4 p-li\"><p><span lang=\"FR\">On entend par \u00ab donn\u00e9e personnelle \u00bb toute information concernant une personne ou un organisme permettant son identification, m\u00eame indirectement, telles que son nom, \u00e2ge, num\u00e9ro de t\u00e9l\u00e9phone, adresse postale ou courrier \u00e9lectronique.<\/span><\/p><p>\u00a0<\/p><p><span lang=\"FR\">G\u00e9n\u00e9ralement, les donn\u00e9es demand\u00e9es sont :<\/span><\/p><p>\u00a0<\/p><ul><li><span lang=\"FR\">L&rsquo;adresse (y compris l&rsquo;adresse e-mail), le nom et pr\u00e9nom, la raison sociale et la d\u00e9nomination de la soci\u00e9t\u00e9 ou de l&rsquo;association, le num\u00e9ro d&rsquo;immatriculation \u00e0 la TVA et le num\u00e9ro d&rsquo;identification fiscale, les num\u00e9ros de t\u00e9l\u00e9phone et de fax.<\/span><\/li><li><span lang=\"FR\">Les syst\u00e8mes informatiques et les proc\u00e9dures logicielles correspondantes pr\u00e9vues pour le fonctionnement du site internet de FAVERO collectent certaines donn\u00e9es \u00e0 caract\u00e8re personnel pour \u00e9tablir des statistiques anonymes sur l&rsquo;utilisation du site et pour v\u00e9rifier son bon fonctionnement. Ces donn\u00e9es pourraient, \u00e0 travers des traitements de donn\u00e9es et des associations \u00e0 des informations de tiers, permettre l&rsquo;identification des utilisateurs. Pour \u00e9viter ce risque, elles seront supprim\u00e9es imm\u00e9diatement apr\u00e8s le traitement, en restant au maximum 7 (sept) jours, sauf pour l\u2019\u00e9tablissement de responsabilit\u00e9s en cas de cybercriminalit\u00e9 au d\u00e9triment du site.<\/span><\/li><\/ul><\/div><h4><strong class=\"text-dark-grey\"><span id=\"1\" class=\"anchor-point\"><\/span>2. Titulaire du traitement des donn\u00e9es personnelles<\/strong><\/h4><div class=\"pb-4 p-li\"><p><span lang=\"FR\">Le titulaire du traitement des donn\u00e9es personnelles est :<\/span><\/p><p>\u00a0<\/p><p><strong>FAVERO ELECTRONICS Srl<\/strong><br \/>TVA n\u00ba 04703130262 &#8211; NIF 04703130262<br \/>Si\u00e8ge statutaire : via Ruggero Lombardi, 64 &#8211; 31030 Arcade (Treviso) ITALIA<\/p><p>\u00a0<\/p><p><span lang=\"FR\">L&rsquo;utilisateur peut \u00e0 tout moment demander \u00e0 FAVERO les coordonn\u00e9es des personnes charg\u00e9es du traitement des donn\u00e9es personnelles, qui sont employ\u00e9es par la soci\u00e9t<\/span><\/p><\/div><h4><strong class=\"text-dark-grey\"><span id=\"2\" class=\"anchor-point\"><\/span>3. Pourquoi collectons-nous les donn\u00e9es personnelles<\/strong><\/h4><div class=\"pb-4 p-li\"><p><span lang=\"FR\">FAVERO collecte, stocke et traite les donn\u00e9es personnelles dans les buts suivants :<\/span><\/p><p>\u00a0<\/p><ul><li><span lang=\"FR\">s&rsquo;acquitter des obligations d\u00e9rivant de tout contrat conclu avec le client ;<\/span><\/li><li><span lang=\"FR\">fournir une assistance et des conseils r\u00e9pondant aux requ\u00eates de l&rsquo;utilisateur ;<\/span><\/li><li><span lang=\"FR\">donner des informations sur les produits vendus \u00e0 travers le site et les services les plus r\u00e9cents ;<\/span><\/li><li><span lang=\"FR\">\u00e9valuer des demandes de coop\u00e9ration.<\/span><\/li><\/ul><\/div><h4><strong class=\"text-dark-grey\"><span id=\"3\" class=\"anchor-point\"><\/span>4. Comment collectons-nous les donn\u00e9es personnelles<\/strong><\/h4><div class=\"pb-4 p-li\"><p><span lang=\"FR\">Les donn\u00e9es sont collect\u00e9es principalement \u00e0 travers des formulaires informatiques et au cours des communications t\u00e9l\u00e9matiques \u00e9chang\u00e9es pour effectuer une commande ou demander de l\u2019aide. Ces informations pourront \u00eatre associ\u00e9es \u00e0 celles fournies par t\u00e9l\u00e9phone ou au cours d&rsquo;une visite au stand de FAVERO \u00e0 l&rsquo;occasion d&rsquo;une exposition.<\/span><\/p><\/div><h4><strong class=\"text-dark-grey\"><span id=\"4\" class=\"anchor-point\"><\/span>5. O\u00f9 traitons-nous les donn\u00e9es<\/strong><\/h4><div class=\"pb-4 p-li\"><p><span lang=\"FR\">Le traitement des donn\u00e9es personnelles se fait aupr\u00e8s du si\u00e8ge statutaire de FAVERO ELECTRONICS Srl Si\u00e8ge statutaire : via Ruggero Lombardi, 64 &#8211; 31030 Arcade (Treviso) ITALIA<\/span><\/p><\/div><h4><strong class=\"text-dark-grey\"><span id=\"5\" class=\"anchor-point\"><\/span>6. Comment traitons-nous les donn\u00e9es<\/strong><\/h4><div class=\"pb-4 p-li\"><p><span lang=\"FR\">Les donn\u00e9es sont trait\u00e9es principalement \u00e0 travers des outils \u00e9lectroniques et sauvegard\u00e9es sous forme informatis\u00e9e, imprim\u00e9e ou sous toute autre forme, tout en respectant les mesures de s\u00e9curit\u00e9 pr\u00e9vues par la loi.<\/span><\/p><\/div><h4><strong class=\"text-dark-grey\"><span id=\"6\" class=\"anchor-point\"><\/span>7. Quand pouvons-nous divulguer les donn\u00e9es<\/strong><\/h4><div class=\"pb-4 p-li\"><p><span lang=\"FR\">Les donn\u00e9es personnelles ne peuvent jamais \u00eatre divulgu\u00e9es sans l&rsquo;autorisation de l&rsquo;utilisateur, except\u00e9 dans les cas suivants :<\/span><\/p><p>\u00a0<\/p><ul><li><span lang=\"FR\">Pour effectuer des op\u00e9rations au nom de l\u2019utilisateur, telles que l&rsquo;ex\u00e9cution des commandes, la livraison des marchandises, l&rsquo;envoi de courrier ou de mails et pour effectuer des paiements, FAVERO communiquera les donn\u00e9es \u00e0 ses responsables, ainsi qu&rsquo;\u00e0 des tiers ou \u00e0 des soci\u00e9t\u00e9s qui ne pourront les utiliser dans d&rsquo;autres buts et qui devront les traiter conform\u00e9ment \u00e0 la loi (par exemple, des soci\u00e9t\u00e9s de transport, banques, compagnies d&rsquo;assurance, tiers professionnels, etc.) ;<\/span><\/li><li><span lang=\"FR\">Pour s&rsquo;acquitter des obligations l\u00e9gales auxquelles la soci\u00e9t\u00e9 est soumise.<\/span><\/li><\/ul><\/div><h4><strong class=\"text-dark-grey\"><span id=\"7\" class=\"anchor-point\"><\/span>8. La s\u00e9curit\u00e9 des donn\u00e9es collect\u00e9es<\/strong><\/h4><div class=\"pb-4 p-li\"><p><span lang=\"FR\">Pour prot\u00e9ger les donn\u00e9es personnelles et pr\u00e9server leur qualit\u00e9, FAVERO mettra en \u0153uvre toutes les mesures pr\u00e9ventives, pr\u00e9cautions et techniques n\u00e9cessaires pour les s\u00e9curiser et les prot\u00e9ger contre tout acc\u00e8s, traitement, modification et destruction non autoris\u00e9s ou contraires \u00e0 la loi. Dans ce but FAVERO :<\/span><\/p><p>\u00a0<\/p><ul><li><span lang=\"FR\">permet l&rsquo;acc\u00e8s aux donn\u00e9es \u00e0 ses seuls employ\u00e9s, qui en auront besoin pour fournir les services requis ;<\/span><\/li><li><span lang=\"FR\">fournit un mot de passe \u00e0 l&rsquo;utilisateur pour acc\u00e9der \u00e0 son compte.<\/span><\/li><\/ul><\/div><h4><strong class=\"text-dark-grey\"><span id=\"8\" class=\"anchor-point\"><\/span>9. Conservation des donn\u00e9es<\/strong><\/h4><div class=\"pb-4 p-li\"><p>Donn\u00e9es du compte : FAVERO conserve les donn\u00e9es n\u00e9cessaires \u00e0 la gestion du compte tant que celui-ci reste actif et, en<br \/>l\u2019absence de connexions, pendant 24 mois maximum apr\u00e8s la derni\u00e8re connexion.<\/p><p><br \/>Donn\u00e9es de paiement : les informations relatives au moyen de paiement sont trait\u00e9es uniquement pour finaliser l\u2019achat et g\u00e9rer<\/p><p><br \/>d\u2019\u00e9ventuelles contestations ; elles sont supprim\u00e9es ou anonymis\u00e9es dans un d\u00e9lai de 24 mois apr\u00e8s la transaction.<br \/>Donn\u00e9es fiscales et de facturation : les pi\u00e8ces comptables associ\u00e9es aux achats sont conserv\u00e9es pendant 10 ans conform\u00e9ment \u00e0 l\u2019article 2220 du Code civil italien.<\/p><\/div><h4><strong class=\"text-dark-grey\"><span id=\"9\" class=\"anchor-point\"><\/span>10. Caract\u00e8re facultatif de la communication des donn\u00e9es<\/strong><\/h4><div class=\"pb-4 p-li\"><p><span lang=\"FR\">G\u00e9n\u00e9ralement, l&rsquo;utilisateur peut visiter le site internet de FAVERO en toute libert\u00e9 et sans fournir de donn\u00e9es personnelles. Toutefois, l&rsquo;absence de ces donn\u00e9es dans les formulaires de requ\u00eate peut emp\u00eacher la vente d&rsquo;un produit, l&rsquo;envoi de mat\u00e9riel d\u2019information ou d&rsquo;autres communications.<\/span><\/p><\/div><h4><strong class=\"text-dark-grey\"><span id=\"10\" class=\"anchor-point\"><\/span>11. Acc\u00e8s aux donn\u00e9es personnelles<\/strong><\/h4><div class=\"pb-4 p-li\"><p><span lang=\"FR\">L&rsquo;utilisateur a le droit d&rsquo;acc\u00e9der \u00e0 ses donn\u00e9es personnelles, de les mettre \u00e0 jour, d\u2019y corriger ou supprimer les inexactitudes et de s&rsquo;opposer \u00e0 leur traitement, totalement ou partiellement. Dans ce but, il peut contacter directement FAVERO par courrier \u00e9lectronique ou t\u00e9l\u00e9phone et communiquer, pour des raisons de confidentialit\u00e9, certaines donn\u00e9es d&rsquo;identification. La soci\u00e9t\u00e9 veillera \u00e0 faire part de ces op\u00e9rations, dans la mesure du possible, aux personnes auxquelles les donn\u00e9es ont \u00e9t\u00e9 communiqu\u00e9es ou divulgu\u00e9es et en tiendra inform\u00e9 l\u2019utilisateur. \u00c0 sa demande, l\u2019utilisateur pourra recevoir une description concernant le traitement de ses donn\u00e9es personnelles. Pour ne plus recevoir d&rsquo;informations par mail sur les produits FAVERO, l\u2019utilisateur pourra d\u00e9sactiver la r\u00e9ception des mails en suivant les indications contenues dans l\u2019un des mails re\u00e7us.<\/span><\/p><\/div><h4><strong class=\"text-dark-grey\"><span id=\"11\" class=\"anchor-point\"><\/span>12. Liens vers d&rsquo;autres sites internet<\/strong><\/h4><div class=\"pb-4 p-li\"><p><span lang=\"FR\">Le site contient des liens vers d&rsquo;autres sites internet. M\u00eame si FAVERO veille \u00e0 ne proposer que des liens vers des sites qui adoptent des niveaux \u00e9lev\u00e9s en termes de gestion des donn\u00e9es personnelles, la soci\u00e9t\u00e9 d\u00e9cline toute responsabilit\u00e9 en ce qui concerne le contenu, la s\u00e9curit\u00e9 et les mesures de confidentialit\u00e9 de ces sites.<\/span><\/p><\/div><h4><strong class=\"text-dark-grey\"><span id=\"12\" class=\"anchor-point\"><\/span>13. Confidentialit\u00e9 des enfants<\/strong><\/h4><div class=\"pb-4 p-li\"><p><span lang=\"FR\">Les donn\u00e9es personnelles des enfants (jusqu&rsquo;\u00e0 14 ans compris) ne sont pas collect\u00e9es intentionnellement, puisque les produits FAVERO ne sont pas vendus aux enfants. Au cas o\u00f9 la soci\u00e9t\u00e9 apprendrait que de telles donn\u00e9es ont \u00e9t\u00e9 collect\u00e9es, elle les effacera dans les plus brefs d\u00e9lais et fera tout ce qui en son pouvoir pour emp\u00eacher leur utilisation et divulgation \u00e0 des tier<\/span><\/p><\/div><h4><strong class=\"text-dark-grey\"><span id=\"13\" class=\"anchor-point\"><\/span>14. Contact<\/strong><\/h4><div class=\"pb-4 p-li\"><p><span lang=\"FR\">En cas de besoin d\u2019aide suppl\u00e9mentaire ou pour toute remarque, l&rsquo;utilisateur peut s&rsquo;adresser par mail \u00e0 favero@favero.com.<\/span><\/p><\/div><h4><strong class=\"text-dark-grey\"><span id=\"14\" class=\"anchor-point\"><\/span>15. Cookies<\/strong><\/h4><div class=\"pb-4 p-li\"><p><span lang=\"FR\">En utilisant ce site Web, vous acceptez de nous laisser utiliser des cookies. Pour en savoir plus sur\u00a0<a href=\"https:\/\/cycling.favero.com\/fr\/cookies\">ce point.<\/a><\/span><a href=\"https:\/\/cycling.favero.com\/fr\/cookies\">\u00a0<\/a><\/p><\/div>\t\t\t\t\t\t\t\t<\/div>\n\t\t\t\t<\/div>\n\t\t\t\t<\/div>\n\t\t\t\t\t<\/div>\n\t\t\t\t<\/div>\n\t\t\t\t<\/div>\n\t\t","protected":false},"excerpt":{"rendered":"<p>Politique de confidentialit\u00e9 Cette page contient la d\u00e9claration g\u00e9n\u00e9rale concernant le traitement des donn\u00e9es personnelles des visiteurs du site cycling.favero.com, g\u00e9r\u00e9 et tenu \u00e0 jour par la soci\u00e9t\u00e9 \u00a0 FAVERO ELECTRONICS Srl TVA n\u00ba 04703130262 &#8211; NIF 04703130262 \u00a0 Si\u00e8ge statutaire : via Ruggero Lombardi, 64 &#8211; 31030 Arcade (Treviso) ITALIA \u00a0 ci-apr\u00e8s d\u00e9nomm\u00e9e FAVERO. [&hellip;]<\/p>\n","protected":false},"author":2,"featured_media":0,"parent":0,"menu_order":0,"comment_status":"closed","ping_status":"closed","template":"","meta":{"_acf_changed":false,"footnotes":""},"class_list":["post-7106","page","type-page","status-publish","hentry"],"acf":[],"yoast_head":"<!-- This site is optimized with the Yoast SEO plugin v25.5 - https:\/\/yoast.com\/wordpress\/plugins\/seo\/ -->\n<title>Privacy Policy - Favero Cycling<\/title>\n<meta name=\"robots\" content=\"noindex, follow, max-snippet:-1, max-image-preview:large, max-video-preview:-1\" \/>\n<meta property=\"og:locale\" content=\"fr_FR\" \/>\n<meta property=\"og:type\" content=\"article\" \/>\n<meta property=\"og:title\" content=\"Privacy Policy - Favero Cycling\" \/>\n<meta property=\"og:description\" content=\"Politique de confidentialit\u00e9 Cette page contient la d\u00e9claration g\u00e9n\u00e9rale concernant le traitement des donn\u00e9es personnelles des visiteurs du site cycling.favero.com, g\u00e9r\u00e9 et tenu \u00e0 jour par la soci\u00e9t\u00e9 \u00a0 FAVERO ELECTRONICS Srl TVA n\u00ba 04703130262 &#8211; NIF 04703130262 \u00a0 Si\u00e8ge statutaire : via Ruggero Lombardi, 64 &#8211; 31030 Arcade (Treviso) ITALIA \u00a0 ci-apr\u00e8s d\u00e9nomm\u00e9e FAVERO. [&hellip;]\" \/>\n<meta property=\"og:url\" content=\"https:\/\/favero-dev.calicantus.works\/fr\/privacy-policy\/\" \/>\n<meta property=\"og:site_name\" content=\"Favero Cycling\" \/>\n<meta property=\"article:modified_time\" content=\"2025-11-20T08:52:09+00:00\" \/>\n<meta name=\"twitter:card\" content=\"summary_large_image\" \/>\n<meta name=\"twitter:label1\" content=\"Dur\u00e9e de lecture estim\u00e9e\" \/>\n\t<meta name=\"twitter:data1\" content=\"7 minutes\" \/>\n<script type=\"application\/ld+json\" class=\"yoast-schema-graph\">{\"@context\":\"https:\/\/schema.org\",\"@graph\":[{\"@type\":\"WebPage\",\"@id\":\"https:\/\/favero-dev.calicantus.works\/fr\/privacy-policy\/\",\"url\":\"https:\/\/favero-dev.calicantus.works\/fr\/privacy-policy\/\",\"name\":\"Privacy Policy - Favero Cycling\",\"isPartOf\":{\"@id\":\"https:\/\/favero-dev.calicantus.works\/fr\/#website\"},\"datePublished\":\"2025-11-19T14:45:18+00:00\",\"dateModified\":\"2025-11-20T08:52:09+00:00\",\"breadcrumb\":{\"@id\":\"https:\/\/favero-dev.calicantus.works\/fr\/privacy-policy\/#breadcrumb\"},\"inLanguage\":\"fr-FR\",\"potentialAction\":[{\"@type\":\"ReadAction\",\"target\":[\"https:\/\/favero-dev.calicantus.works\/fr\/privacy-policy\/\"]}]},{\"@type\":\"BreadcrumbList\",\"@id\":\"https:\/\/favero-dev.calicantus.works\/fr\/privacy-policy\/#breadcrumb\",\"itemListElement\":[{\"@type\":\"ListItem\",\"position\":1,\"name\":\"Home\",\"item\":\"https:\/\/favero-dev.calicantus.works\/fr\/\"},{\"@type\":\"ListItem\",\"position\":2,\"name\":\"Privacy Policy\"}]},{\"@type\":\"WebSite\",\"@id\":\"https:\/\/favero-dev.calicantus.works\/fr\/#website\",\"url\":\"https:\/\/favero-dev.calicantus.works\/fr\/\",\"name\":\"Favero Cycling\",\"description\":\"Misuratore di Potenza Ciclismo | Favero Assioma\",\"publisher\":{\"@id\":\"https:\/\/favero-dev.calicantus.works\/fr\/#organization\"},\"potentialAction\":[{\"@type\":\"SearchAction\",\"target\":{\"@type\":\"EntryPoint\",\"urlTemplate\":\"https:\/\/favero-dev.calicantus.works\/fr\/?s={search_term_string}\"},\"query-input\":{\"@type\":\"PropertyValueSpecification\",\"valueRequired\":true,\"valueName\":\"search_term_string\"}}],\"inLanguage\":\"fr-FR\"},{\"@type\":\"Organization\",\"@id\":\"https:\/\/favero-dev.calicantus.works\/fr\/#organization\",\"name\":\"Favero Cycling\",\"url\":\"https:\/\/favero-dev.calicantus.works\/fr\/\",\"logo\":{\"@type\":\"ImageObject\",\"inLanguage\":\"fr-FR\",\"@id\":\"https:\/\/favero-dev.calicantus.works\/fr\/#\/schema\/logo\/image\/\",\"url\":\"https:\/\/favero-dev.calicantus.works\/wp-content\/uploads\/2025\/06\/Logo-favero-nero.svg\",\"contentUrl\":\"https:\/\/favero-dev.calicantus.works\/wp-content\/uploads\/2025\/06\/Logo-favero-nero.svg\",\"width\":120,\"height\":38,\"caption\":\"Favero Cycling\"},\"image\":{\"@id\":\"https:\/\/favero-dev.calicantus.works\/fr\/#\/schema\/logo\/image\/\"}}]}<\/script>\n<!-- \/ Yoast SEO plugin. -->","yoast_head_json":{"title":"Privacy Policy - Favero Cycling","robots":{"index":"noindex","follow":"follow","max-snippet":"max-snippet:-1","max-image-preview":"max-image-preview:large","max-video-preview":"max-video-preview:-1"},"og_locale":"fr_FR","og_type":"article","og_title":"Privacy Policy - Favero Cycling","og_description":"Politique de confidentialit\u00e9 Cette page contient la d\u00e9claration g\u00e9n\u00e9rale concernant le traitement des donn\u00e9es personnelles des visiteurs du site cycling.favero.com, g\u00e9r\u00e9 et tenu \u00e0 jour par la soci\u00e9t\u00e9 \u00a0 FAVERO ELECTRONICS Srl TVA n\u00ba 04703130262 &#8211; NIF 04703130262 \u00a0 Si\u00e8ge statutaire : via Ruggero Lombardi, 64 &#8211; 31030 Arcade (Treviso) ITALIA \u00a0 ci-apr\u00e8s d\u00e9nomm\u00e9e FAVERO. [&hellip;]","og_url":"https:\/\/favero-dev.calicantus.works\/fr\/privacy-policy\/","og_site_name":"Favero Cycling","article_modified_time":"2025-11-20T08:52:09+00:00","twitter_card":"summary_large_image","twitter_misc":{"Dur\u00e9e de lecture estim\u00e9e":"7 minutes"},"schema":{"@context":"https:\/\/schema.org","@graph":[{"@type":"WebPage","@id":"https:\/\/favero-dev.calicantus.works\/fr\/privacy-policy\/","url":"https:\/\/favero-dev.calicantus.works\/fr\/privacy-policy\/","name":"Privacy Policy - Favero Cycling","isPartOf":{"@id":"https:\/\/favero-dev.calicantus.works\/fr\/#website"},"datePublished":"2025-11-19T14:45:18+00:00","dateModified":"2025-11-20T08:52:09+00:00","breadcrumb":{"@id":"https:\/\/favero-dev.calicantus.works\/fr\/privacy-policy\/#breadcrumb"},"inLanguage":"fr-FR","potentialAction":[{"@type":"ReadAction","target":["https:\/\/favero-dev.calicantus.works\/fr\/privacy-policy\/"]}]},{"@type":"BreadcrumbList","@id":"https:\/\/favero-dev.calicantus.works\/fr\/privacy-policy\/#breadcrumb","itemListElement":[{"@type":"ListItem","position":1,"name":"Home","item":"https:\/\/favero-dev.calicantus.works\/fr\/"},{"@type":"ListItem","position":2,"name":"Privacy Policy"}]},{"@type":"WebSite","@id":"https:\/\/favero-dev.calicantus.works\/fr\/#website","url":"https:\/\/favero-dev.calicantus.works\/fr\/","name":"Favero Cycling","description":"Misuratore di Potenza Ciclismo | Favero Assioma","publisher":{"@id":"https:\/\/favero-dev.calicantus.works\/fr\/#organization"},"potentialAction":[{"@type":"SearchAction","target":{"@type":"EntryPoint","urlTemplate":"https:\/\/favero-dev.calicantus.works\/fr\/?s={search_term_string}"},"query-input":{"@type":"PropertyValueSpecification","valueRequired":true,"valueName":"search_term_string"}}],"inLanguage":"fr-FR"},{"@type":"Organization","@id":"https:\/\/favero-dev.calicantus.works\/fr\/#organization","name":"Favero Cycling","url":"https:\/\/favero-dev.calicantus.works\/fr\/","logo":{"@type":"ImageObject","inLanguage":"fr-FR","@id":"https:\/\/favero-dev.calicantus.works\/fr\/#\/schema\/logo\/image\/","url":"https:\/\/favero-dev.calicantus.works\/wp-content\/uploads\/2025\/06\/Logo-favero-nero.svg","contentUrl":"https:\/\/favero-dev.calicantus.works\/wp-content\/uploads\/2025\/06\/Logo-favero-nero.svg","width":120,"height":38,"caption":"Favero Cycling"},"image":{"@id":"https:\/\/favero-dev.calicantus.works\/fr\/#\/schema\/logo\/image\/"}}]}},"_links":{"self":[{"href":"https:\/\/favero-dev.calicantus.works\/fr\/wp-json\/wp\/v2\/pages\/7106","targetHints":{"allow":["GET"]}}],"collection":[{"href":"https:\/\/favero-dev.calicantus.works\/fr\/wp-json\/wp\/v2\/pages"}],"about":[{"href":"https:\/\/favero-dev.calicantus.works\/fr\/wp-json\/wp\/v2\/types\/page"}],"author":[{"embeddable":true,"href":"https:\/\/favero-dev.calicantus.works\/fr\/wp-json\/wp\/v2\/users\/2"}],"replies":[{"embeddable":true,"href":"https:\/\/favero-dev.calicantus.works\/fr\/wp-json\/wp\/v2\/comments?post=7106"}],"version-history":[{"count":4,"href":"https:\/\/favero-dev.calicantus.works\/fr\/wp-json\/wp\/v2\/pages\/7106\/revisions"}],"predecessor-version":[{"id":7301,"href":"https:\/\/favero-dev.calicantus.works\/fr\/wp-json\/wp\/v2\/pages\/7106\/revisions\/7301"}],"wp:attachment":[{"href":"https:\/\/favero-dev.calicantus.works\/fr\/wp-json\/wp\/v2\/media?parent=7106"}],"curies":[{"name":"wp","href":"https:\/\/api.w.org\/{rel}","templated":true}]}}