{"id":6694,"date":"2025-06-23T14:32:00","date_gmt":"2025-06-23T12:32:00","guid":{"rendered":"https:\/\/favero-dev.calicantus.works\/condizioni-generali-duso\/"},"modified":"2025-11-20T11:36:37","modified_gmt":"2025-11-20T10:36:37","slug":"conditions-dutilisation","status":"publish","type":"page","link":"https:\/\/favero-dev.calicantus.works\/fr\/conditions-dutilisation\/","title":{"rendered":"Conditions G\u00e9n\u00e9rales d\u2019Utilisation"},"content":{"rendered":"\t\t<div data-elementor-type=\"wp-page\" data-elementor-id=\"6694\" class=\"elementor elementor-6694 elementor-4588\" data-elementor-post-type=\"page\">\n\t\t\t\t<div class=\"elementor-element elementor-element-f4fcec9 e-flex e-con-boxed e-con e-parent\" data-id=\"f4fcec9\" data-element_type=\"container\" data-settings=\"{&quot;background_background&quot;:&quot;classic&quot;}\">\n\t\t\t\t\t<div class=\"e-con-inner\">\n\t\t<div class=\"elementor-element elementor-element-17e0df7 e-con-full  hover-blu e-flex e-con e-child\" data-id=\"17e0df7\" data-element_type=\"container\">\n\t\t\t\t<div class=\"elementor-element elementor-element-01c6a9c elementor-align-left elementor-widget elementor-widget-breadcrumbs\" data-id=\"01c6a9c\" data-element_type=\"widget\" data-widget_type=\"breadcrumbs.default\">\n\t\t\t\t\t<p id=\"breadcrumbs\"><span><span><a href=\"https:\/\/favero-dev.calicantus.works\/fr\/\">Home<\/a><\/span><\/span><\/p>\t\t\t\t<\/div>\n\t\t\t\t<div class=\"elementor-element elementor-element-3c3dec5 elementor-widget elementor-widget-heading\" data-id=\"3c3dec5\" data-element_type=\"widget\" data-widget_type=\"heading.default\">\n\t\t\t\t\t<h1 class=\"elementor-heading-title elementor-size-default\">Conditions G\u00e9n\u00e9rales d\u2019Utilisation<\/h1>\t\t\t\t<\/div>\n\t\t\t\t<div class=\"elementor-element elementor-element-0010447 elementor-widget elementor-widget-text-editor\" data-id=\"0010447\" data-element_type=\"widget\" data-widget_type=\"text-editor.default\">\n\t\t\t\t\t\t\t\t\t<p><span lang=\"FR\">Bienvenue sur le site cycling.favero.com<br \/>Ce site est g\u00e9r\u00e9 et tenu \u00e0 jour par la soci\u00e9t\u00e9<\/span><\/p><p><strong>FAVERO ELECTRONICS Srl<\/strong><\/p><p>TVA n\u00ba 04703130262 &#8211; NIF 04703130262<\/p><p>Si\u00e8ge statutaire : via Ruggero Lombardi, 64 &#8211; 31030 Arcade (Treviso) ITALIA<br \/>ci-apr\u00e8s d\u00e9nomm\u00e9e FAVERO.<\/p>\t\t\t\t\t\t\t\t<\/div>\n\t\t\t\t<\/div>\n\t\t<div class=\"elementor-element elementor-element-17e3844 e-con-full e-flex e-con e-child\" data-id=\"17e3844\" data-element_type=\"container\">\n\t\t<div class=\"elementor-element elementor-element-404ef8c e-con-full e-flex e-con e-child\" data-id=\"404ef8c\" data-element_type=\"container\">\n\t\t<div class=\"elementor-element elementor-element-1984ae9 e-con-full e-flex e-con e-child\" data-id=\"1984ae9\" data-element_type=\"container\" data-settings=\"{&quot;background_background&quot;:&quot;classic&quot;}\">\n\t\t\t\t<div class=\"elementor-element elementor-element-b9cfabc space-indice index-condition elementor-widget elementor-widget-table-of-contents\" data-id=\"b9cfabc\" data-element_type=\"widget\" data-settings=\"{&quot;marker_view&quot;:&quot;bullets&quot;,&quot;no_headings_message&quot;:&quot;nessun indice &quot;,&quot;min_height&quot;:{&quot;unit&quot;:&quot;px&quot;,&quot;size&quot;:0,&quot;sizes&quot;:[]},&quot;container&quot;:&quot;.box-toc &quot;,&quot;headings_by_tags&quot;:[&quot;h2&quot;,&quot;h3&quot;,&quot;h4&quot;,&quot;h5&quot;,&quot;h6&quot;],&quot;icon&quot;:{&quot;value&quot;:&quot;fas fa-circle&quot;,&quot;library&quot;:&quot;fa-solid&quot;,&quot;rendered_tag&quot;:&quot;&lt;svg class=\\&quot;e-font-icon-svg e-fas-circle\\&quot; viewBox=\\&quot;0 0 512 512\\&quot; xmlns=\\&quot;http:\\\/\\\/www.w3.org\\\/2000\\\/svg\\&quot;&gt;&lt;path d=\\&quot;M256 8C119 8 8 119 8 256s111 248 248 248 248-111 248-248S393 8 256 8z\\&quot;&gt;&lt;\\\/path&gt;&lt;\\\/svg&gt;&quot;},&quot;min_height_tablet&quot;:{&quot;unit&quot;:&quot;px&quot;,&quot;size&quot;:&quot;&quot;,&quot;sizes&quot;:[]},&quot;min_height_mobile_extra&quot;:{&quot;unit&quot;:&quot;px&quot;,&quot;size&quot;:&quot;&quot;,&quot;sizes&quot;:[]},&quot;min_height_mobile&quot;:{&quot;unit&quot;:&quot;px&quot;,&quot;size&quot;:&quot;&quot;,&quot;sizes&quot;:[]}}\" data-widget_type=\"table-of-contents.default\">\n\t\t\t\t\t\t\t<div class=\"elementor-toc__header\">\n\t\t\t<h4 class=\"elementor-toc__header-title\">\n\t\t\t\tINDEX\t\t\t<\/h4>\n\t\t\t\t\t<\/div>\n\t\t<div id=\"elementor-toc__b9cfabc\" class=\"elementor-toc__body\">\n\t\t\t<div class=\"elementor-toc__spinner-container\">\n\t\t\t\t<svg class=\"elementor-toc__spinner eicon-animation-spin e-font-icon-svg e-eicon-loading\" aria-hidden=\"true\" viewBox=\"0 0 1000 1000\" xmlns=\"http:\/\/www.w3.org\/2000\/svg\"><path d=\"M500 975V858C696 858 858 696 858 500S696 142 500 142 142 304 142 500H25C25 237 238 25 500 25S975 237 975 500 763 975 500 975Z\"><\/path><\/svg>\t\t\t<\/div>\n\t\t<\/div>\n\t\t\t\t\t\t<\/div>\n\t\t\t\t<\/div>\n\t\t\t\t<\/div>\n\t\t<div class=\"elementor-element elementor-element-11951d6 e-con-full box-toc e-flex e-con e-child\" data-id=\"11951d6\" data-element_type=\"container\">\n\t\t\t\t<div class=\"elementor-element elementor-element-ce5f7ac contenuto-toc elementor-widget elementor-widget-text-editor\" data-id=\"ce5f7ac\" data-element_type=\"widget\" data-widget_type=\"text-editor.default\">\n\t\t\t\t\t\t\t\t\t<h4><strong class=\"text-dark-grey\">1. Conditions g\u00e9n\u00e9rales d\u2019utilisation<\/strong><\/h4><div class=\"pb-4 p-li\"><p><span lang=\"FR\">Pour l&rsquo;acc\u00e8s et l&rsquo;utilisation de ce SITE, tout comme pour l&rsquo;achat des PRODUITS, l&rsquo;utilisateur est cens\u00e9 avoir lu, conna\u00eetre et accepter les pr\u00e9sentes Conditions G\u00e9n\u00e9rales d&rsquo;Utilisation, ainsi que les Conditions G\u00e9n\u00e9rales de Vente.<\/span><\/p><p><span lang=\"FR\">En utilisant le SITE, l&rsquo;utilisateur accepte int\u00e9gralement ces conditions.<\/span><\/p><p><span lang=\"FR\">Pour l&rsquo;assistance et\/ou pour toute information concernant les commandes et les exp\u00e9ditions, les remboursements et le retour des PRODUITS achet\u00e9s sur ce SITE, l&rsquo;utilisateur peut contacter FAVERO par courrier \u00e9lectronique \u00e0 l&rsquo;adresse favero@favero.com<\/span><\/p><p><span lang=\"FR\">Pour tout autre renseignement juridique, l&rsquo;utilisateur peut se r\u00e9f\u00e9rer aux points \u00ab Conditions G\u00e9n\u00e9rales de Vente \u00bb et \u00ab Politique de confidentialit\u00e9 \u00bb.<\/span><\/p><p><span lang=\"FR\">FAVERO pourra modifier ou tout simplement mettre \u00e0 jour, \u00e0 tout moment, int\u00e9gralement ou partiellement, les Conditions G\u00e9n\u00e9rales d&rsquo;Utilisation et les Conditions G\u00e9n\u00e9rales de Vente. L&rsquo;utilisateur est tenu de respecter toute modification et mise \u00e0 jour des Conditions G\u00e9n\u00e9rales d&rsquo;Utilisation et des Conditions G\u00e9n\u00e9rales de Vente d\u00e8s leur publication sur le SITE.<\/span><\/p><p><span lang=\"FR\">L&rsquo;utilisateur est soumis aux po<\/span><span lang=\"FR\">litiques et aux termes des Conditions G\u00e9n\u00e9rales d&rsquo;Utilisation en vigueur au moment o\u00f9 le SITE est utilis\u00e9.<\/span><\/p><p><span lang=\"FR\">En acc\u00e9dant au SITE, l&rsquo;utilisateur sera tenu pour unique responsable de son utilisation et de celle de ses contenus, tout comme de la communication d&rsquo;informations et de donn\u00e9es non correctes, fausses ou concernant des tiers, sans leur accord expr\u00e8s ou d\u2019une utilisation incorrecte de celles-ci.<\/span><\/p><p><span lang=\"FR\">Il sera tenu pour responsable de tout dommage \u00e0 des syst\u00e8mes d\u2019ordinateurs ou de toute perte de donn\u00e9es r\u00e9sultant des op\u00e9rations effectu\u00e9es au cours de la navigation.<\/span><\/p><p><span lang=\"FR\">FAVERO d\u00e9cline toute responsabilit\u00e9 en ce qui concerne les dommages r\u00e9sultant de l&rsquo;inaccessibilit\u00e9 aux services offerts sur le SITE ou les dommages provoqu\u00e9s par des virus, fichiers endommag\u00e9s, erreurs, omissions, interruptions du service, suppressions des contenus, probl\u00e8mes li\u00e9s au r\u00e9seau, aux fournisseurs d&rsquo;acc\u00e8s \u00e0 internet ou \u00e0 la ligne t\u00e9l\u00e9phonique et\/ou t\u00e9l\u00e9matique, \u00e0 des acc\u00e8s non autoris\u00e9s, \u00e0 des modifications de donn\u00e9es, \u00e0 la d\u00e9faillance et\/ou au mauvais fonctionnement des dispositifs \u00e9lectroniques de l&rsquo;utilisateur.<\/span><\/p><p><span lang=\"FR\">L&rsquo;utilisateur est tenu pour responsable de la conservation de ses informations personnelles et de leur utilisation correcte, des identifiants d&rsquo;acc\u00e8s aux services r\u00e9serv\u00e9s, de toute cons\u00e9quence nuisible ou pr\u00e9judice caus\u00e9 \u00e0 FAVERO ou \u00e0 des tiers suite \u00e0 l&rsquo;utilisation incorrecte, de la perte et soustraction de ces informations.<\/span><\/p><p><span lang=\"FR\">\u00a0<\/span><\/p><\/div><h4><strong class=\"text-dark-grey\"><span id=\"1\" class=\"anchor-point\"><\/span>2. Compte<\/strong><\/h4><div class=\"pb-4 p-li\"><p><span lang=\"FR\">L&rsquo;utilisateur est tenu de pr\u00e9server la confidentialit\u00e9 de son compte et de son mot de passe et de surveiller l&rsquo;acc\u00e8s \u00e0 son ordinateur. L&rsquo;utilisateur sera tenu pour responsable de toutes les op\u00e9rations effectu\u00e9es \u00e0 travers son compte et son mot de passe.<\/span><\/p><p><span lang=\"FR\">L&rsquo;utilisateur s&rsquo;engage \u00e0 adopter toutes les mesures n\u00e9cessaires pour garantir la s\u00e9curit\u00e9 et la confidentialit\u00e9 de son mot de passe, ainsi qu&rsquo;\u00e0 informer imm\u00e9diatement FAVERO s\u2019il soup\u00e7onne que des tiers non autoris\u00e9s connaissent et utilisent son mot de passe.<\/span><\/p><p><span lang=\"FR\">L&rsquo;utilisateur doit s&rsquo;assurer que les donn\u00e9es qu\u2019il fournit sont correctes et compl\u00e8tes. Il devra informer imm\u00e9diatement FAVERO de toute variation des informations fournies pr\u00e9alablement.<\/span><\/p><p><span lang=\"FR\">\u00a0<\/span><\/p><\/div><h4><strong class=\"text-dark-grey\"><span id=\"2\" class=\"anchor-point\"><\/span>3. Politique de confidentialit\u00e9<\/strong><\/h4><div class=\"pb-4 p-li\"><p><span lang=\"FR\">FAVERO invite tous les visiteurs \u00e0 lire attentivement sa\u00a0<a href=\"https:\/\/cycling.favero.com\/fr\/privacy-policy\">\u00ab politique de confidentialit\u00e9 \u00bb<\/a><\/span><\/p><\/div><h4><strong class=\"text-dark-grey\"><span id=\"3\" class=\"anchor-point\"><\/span>4. Communications par voie \u00e9lectronique<\/strong><\/h4><div class=\"pb-4 p-li\"><p><span lang=\"FR\">FAVERO communiquera avec l&rsquo;utilisateur par courrier \u00e9lectronique ou \u00e0 travers des annonces sur le SITE.<\/span><\/p><p><span lang=\"FR\">Les contrats, les notifications, les d\u00e9clarations et toute autre communication que FAVERO adresse \u00e0 l&rsquo;utilisateur par voie \u00e9lectronique satisfont \u00e0 toute exigence selon laquelle ces communications doivent \u00eatre faites par \u00e9crit, lorsque cela est pr\u00e9vu par la loi.<\/span><\/p><p><span lang=\"FR\">\u00a0<\/span><\/p><\/div><h4><strong class=\"text-dark-grey\"><span id=\"4\" class=\"anchor-point\"><\/span>5. Droits de propri\u00e9t\u00e9 intellectuelle<\/strong><\/h4><div class=\"pb-4 p-li\"><p><span lang=\"FR\">Tous les contenus, ind\u00e9pendamment de leur format, publi\u00e9s sur le SITE, sous forme de textes, graphiques, logos, images, fichiers audio, t\u00e9l\u00e9chargements, sites internet, couleurs, sch\u00e9mas, outils, caract\u00e8res et conception du SITE internet, diagrammes, mises en page, m\u00e9thodes, proc\u00e9d\u00e9s, fonctions et le logiciel faisant partie du SITE, sont prot\u00e9g\u00e9s par des droits d&rsquo;auteur et par tout autre droit de propri\u00e9t\u00e9 intellectuelle de FAVERO et des autres d\u00e9tenteurs des droits.<\/span><\/p><p><span lang=\"FR\">Toute reproduction, totale ou partielle, sous quelque forme que ce soit, du SITE et de ses contenus, sans l&rsquo;accord expr\u00e8s \u00e9crit de FAVERO, est interdite.<\/span><\/p><p><span lang=\"FR\">FAVERO a le droit exclusif d&rsquo;autoriser ou d\u2019interdire la reproduction directe ou indirecte, provisoire ou permanente, par quelque moyen et sous quelque forme que ce soit, totalement ou partiellement, du SITE et de ses contenus.<\/span><\/p><p><span lang=\"FR\">\u00a0<\/span><\/p><\/div><h4><strong class=\"text-dark-grey\"><span id=\"5\" class=\"anchor-point\"><\/span>6. Marques et brevets<\/strong><\/h4><div class=\"pb-4 p-li\"><p><span lang=\"FR\">Le mat\u00e9riel graphique, les logos, les en-t\u00eates de page, les boutons des ic\u00f4nes, les caract\u00e8res, les marques et les signes distinctifs appartiennent \u00e0 FAVERO et aux autres d\u00e9tenteurs des droits.<\/span><\/p><p><span lang=\"FR\">Les marques et les signes distinctifs de FAVERO ne peuvent \u00eatre utilis\u00e9s en rapport avec des PRODUITS ou services n&rsquo;appartenant pas \u00e0 FAVERO.<\/span><\/p><p><span lang=\"FR\">Les fonctionnalit\u00e9s accessibles \u00e0 travers le SITE sont prot\u00e9g\u00e9es par des brevets. FAVERO utilise, totalement ou partiellement, un ou plusieurs brevets sous licence.<\/span><\/p><p><span lang=\"FR\">\u00a0<\/span><\/p><\/div><h4><strong class=\"text-dark-grey\"><span id=\"6\" class=\"anchor-point\"><\/span>7. Liens vers d\u2019autres sites internet<\/strong><\/h4><div class=\"pb-4 p-li\"><p><span lang=\"FR\">Le SITE contient des liens vers d&rsquo;autres sites internet qui n&rsquo;ont aucun rapport avec le SITE en question.<\/span><\/p><p><span lang=\"FR\">FAVERO ne surveille et n\u2019adopte aucune mesure de surveillance sur ces sites internet ou sur leurs contenus. FAVERO ne pourra \u00eatre tenue pour responsable des contenus de ces sites internet et des normes adopt\u00e9es par ces derniers notamment en ce qui concerne la confidentialit\u00e9 et le traitement des donn\u00e9es personnelles de l&rsquo;utilisateur au cours de la navigation.<\/span><\/p><p><span lang=\"FR\">\u00a0<\/span><\/p><\/div><h4><strong class=\"text-dark-grey\"><span id=\"7\" class=\"anchor-point\"><\/span>8. Mineurs<\/strong><\/h4><div class=\"pb-4 p-li\"><p><span lang=\"FR\">FAVERO ne vend pas de PRODUITS aux utilisateurs de moins de 18 ans.<\/span><\/p><p><span lang=\"FR\">\u00a0<\/span><\/p><\/div><h4><strong class=\"text-dark-grey\"><span id=\"8\" class=\"anchor-point\"><\/span>9. Responsabilit\u00e9s<\/strong><\/h4><div class=\"pb-4 p-li\"><p><span lang=\"FR\">FAVERO, dans les limites de la diligence professionnelle, fera tout ce qui est en son pouvoir pour assurer un acc\u00e8s au SITE sans interruptions et pour que toutes les op\u00e9rations se d\u00e9roulent sans erreurs.<\/span><\/p><p><span lang=\"FR\">Toutefois, l&rsquo;acc\u00e8s ininterrompu et l&rsquo;absence d&rsquo;erreurs dans la transmission ne peuvent \u00eatre garantis. De plus, l&rsquo;acc\u00e8s de l&rsquo;utilisateur au SITE pourrait \u00eatre limit\u00e9 ou suspendu de fa\u00e7on temporaire \u00e0 cause de travaux de r\u00e9paration et de maintenance.<\/span><\/p><p><span lang=\"FR\">FAVERO ne sera tenu<\/span><span lang=\"FR\">e pour responsable d&rsquo;aucun retard ou manquement aux obligations pr\u00e9vues par ces Conditions G\u00e9n\u00e9rales d&rsquo;Utilisation au cas o\u00f9 le retard ou le manquement aux obligations d\u00e9riverait d&rsquo;un cas fortuit ou de force majeure.<\/span><\/p><p><span lang=\"FR\">\u00a0<\/span><\/p><\/div><h4><strong class=\"text-dark-grey\"><span id=\"9\" class=\"anchor-point\"><\/span>10. Loi applicable<\/strong><\/h4><div class=\"pb-4 p-li\"><p><span lang=\"FR\">Les pr\u00e9sentes Conditions G\u00e9n\u00e9rales d&rsquo;Utilisation sont r\u00e9gies par la loi italienne. L&rsquo;application de la Convention de Vienne de 1980 sur la Vente internationale de biens meubles est express\u00e9ment exclue.<\/span><\/p><p><span lang=\"FR\">Tout litige entre l&rsquo;utilisateur et FAVERO, sous r\u00e9serve des dispositions en faveur de<\/span><span lang=\"FR\">\u00a0ceux qui effectuent des achats au sein de l&rsquo;Union Europ\u00e9enne, sera port\u00e9 devant la juridiction du Tribunal de Tr\u00e9vise, en Italie.<\/span><\/p><p><span lang=\"FR\">\u00a0<\/span><\/p><\/div>\t\t\t\t\t\t\t\t<\/div>\n\t\t\t\t<\/div>\n\t\t\t\t<\/div>\n\t\t\t\t\t<\/div>\n\t\t\t\t<\/div>\n\t\t\t\t<\/div>\n\t\t","protected":false},"excerpt":{"rendered":"<p>Bienvenue sur le site cycling.favero.com Ce site est g\u00e9r\u00e9 et tenu \u00e0 jour par la soci\u00e9t\u00e9 FAVERO ELECTRONICS Srl TVA n\u00ba 04703130262 &#8211; NIF 04703130262 Si\u00e8ge statutaire : via Ruggero Lombardi, 64 &#8211; 31030 Arcade (Treviso) ITALIA ci-apr\u00e8s d\u00e9nomm\u00e9e FAVERO. INDEX &nbsp; 1. Conditions g\u00e9n\u00e9rales d\u2019utilisation Pour l&rsquo;acc\u00e8s et l&rsquo;utilisation de ce SITE, tout comme [&hellip;]<\/p>\n","protected":false},"author":1,"featured_media":0,"parent":0,"menu_order":0,"comment_status":"closed","ping_status":"closed","template":"","meta":{"_acf_changed":false,"footnotes":""},"class_list":["post-6694","page","type-page","status-publish","hentry"],"acf":[],"yoast_head":"<!-- This site is optimized with the Yoast SEO plugin v25.5 - https:\/\/yoast.com\/wordpress\/plugins\/seo\/ -->\n<title>Conditions G\u00e9n\u00e9rales d\u2019Utilisation - Favero Cycling<\/title>\n<meta name=\"robots\" content=\"noindex, follow, max-snippet:-1, max-image-preview:large, max-video-preview:-1\" \/>\n<meta property=\"og:locale\" content=\"fr_FR\" \/>\n<meta property=\"og:type\" content=\"article\" \/>\n<meta property=\"og:title\" content=\"Conditions G\u00e9n\u00e9rales d\u2019Utilisation - Favero Cycling\" \/>\n<meta property=\"og:description\" content=\"Bienvenue sur le site cycling.favero.com Ce site est g\u00e9r\u00e9 et tenu \u00e0 jour par la soci\u00e9t\u00e9 FAVERO ELECTRONICS Srl TVA n\u00ba 04703130262 &#8211; NIF 04703130262 Si\u00e8ge statutaire : via Ruggero Lombardi, 64 &#8211; 31030 Arcade (Treviso) ITALIA ci-apr\u00e8s d\u00e9nomm\u00e9e FAVERO. INDEX &nbsp; 1. Conditions g\u00e9n\u00e9rales d\u2019utilisation Pour l&rsquo;acc\u00e8s et l&rsquo;utilisation de ce SITE, tout comme [&hellip;]\" \/>\n<meta property=\"og:url\" content=\"https:\/\/favero-dev.calicantus.works\/fr\/conditions-dutilisation\/\" \/>\n<meta property=\"og:site_name\" content=\"Favero Cycling\" \/>\n<meta property=\"article:modified_time\" content=\"2025-11-20T10:36:37+00:00\" \/>\n<meta name=\"twitter:card\" content=\"summary_large_image\" \/>\n<meta name=\"twitter:label1\" content=\"Dur\u00e9e de lecture estim\u00e9e\" \/>\n\t<meta name=\"twitter:data1\" content=\"5 minutes\" \/>\n<script type=\"application\/ld+json\" class=\"yoast-schema-graph\">{\"@context\":\"https:\/\/schema.org\",\"@graph\":[{\"@type\":\"WebPage\",\"@id\":\"https:\/\/favero-dev.calicantus.works\/fr\/conditions-dutilisation\/\",\"url\":\"https:\/\/favero-dev.calicantus.works\/fr\/conditions-dutilisation\/\",\"name\":\"Conditions G\u00e9n\u00e9rales d\u2019Utilisation - Favero Cycling\",\"isPartOf\":{\"@id\":\"https:\/\/favero-dev.calicantus.works\/fr\/#website\"},\"datePublished\":\"2025-06-23T12:32:00+00:00\",\"dateModified\":\"2025-11-20T10:36:37+00:00\",\"breadcrumb\":{\"@id\":\"https:\/\/favero-dev.calicantus.works\/fr\/conditions-dutilisation\/#breadcrumb\"},\"inLanguage\":\"fr-FR\",\"potentialAction\":[{\"@type\":\"ReadAction\",\"target\":[\"https:\/\/favero-dev.calicantus.works\/fr\/conditions-dutilisation\/\"]}]},{\"@type\":\"BreadcrumbList\",\"@id\":\"https:\/\/favero-dev.calicantus.works\/fr\/conditions-dutilisation\/#breadcrumb\",\"itemListElement\":[{\"@type\":\"ListItem\",\"position\":1,\"name\":\"Home\",\"item\":\"https:\/\/favero-dev.calicantus.works\/fr\/\"},{\"@type\":\"ListItem\",\"position\":2,\"name\":\"Conditions G\u00e9n\u00e9rales d\u2019Utilisation\"}]},{\"@type\":\"WebSite\",\"@id\":\"https:\/\/favero-dev.calicantus.works\/fr\/#website\",\"url\":\"https:\/\/favero-dev.calicantus.works\/fr\/\",\"name\":\"Favero Cycling\",\"description\":\"Misuratore di Potenza Ciclismo | Favero Assioma\",\"publisher\":{\"@id\":\"https:\/\/favero-dev.calicantus.works\/fr\/#organization\"},\"potentialAction\":[{\"@type\":\"SearchAction\",\"target\":{\"@type\":\"EntryPoint\",\"urlTemplate\":\"https:\/\/favero-dev.calicantus.works\/fr\/?s={search_term_string}\"},\"query-input\":{\"@type\":\"PropertyValueSpecification\",\"valueRequired\":true,\"valueName\":\"search_term_string\"}}],\"inLanguage\":\"fr-FR\"},{\"@type\":\"Organization\",\"@id\":\"https:\/\/favero-dev.calicantus.works\/fr\/#organization\",\"name\":\"Favero Cycling\",\"url\":\"https:\/\/favero-dev.calicantus.works\/fr\/\",\"logo\":{\"@type\":\"ImageObject\",\"inLanguage\":\"fr-FR\",\"@id\":\"https:\/\/favero-dev.calicantus.works\/fr\/#\/schema\/logo\/image\/\",\"url\":\"https:\/\/favero-dev.calicantus.works\/wp-content\/uploads\/2025\/06\/Logo-favero-nero.svg\",\"contentUrl\":\"https:\/\/favero-dev.calicantus.works\/wp-content\/uploads\/2025\/06\/Logo-favero-nero.svg\",\"width\":120,\"height\":38,\"caption\":\"Favero Cycling\"},\"image\":{\"@id\":\"https:\/\/favero-dev.calicantus.works\/fr\/#\/schema\/logo\/image\/\"}}]}<\/script>\n<!-- \/ Yoast SEO plugin. -->","yoast_head_json":{"title":"Conditions G\u00e9n\u00e9rales d\u2019Utilisation - Favero Cycling","robots":{"index":"noindex","follow":"follow","max-snippet":"max-snippet:-1","max-image-preview":"max-image-preview:large","max-video-preview":"max-video-preview:-1"},"og_locale":"fr_FR","og_type":"article","og_title":"Conditions G\u00e9n\u00e9rales d\u2019Utilisation - Favero Cycling","og_description":"Bienvenue sur le site cycling.favero.com Ce site est g\u00e9r\u00e9 et tenu \u00e0 jour par la soci\u00e9t\u00e9 FAVERO ELECTRONICS Srl TVA n\u00ba 04703130262 &#8211; NIF 04703130262 Si\u00e8ge statutaire : via Ruggero Lombardi, 64 &#8211; 31030 Arcade (Treviso) ITALIA ci-apr\u00e8s d\u00e9nomm\u00e9e FAVERO. INDEX &nbsp; 1. Conditions g\u00e9n\u00e9rales d\u2019utilisation Pour l&rsquo;acc\u00e8s et l&rsquo;utilisation de ce SITE, tout comme [&hellip;]","og_url":"https:\/\/favero-dev.calicantus.works\/fr\/conditions-dutilisation\/","og_site_name":"Favero Cycling","article_modified_time":"2025-11-20T10:36:37+00:00","twitter_card":"summary_large_image","twitter_misc":{"Dur\u00e9e de lecture estim\u00e9e":"5 minutes"},"schema":{"@context":"https:\/\/schema.org","@graph":[{"@type":"WebPage","@id":"https:\/\/favero-dev.calicantus.works\/fr\/conditions-dutilisation\/","url":"https:\/\/favero-dev.calicantus.works\/fr\/conditions-dutilisation\/","name":"Conditions G\u00e9n\u00e9rales d\u2019Utilisation - Favero Cycling","isPartOf":{"@id":"https:\/\/favero-dev.calicantus.works\/fr\/#website"},"datePublished":"2025-06-23T12:32:00+00:00","dateModified":"2025-11-20T10:36:37+00:00","breadcrumb":{"@id":"https:\/\/favero-dev.calicantus.works\/fr\/conditions-dutilisation\/#breadcrumb"},"inLanguage":"fr-FR","potentialAction":[{"@type":"ReadAction","target":["https:\/\/favero-dev.calicantus.works\/fr\/conditions-dutilisation\/"]}]},{"@type":"BreadcrumbList","@id":"https:\/\/favero-dev.calicantus.works\/fr\/conditions-dutilisation\/#breadcrumb","itemListElement":[{"@type":"ListItem","position":1,"name":"Home","item":"https:\/\/favero-dev.calicantus.works\/fr\/"},{"@type":"ListItem","position":2,"name":"Conditions G\u00e9n\u00e9rales d\u2019Utilisation"}]},{"@type":"WebSite","@id":"https:\/\/favero-dev.calicantus.works\/fr\/#website","url":"https:\/\/favero-dev.calicantus.works\/fr\/","name":"Favero Cycling","description":"Misuratore di Potenza Ciclismo | Favero Assioma","publisher":{"@id":"https:\/\/favero-dev.calicantus.works\/fr\/#organization"},"potentialAction":[{"@type":"SearchAction","target":{"@type":"EntryPoint","urlTemplate":"https:\/\/favero-dev.calicantus.works\/fr\/?s={search_term_string}"},"query-input":{"@type":"PropertyValueSpecification","valueRequired":true,"valueName":"search_term_string"}}],"inLanguage":"fr-FR"},{"@type":"Organization","@id":"https:\/\/favero-dev.calicantus.works\/fr\/#organization","name":"Favero Cycling","url":"https:\/\/favero-dev.calicantus.works\/fr\/","logo":{"@type":"ImageObject","inLanguage":"fr-FR","@id":"https:\/\/favero-dev.calicantus.works\/fr\/#\/schema\/logo\/image\/","url":"https:\/\/favero-dev.calicantus.works\/wp-content\/uploads\/2025\/06\/Logo-favero-nero.svg","contentUrl":"https:\/\/favero-dev.calicantus.works\/wp-content\/uploads\/2025\/06\/Logo-favero-nero.svg","width":120,"height":38,"caption":"Favero Cycling"},"image":{"@id":"https:\/\/favero-dev.calicantus.works\/fr\/#\/schema\/logo\/image\/"}}]}},"_links":{"self":[{"href":"https:\/\/favero-dev.calicantus.works\/fr\/wp-json\/wp\/v2\/pages\/6694","targetHints":{"allow":["GET"]}}],"collection":[{"href":"https:\/\/favero-dev.calicantus.works\/fr\/wp-json\/wp\/v2\/pages"}],"about":[{"href":"https:\/\/favero-dev.calicantus.works\/fr\/wp-json\/wp\/v2\/types\/page"}],"author":[{"embeddable":true,"href":"https:\/\/favero-dev.calicantus.works\/fr\/wp-json\/wp\/v2\/users\/1"}],"replies":[{"embeddable":true,"href":"https:\/\/favero-dev.calicantus.works\/fr\/wp-json\/wp\/v2\/comments?post=6694"}],"version-history":[{"count":7,"href":"https:\/\/favero-dev.calicantus.works\/fr\/wp-json\/wp\/v2\/pages\/6694\/revisions"}],"predecessor-version":[{"id":6897,"href":"https:\/\/favero-dev.calicantus.works\/fr\/wp-json\/wp\/v2\/pages\/6694\/revisions\/6897"}],"wp:attachment":[{"href":"https:\/\/favero-dev.calicantus.works\/fr\/wp-json\/wp\/v2\/media?parent=6694"}],"curies":[{"name":"wp","href":"https:\/\/api.w.org\/{rel}","templated":true}]}}