{"id":2645,"date":"2025-06-23T14:30:11","date_gmt":"2025-06-23T12:30:11","guid":{"rendered":"https:\/\/favero-dev.calicantus.works\/company\/"},"modified":"2025-11-18T14:30:00","modified_gmt":"2025-11-18T13:30:00","slug":"company","status":"publish","type":"page","link":"https:\/\/favero-dev.calicantus.works\/fr\/company\/","title":{"rendered":"\u00c0 propos de nous"},"content":{"rendered":"\t\t<div data-elementor-type=\"wp-page\" data-elementor-id=\"2645\" class=\"elementor elementor-2645 elementor-2644\" data-elementor-post-type=\"page\">\n\t\t\t\t<div class=\"elementor-element elementor-element-1177d42 e-flex e-con-boxed e-con e-parent\" data-id=\"1177d42\" data-element_type=\"container\" data-settings=\"{&quot;background_background&quot;:&quot;classic&quot;}\">\n\t\t\t\t\t<div class=\"e-con-inner\">\n\t\t<div class=\"elementor-element elementor-element-01274ca e-con-full e-flex e-con e-child\" data-id=\"01274ca\" data-element_type=\"container\">\n\t\t<div class=\"elementor-element elementor-element-208c3a6 e-con-full e-flex e-con e-child\" data-id=\"208c3a6\" data-element_type=\"container\">\n\t\t<div class=\"elementor-element elementor-element-6f79609 e-con-full e-flex e-con e-child\" data-id=\"6f79609\" data-element_type=\"container\" data-settings=\"{&quot;background_background&quot;:&quot;classic&quot;}\">\n\t\t<div class=\"elementor-element elementor-element-de453db e-con-full e-flex e-con e-child\" data-id=\"de453db\" data-element_type=\"container\">\n\t\t\t\t<div class=\"elementor-element elementor-element-45bc8c5 elementor-widget elementor-widget-heading\" data-id=\"45bc8c5\" data-element_type=\"widget\" data-widget_type=\"heading.default\">\n\t\t\t\t\t<h1 class=\"elementor-heading-title elementor-size-default\">\u00c0 propos de nous\n\n<\/h1>\t\t\t\t<\/div>\n\t\t\t\t<div class=\"elementor-element elementor-element-ca8a664 elementor-widget elementor-widget-heading\" data-id=\"ca8a664\" data-element_type=\"widget\" data-widget_type=\"heading.default\">\n\t\t\t\t\t<h1 class=\"elementor-heading-title elementor-size-default\">Une exp\u00e9rience solide<\/h1>\t\t\t\t<\/div>\n\t\t\t\t<div class=\"elementor-element elementor-element-a881826 elementor-widget elementor-widget-text-editor\" data-id=\"a881826\" data-element_type=\"widget\" data-widget_type=\"text-editor.default\">\n\t\t\t\t\t\t\t\t\t<p>Favero Electronics, dirig\u00e9e par la famille Favero, d\u00e9veloppe et produit des \u00e9quipements sportifs \u00e9lectroniques depuis plus de 30 ans.\u00a0<\/p><p>Une tradition bien ancr\u00e9e dans laquelle l\u2019entreprise a toujours investi dans son personnel, dans de nouvelles id\u00e9es et des projets stimulants. Cette particularit\u00e9 lui a valu une r\u00e9putation d\u2019excellence dans plus de 110 pays \u00e0 travers le monde.<\/p>\t\t\t\t\t\t\t\t<\/div>\n\t\t\t\t<\/div>\n\t\t\t\t<\/div>\n\t\t\t\t<\/div>\n\t\t<div class=\"elementor-element elementor-element-130dde2 e-con-full e-flex e-con e-child\" data-id=\"130dde2\" data-element_type=\"container\">\n\t\t\t\t<div class=\"elementor-element elementor-element-34c6f67 elementor-widget elementor-widget-image\" data-id=\"34c6f67\" data-element_type=\"widget\" data-widget_type=\"image.default\">\n\t\t\t\t\t\t\t\t\t\t\t\t\t\t\t<img loading=\"lazy\" decoding=\"async\" width=\"1039\" height=\"693\" src=\"https:\/\/favero-dev.calicantus.works\/wp-content\/uploads\/2025\/06\/Hero-company.jpg\" class=\"attachment-full size-full wp-image-851\" alt=\"\" srcset=\"https:\/\/favero-dev.calicantus.works\/wp-content\/uploads\/2025\/06\/Hero-company.jpg 1039w, https:\/\/favero-dev.calicantus.works\/wp-content\/uploads\/2025\/06\/Hero-company-300x200.jpg 300w, https:\/\/favero-dev.calicantus.works\/wp-content\/uploads\/2025\/06\/Hero-company-1024x683.jpg 1024w, https:\/\/favero-dev.calicantus.works\/wp-content\/uploads\/2025\/06\/Hero-company-768x512.jpg 768w\" sizes=\"auto, (max-width: 1039px) 100vw, 1039px\" \/>\t\t\t\t\t\t\t\t\t\t\t\t\t\t\t<\/div>\n\t\t\t\t<\/div>\n\t\t\t\t<\/div>\n\t\t<div class=\"elementor-element elementor-element-ec6dfd7 e-con-full e-flex e-con e-child\" data-id=\"ec6dfd7\" data-element_type=\"container\">\n\t\t<div class=\"elementor-element elementor-element-ee4c748 e-con-full e-flex e-con e-child\" data-id=\"ee4c748\" data-element_type=\"container\">\n\t\t<div class=\"elementor-element elementor-element-82d8270 e-con-full e-flex e-con e-child\" data-id=\"82d8270\" data-element_type=\"container\" data-settings=\"{&quot;background_background&quot;:&quot;classic&quot;}\">\n\t\t<div class=\"elementor-element elementor-element-e3a9371 e-con-full e-flex e-con e-child\" data-id=\"e3a9371\" data-element_type=\"container\">\n\t\t\t\t<div class=\"elementor-element elementor-element-31dc9ca elementor-widget elementor-widget-heading\" data-id=\"31dc9ca\" data-element_type=\"widget\" data-widget_type=\"heading.default\">\n\t\t\t\t\t<h2 class=\"elementor-heading-title elementor-size-default\">Made in Italy<\/h2>\t\t\t\t<\/div>\n\t\t\t\t<div class=\"elementor-element elementor-element-0dc71db elementor-widget elementor-widget-text-editor\" data-id=\"0dc71db\" data-element_type=\"widget\" data-widget_type=\"text-editor.default\">\n\t\t\t\t\t\t\t\t\t<p>Nous croyons fermement en l\u2019attention aux d\u00e9tails. Pour cette raison, l\u2019ensemble des \u00e9tapes de conception et de production se d\u00e9roule directement dans notre usine italienne, o\u00f9 chaque processus est pris en charge directement par notre personnel sp\u00e9cialis\u00e9.<\/p>\t\t\t\t\t\t\t\t<\/div>\n\t\t\t\t<\/div>\n\t\t\t\t<\/div>\n\t\t\t\t<\/div>\n\t\t<div class=\"elementor-element elementor-element-b10bd68 e-con-full e-flex e-con e-child\" data-id=\"b10bd68\" data-element_type=\"container\">\n\t\t\t\t<div class=\"elementor-element elementor-element-1760c60 elementor-widget elementor-widget-image\" data-id=\"1760c60\" data-element_type=\"widget\" data-widget_type=\"image.default\">\n\t\t\t\t\t\t\t\t\t\t\t\t\t\t\t<img loading=\"lazy\" decoding=\"async\" width=\"976\" height=\"650\" src=\"https:\/\/favero-dev.calicantus.works\/wp-content\/uploads\/2025\/06\/Sezioni-company_care.jpg\" class=\"attachment-full size-full wp-image-854\" alt=\"\" srcset=\"https:\/\/favero-dev.calicantus.works\/wp-content\/uploads\/2025\/06\/Sezioni-company_care.jpg 976w, https:\/\/favero-dev.calicantus.works\/wp-content\/uploads\/2025\/06\/Sezioni-company_care-300x200.jpg 300w, https:\/\/favero-dev.calicantus.works\/wp-content\/uploads\/2025\/06\/Sezioni-company_care-768x511.jpg 768w\" sizes=\"auto, (max-width: 976px) 100vw, 976px\" \/>\t\t\t\t\t\t\t\t\t\t\t\t\t\t\t<\/div>\n\t\t\t\t<\/div>\n\t\t\t\t<\/div>\n\t\t\t\t\t<\/div>\n\t\t\t\t<\/div>\n\t\t<div class=\"elementor-element elementor-element-7d8c0d4 e-flex e-con-boxed e-con e-parent\" data-id=\"7d8c0d4\" data-element_type=\"container\" data-settings=\"{&quot;background_background&quot;:&quot;classic&quot;}\">\n\t\t\t\t\t<div class=\"e-con-inner\">\n\t\t\t\t<div class=\"elementor-element elementor-element-2b7e2b3 elementor-widget elementor-widget-image-carousel\" data-id=\"2b7e2b3\" data-element_type=\"widget\" data-settings=\"{&quot;slides_to_show&quot;:&quot;4&quot;,&quot;slides_to_show_tablet&quot;:&quot;4&quot;,&quot;slides_to_show_mobile_extra&quot;:&quot;3&quot;,&quot;slides_to_show_mobile&quot;:&quot;3&quot;,&quot;slides_to_scroll&quot;:&quot;1&quot;,&quot;navigation&quot;:&quot;none&quot;,&quot;image_spacing_custom&quot;:{&quot;unit&quot;:&quot;px&quot;,&quot;size&quot;:15,&quot;sizes&quot;:[]},&quot;autoplay&quot;:&quot;yes&quot;,&quot;pause_on_hover&quot;:&quot;yes&quot;,&quot;pause_on_interaction&quot;:&quot;yes&quot;,&quot;autoplay_speed&quot;:5000,&quot;infinite&quot;:&quot;yes&quot;,&quot;speed&quot;:500,&quot;image_spacing_custom_tablet&quot;:{&quot;unit&quot;:&quot;px&quot;,&quot;size&quot;:&quot;&quot;,&quot;sizes&quot;:[]},&quot;image_spacing_custom_mobile_extra&quot;:{&quot;unit&quot;:&quot;px&quot;,&quot;size&quot;:&quot;&quot;,&quot;sizes&quot;:[]},&quot;image_spacing_custom_mobile&quot;:{&quot;unit&quot;:&quot;px&quot;,&quot;size&quot;:&quot;&quot;,&quot;sizes&quot;:[]}}\" data-widget_type=\"image-carousel.default\">\n\t\t\t\t\t\t\t<div class=\"elementor-image-carousel-wrapper swiper\" role=\"region\" aria-roledescription=\"carousel\" aria-label=\"Carosello d&#039;immagini\" dir=\"ltr\">\n\t\t\t<div class=\"elementor-image-carousel swiper-wrapper\" aria-live=\"off\">\n\t\t\t\t\t\t\t\t<div class=\"swiper-slide\" role=\"group\" aria-roledescription=\"slide\" aria-label=\"1 sur 4\"><figure class=\"swiper-slide-inner\"><img decoding=\"async\" class=\"swiper-slide-image\" src=\"https:\/\/favero-dev.calicantus.works\/wp-content\/uploads\/2025\/07\/Carosello-company_3.jpg\" alt=\"Carosello-company_3\" \/><\/figure><\/div><div class=\"swiper-slide\" role=\"group\" aria-roledescription=\"slide\" aria-label=\"2 sur 4\"><figure class=\"swiper-slide-inner\"><img decoding=\"async\" class=\"swiper-slide-image\" src=\"https:\/\/favero-dev.calicantus.works\/wp-content\/uploads\/2025\/07\/Carosello-company_4.jpg\" alt=\"Carosello-company_4\" \/><\/figure><\/div><div class=\"swiper-slide\" role=\"group\" aria-roledescription=\"slide\" aria-label=\"3 sur 4\"><figure class=\"swiper-slide-inner\"><img decoding=\"async\" class=\"swiper-slide-image\" src=\"https:\/\/favero-dev.calicantus.works\/wp-content\/uploads\/2025\/07\/Carosello-company_1.jpg\" alt=\"Carosello-company_1\" \/><\/figure><\/div><div class=\"swiper-slide\" role=\"group\" aria-roledescription=\"slide\" aria-label=\"4 sur 4\"><figure class=\"swiper-slide-inner\"><img decoding=\"async\" class=\"swiper-slide-image\" src=\"https:\/\/favero-dev.calicantus.works\/wp-content\/uploads\/2025\/07\/Carosello-company_2.jpg\" alt=\"Carosello-company_2\" \/><\/figure><\/div>\t\t\t<\/div>\n\t\t\t\t\t\t\t\n\t\t\t\t\t\t\t\t\t<\/div>\n\t\t\t\t\t\t<\/div>\n\t\t\t\t\t<\/div>\n\t\t\t\t<\/div>\n\t\t<div class=\"elementor-element elementor-element-6d48f49 e-flex e-con-boxed e-con e-parent\" data-id=\"6d48f49\" data-element_type=\"container\" data-settings=\"{&quot;background_background&quot;:&quot;classic&quot;}\">\n\t\t\t\t\t<div class=\"e-con-inner\">\n\t\t<div class=\"elementor-element elementor-element-74627d8 e-con-full e-flex e-con e-child\" data-id=\"74627d8\" data-element_type=\"container\">\n\t\t<div class=\"elementor-element elementor-element-badce34 e-con-full e-flex e-con e-child\" data-id=\"badce34\" data-element_type=\"container\">\n\t\t<div class=\"elementor-element elementor-element-6eb6414 e-con-full e-flex e-con e-child\" data-id=\"6eb6414\" data-element_type=\"container\" data-settings=\"{&quot;background_background&quot;:&quot;classic&quot;}\">\n\t\t<div class=\"elementor-element elementor-element-e250946 e-con-full e-flex e-con e-child\" data-id=\"e250946\" data-element_type=\"container\">\n\t\t\t\t<div class=\"elementor-element elementor-element-1a37a03 elementor-widget elementor-widget-heading\" data-id=\"1a37a03\" data-element_type=\"widget\" data-widget_type=\"heading.default\">\n\t\t\t\t\t<h2 class=\"elementor-heading-title elementor-size-default\">Un regard vers l\u2019avenir<\/h2>\t\t\t\t<\/div>\n\t\t\t\t<div class=\"elementor-element elementor-element-aff0f33 elementor-widget elementor-widget-text-editor\" data-id=\"aff0f33\" data-element_type=\"widget\" data-widget_type=\"text-editor.default\">\n\t\t\t\t\t\t\t\t\t<p>Nous aimons exp\u00e9rimenter et cr\u00e9er de nouvelles solutions pour le monde du sport et les sportifs.\u00a0<\/p><p>Notre \u00e9troite collaboration avec des athl\u00e8tes professionnels, des amateurs et des entra\u00eeneurs est une source d\u2019inspiration continue. Tout cela, associ\u00e9 \u00e0 nos nombreuses ann\u00e9es d&rsquo;exp\u00e9rience dans ce domaine, est notre carburant pour une innovation constante.<\/p>\t\t\t\t\t\t\t\t<\/div>\n\t\t\t\t<\/div>\n\t\t\t\t<\/div>\n\t\t\t\t<\/div>\n\t\t<div class=\"elementor-element elementor-element-b7b01b9 e-con-full e-flex e-con e-child\" data-id=\"b7b01b9\" data-element_type=\"container\">\n\t\t\t\t<div class=\"elementor-element elementor-element-438169c elementor-widget elementor-widget-image\" data-id=\"438169c\" data-element_type=\"widget\" data-widget_type=\"image.default\">\n\t\t\t\t\t\t\t\t\t\t\t\t\t\t\t<img loading=\"lazy\" decoding=\"async\" width=\"976\" height=\"650\" src=\"https:\/\/favero-dev.calicantus.works\/wp-content\/uploads\/2025\/07\/Sezioni-company_human.jpg\" class=\"attachment-full size-full wp-image-879\" alt=\"\" srcset=\"https:\/\/favero-dev.calicantus.works\/wp-content\/uploads\/2025\/07\/Sezioni-company_human.jpg 976w, https:\/\/favero-dev.calicantus.works\/wp-content\/uploads\/2025\/07\/Sezioni-company_human-300x200.jpg 300w, https:\/\/favero-dev.calicantus.works\/wp-content\/uploads\/2025\/07\/Sezioni-company_human-768x511.jpg 768w\" sizes=\"auto, (max-width: 976px) 100vw, 976px\" \/>\t\t\t\t\t\t\t\t\t\t\t\t\t\t\t<\/div>\n\t\t\t\t<\/div>\n\t\t\t\t<\/div>\n\t\t\t\t\t<\/div>\n\t\t\t\t<\/div>\n\t\t<div class=\"elementor-element elementor-element-03fb0e9 e-flex e-con-boxed e-con e-parent\" data-id=\"03fb0e9\" data-element_type=\"container\" data-settings=\"{&quot;background_background&quot;:&quot;classic&quot;}\">\n\t\t\t\t\t<div class=\"e-con-inner\">\n\t\t<div class=\"elementor-element elementor-element-0e27aec e-con-full e-flex e-con e-child\" data-id=\"0e27aec\" data-element_type=\"container\" data-settings=\"{&quot;background_background&quot;:&quot;classic&quot;}\">\n\t\t\t\t<div class=\"elementor-element elementor-element-048c2e1 elementor-widget elementor-widget-heading\" data-id=\"048c2e1\" data-element_type=\"widget\" data-widget_type=\"heading.default\">\n\t\t\t\t\t<h4 class=\"elementor-heading-title elementor-size-default\">Dossier de presse<\/h4>\t\t\t\t<\/div>\n\t\t\t\t<div class=\"elementor-element elementor-element-635498d elementor-widget elementor-widget-text-editor\" data-id=\"635498d\" data-element_type=\"widget\" data-widget_type=\"text-editor.default\">\n\t\t\t\t\t\t\t\t\t<p>Acc\u00e9dez \u00e0 toutes les informations sur nos produits<\/p>\t\t\t\t\t\t\t\t<\/div>\n\t\t\t\t<div class=\"elementor-element elementor-element-37500ea elementor-mobile_extra-align-justify elementor-widget elementor-widget-button\" data-id=\"37500ea\" data-element_type=\"widget\" data-widget_type=\"button.default\">\n\t\t\t\t\t\t\t\t\t\t<a class=\"elementor-button elementor-button-link elementor-size-sm\" href=\"https:\/\/drive.google.com\/drive\/folders\/0B2oavX_KEtf8djlkZDdMWUVXOUk?resourcekey=0--69LGUgu85crKIUv_UrCag\" target=\"_blank\">\n\t\t\t\t\t\t<span class=\"elementor-button-content-wrapper\">\n\t\t\t\t\t\t\t\t\t<span class=\"elementor-button-text\">D\u00c9COUVRIR<\/span>\n\t\t\t\t\t<\/span>\n\t\t\t\t\t<\/a>\n\t\t\t\t\t\t\t\t<\/div>\n\t\t\t\t<\/div>\n\t\t\t\t\t<\/div>\n\t\t\t\t<\/div>\n\t\t<div class=\"elementor-element elementor-element-f94f590 e-con-full e-flex e-con e-parent\" data-id=\"f94f590\" data-element_type=\"container\">\n\t\t\t\t<div class=\"elementor-element elementor-element-89ac587 elementor-widget elementor-widget-template\" data-id=\"89ac587\" data-element_type=\"widget\" data-widget_type=\"template.default\">\n\t\t\t\t<div class=\"elementor-widget-container\">\n\t\t\t\t\t\t\t<div class=\"elementor-template\">\n\t\t\t\t\t<div data-elementor-type=\"section\" data-elementor-id=\"2597\" class=\"elementor elementor-2597 elementor-2594\" data-elementor-post-type=\"elementor_library\">\n\t\t\t<div class=\"elementor-element elementor-element-5f63c14 e-flex e-con-boxed e-con e-parent\" data-id=\"5f63c14\" data-element_type=\"container\" data-settings=\"{&quot;background_background&quot;:&quot;classic&quot;}\">\n\t\t\t\t\t<div class=\"e-con-inner\">\n\t\t<div class=\"elementor-element elementor-element-0391692 e-con-full dimensione-immagine-news e-flex e-con e-child\" data-id=\"0391692\" data-element_type=\"container\" data-settings=\"{&quot;background_background&quot;:&quot;classic&quot;}\">\n\t\t\t\t<\/div>\n\t\t<div class=\"elementor-element elementor-element-392ee6d e-con-full newsletter e-flex e-con e-child\" data-id=\"392ee6d\" data-element_type=\"container\">\n\t\t\t\t<div class=\"elementor-element elementor-element-85da25d newsletter elementor-widget elementor-widget-heading\" data-id=\"85da25d\" data-element_type=\"widget\" data-widget_type=\"heading.default\">\n\t\t\t\t\t<h4 class=\"elementor-heading-title elementor-size-default\">Ne manquez pas les actualit\u00e9s et les offres<\/h4>\t\t\t\t<\/div>\n\t\t\t\t<div class=\"elementor-element elementor-element-63df5db elementor-widget elementor-widget-text-editor\" data-id=\"63df5db\" data-element_type=\"widget\" data-widget_type=\"text-editor.default\">\n\t\t\t\t\t\t\t\t\t<p>Inscrivez-vous \u00e0 notre newsletter et restez inform\u00e9 des actualit\u00e9s, des nouveaux produits et des offres exclusives.<\/p>\n\t\t\t\t\t\t\t\t<\/div>\n\t\t\t\t<div class=\"elementor-element elementor-element-5715cf0 elementor-mobile_extra-align-justify elementor-widget elementor-widget-button\" data-id=\"5715cf0\" data-element_type=\"widget\" data-widget_type=\"button.default\">\n\t\t\t\t\t\t\t\t\t\t<a class=\"elementor-button elementor-button-link elementor-size-sm\" href=\"#elementor-action%3Aaction%3Dpopup%3Aopen%26settings%3DeyJpZCI6NTM3MiwidG9nZ2xlIjpmYWxzZX0%3D\">\n\t\t\t\t\t\t<span class=\"elementor-button-content-wrapper\">\n\t\t\t\t\t\t\t\t\t<span class=\"elementor-button-text\">Abonnez-vous \u00e0 la newsletter<\/span>\n\t\t\t\t\t<\/span>\n\t\t\t\t\t<\/a>\n\t\t\t\t\t\t\t\t<\/div>\n\t\t\t\t<\/div>\n\t\t\t\t\t<\/div>\n\t\t\t\t<\/div>\n\t\t\t\t<\/div>\n\t\t\t\t<\/div>\n\t\t\t\t\t\t<\/div>\n\t\t\t\t<\/div>\n\t\t\t\t<\/div>\n\t\t\t\t<\/div>\n\t\t","protected":false},"excerpt":{"rendered":"<p>\u00c0 propos de nous Une exp\u00e9rience solide Favero Electronics, dirig\u00e9e par la famille Favero, d\u00e9veloppe et produit des \u00e9quipements sportifs \u00e9lectroniques depuis plus de 30 ans. Une tradition bien ancr\u00e9e dans laquelle l\u2019entreprise a toujours investi dans son personnel, dans de nouvelles id\u00e9es et des projets stimulants. Cette particularit\u00e9 lui a valu une r\u00e9putation d\u2019excellence [&hellip;]<\/p>\n","protected":false},"author":1,"featured_media":0,"parent":0,"menu_order":0,"comment_status":"closed","ping_status":"closed","template":"","meta":{"_acf_changed":false,"footnotes":""},"class_list":["post-2645","page","type-page","status-publish","hentry"],"acf":[],"yoast_head":"<!-- This site is optimized with the Yoast SEO plugin v25.5 - https:\/\/yoast.com\/wordpress\/plugins\/seo\/ -->\n<title>\u00c0 propos de nous - Favero Cycling<\/title>\n<meta name=\"robots\" content=\"noindex, follow, max-snippet:-1, max-image-preview:large, max-video-preview:-1\" \/>\n<meta property=\"og:locale\" content=\"fr_FR\" \/>\n<meta property=\"og:type\" content=\"article\" \/>\n<meta property=\"og:title\" content=\"\u00c0 propos de nous - Favero Cycling\" \/>\n<meta property=\"og:description\" content=\"\u00c0 propos de nous Une exp\u00e9rience solide Favero Electronics, dirig\u00e9e par la famille Favero, d\u00e9veloppe et produit des \u00e9quipements sportifs \u00e9lectroniques depuis plus de 30 ans. Une tradition bien ancr\u00e9e dans laquelle l\u2019entreprise a toujours investi dans son personnel, dans de nouvelles id\u00e9es et des projets stimulants. Cette particularit\u00e9 lui a valu une r\u00e9putation d\u2019excellence [&hellip;]\" \/>\n<meta property=\"og:url\" content=\"https:\/\/favero-dev.calicantus.works\/fr\/company\/\" \/>\n<meta property=\"og:site_name\" content=\"Favero Cycling\" \/>\n<meta property=\"article:modified_time\" content=\"2025-11-18T13:30:00+00:00\" \/>\n<meta property=\"og:image\" content=\"https:\/\/favero-dev.calicantus.works\/wp-content\/uploads\/2025\/06\/Hero-company.jpg\" \/>\n<meta name=\"twitter:card\" content=\"summary_large_image\" \/>\n<meta name=\"twitter:label1\" content=\"Dur\u00e9e de lecture estim\u00e9e\" \/>\n\t<meta name=\"twitter:data1\" content=\"3 minutes\" \/>\n<script type=\"application\/ld+json\" class=\"yoast-schema-graph\">{\"@context\":\"https:\/\/schema.org\",\"@graph\":[{\"@type\":\"WebPage\",\"@id\":\"https:\/\/favero-dev.calicantus.works\/fr\/company\/\",\"url\":\"https:\/\/favero-dev.calicantus.works\/fr\/company\/\",\"name\":\"\u00c0 propos de nous - Favero Cycling\",\"isPartOf\":{\"@id\":\"https:\/\/favero-dev.calicantus.works\/fr\/#website\"},\"primaryImageOfPage\":{\"@id\":\"https:\/\/favero-dev.calicantus.works\/fr\/company\/#primaryimage\"},\"image\":{\"@id\":\"https:\/\/favero-dev.calicantus.works\/fr\/company\/#primaryimage\"},\"thumbnailUrl\":\"https:\/\/favero-dev.calicantus.works\/wp-content\/uploads\/2025\/06\/Hero-company.jpg\",\"datePublished\":\"2025-06-23T12:30:11+00:00\",\"dateModified\":\"2025-11-18T13:30:00+00:00\",\"breadcrumb\":{\"@id\":\"https:\/\/favero-dev.calicantus.works\/fr\/company\/#breadcrumb\"},\"inLanguage\":\"fr-FR\",\"potentialAction\":[{\"@type\":\"ReadAction\",\"target\":[\"https:\/\/favero-dev.calicantus.works\/fr\/company\/\"]}]},{\"@type\":\"ImageObject\",\"inLanguage\":\"fr-FR\",\"@id\":\"https:\/\/favero-dev.calicantus.works\/fr\/company\/#primaryimage\",\"url\":\"https:\/\/favero-dev.calicantus.works\/wp-content\/uploads\/2025\/06\/Hero-company.jpg\",\"contentUrl\":\"https:\/\/favero-dev.calicantus.works\/wp-content\/uploads\/2025\/06\/Hero-company.jpg\"},{\"@type\":\"BreadcrumbList\",\"@id\":\"https:\/\/favero-dev.calicantus.works\/fr\/company\/#breadcrumb\",\"itemListElement\":[{\"@type\":\"ListItem\",\"position\":1,\"name\":\"Home\",\"item\":\"https:\/\/favero-dev.calicantus.works\/fr\/\"},{\"@type\":\"ListItem\",\"position\":2,\"name\":\"\u00c0 propos de nous\"}]},{\"@type\":\"WebSite\",\"@id\":\"https:\/\/favero-dev.calicantus.works\/fr\/#website\",\"url\":\"https:\/\/favero-dev.calicantus.works\/fr\/\",\"name\":\"Favero Cycling\",\"description\":\"Misuratore di Potenza Ciclismo | Favero Assioma\",\"publisher\":{\"@id\":\"https:\/\/favero-dev.calicantus.works\/fr\/#organization\"},\"potentialAction\":[{\"@type\":\"SearchAction\",\"target\":{\"@type\":\"EntryPoint\",\"urlTemplate\":\"https:\/\/favero-dev.calicantus.works\/fr\/?s={search_term_string}\"},\"query-input\":{\"@type\":\"PropertyValueSpecification\",\"valueRequired\":true,\"valueName\":\"search_term_string\"}}],\"inLanguage\":\"fr-FR\"},{\"@type\":\"Organization\",\"@id\":\"https:\/\/favero-dev.calicantus.works\/fr\/#organization\",\"name\":\"Favero Cycling\",\"url\":\"https:\/\/favero-dev.calicantus.works\/fr\/\",\"logo\":{\"@type\":\"ImageObject\",\"inLanguage\":\"fr-FR\",\"@id\":\"https:\/\/favero-dev.calicantus.works\/fr\/#\/schema\/logo\/image\/\",\"url\":\"https:\/\/favero-dev.calicantus.works\/wp-content\/uploads\/2025\/06\/Logo-favero-nero.svg\",\"contentUrl\":\"https:\/\/favero-dev.calicantus.works\/wp-content\/uploads\/2025\/06\/Logo-favero-nero.svg\",\"width\":120,\"height\":38,\"caption\":\"Favero Cycling\"},\"image\":{\"@id\":\"https:\/\/favero-dev.calicantus.works\/fr\/#\/schema\/logo\/image\/\"}}]}<\/script>\n<!-- \/ Yoast SEO plugin. -->","yoast_head_json":{"title":"\u00c0 propos de nous - Favero Cycling","robots":{"index":"noindex","follow":"follow","max-snippet":"max-snippet:-1","max-image-preview":"max-image-preview:large","max-video-preview":"max-video-preview:-1"},"og_locale":"fr_FR","og_type":"article","og_title":"\u00c0 propos de nous - Favero Cycling","og_description":"\u00c0 propos de nous Une exp\u00e9rience solide Favero Electronics, dirig\u00e9e par la famille Favero, d\u00e9veloppe et produit des \u00e9quipements sportifs \u00e9lectroniques depuis plus de 30 ans. Une tradition bien ancr\u00e9e dans laquelle l\u2019entreprise a toujours investi dans son personnel, dans de nouvelles id\u00e9es et des projets stimulants. Cette particularit\u00e9 lui a valu une r\u00e9putation d\u2019excellence [&hellip;]","og_url":"https:\/\/favero-dev.calicantus.works\/fr\/company\/","og_site_name":"Favero Cycling","article_modified_time":"2025-11-18T13:30:00+00:00","og_image":[{"url":"https:\/\/favero-dev.calicantus.works\/wp-content\/uploads\/2025\/06\/Hero-company.jpg","type":"","width":"","height":""}],"twitter_card":"summary_large_image","twitter_misc":{"Dur\u00e9e de lecture estim\u00e9e":"3 minutes"},"schema":{"@context":"https:\/\/schema.org","@graph":[{"@type":"WebPage","@id":"https:\/\/favero-dev.calicantus.works\/fr\/company\/","url":"https:\/\/favero-dev.calicantus.works\/fr\/company\/","name":"\u00c0 propos de nous - Favero Cycling","isPartOf":{"@id":"https:\/\/favero-dev.calicantus.works\/fr\/#website"},"primaryImageOfPage":{"@id":"https:\/\/favero-dev.calicantus.works\/fr\/company\/#primaryimage"},"image":{"@id":"https:\/\/favero-dev.calicantus.works\/fr\/company\/#primaryimage"},"thumbnailUrl":"https:\/\/favero-dev.calicantus.works\/wp-content\/uploads\/2025\/06\/Hero-company.jpg","datePublished":"2025-06-23T12:30:11+00:00","dateModified":"2025-11-18T13:30:00+00:00","breadcrumb":{"@id":"https:\/\/favero-dev.calicantus.works\/fr\/company\/#breadcrumb"},"inLanguage":"fr-FR","potentialAction":[{"@type":"ReadAction","target":["https:\/\/favero-dev.calicantus.works\/fr\/company\/"]}]},{"@type":"ImageObject","inLanguage":"fr-FR","@id":"https:\/\/favero-dev.calicantus.works\/fr\/company\/#primaryimage","url":"https:\/\/favero-dev.calicantus.works\/wp-content\/uploads\/2025\/06\/Hero-company.jpg","contentUrl":"https:\/\/favero-dev.calicantus.works\/wp-content\/uploads\/2025\/06\/Hero-company.jpg"},{"@type":"BreadcrumbList","@id":"https:\/\/favero-dev.calicantus.works\/fr\/company\/#breadcrumb","itemListElement":[{"@type":"ListItem","position":1,"name":"Home","item":"https:\/\/favero-dev.calicantus.works\/fr\/"},{"@type":"ListItem","position":2,"name":"\u00c0 propos de nous"}]},{"@type":"WebSite","@id":"https:\/\/favero-dev.calicantus.works\/fr\/#website","url":"https:\/\/favero-dev.calicantus.works\/fr\/","name":"Favero Cycling","description":"Misuratore di Potenza Ciclismo | Favero Assioma","publisher":{"@id":"https:\/\/favero-dev.calicantus.works\/fr\/#organization"},"potentialAction":[{"@type":"SearchAction","target":{"@type":"EntryPoint","urlTemplate":"https:\/\/favero-dev.calicantus.works\/fr\/?s={search_term_string}"},"query-input":{"@type":"PropertyValueSpecification","valueRequired":true,"valueName":"search_term_string"}}],"inLanguage":"fr-FR"},{"@type":"Organization","@id":"https:\/\/favero-dev.calicantus.works\/fr\/#organization","name":"Favero Cycling","url":"https:\/\/favero-dev.calicantus.works\/fr\/","logo":{"@type":"ImageObject","inLanguage":"fr-FR","@id":"https:\/\/favero-dev.calicantus.works\/fr\/#\/schema\/logo\/image\/","url":"https:\/\/favero-dev.calicantus.works\/wp-content\/uploads\/2025\/06\/Logo-favero-nero.svg","contentUrl":"https:\/\/favero-dev.calicantus.works\/wp-content\/uploads\/2025\/06\/Logo-favero-nero.svg","width":120,"height":38,"caption":"Favero Cycling"},"image":{"@id":"https:\/\/favero-dev.calicantus.works\/fr\/#\/schema\/logo\/image\/"}}]}},"_links":{"self":[{"href":"https:\/\/favero-dev.calicantus.works\/fr\/wp-json\/wp\/v2\/pages\/2645","targetHints":{"allow":["GET"]}}],"collection":[{"href":"https:\/\/favero-dev.calicantus.works\/fr\/wp-json\/wp\/v2\/pages"}],"about":[{"href":"https:\/\/favero-dev.calicantus.works\/fr\/wp-json\/wp\/v2\/types\/page"}],"author":[{"embeddable":true,"href":"https:\/\/favero-dev.calicantus.works\/fr\/wp-json\/wp\/v2\/users\/1"}],"replies":[{"embeddable":true,"href":"https:\/\/favero-dev.calicantus.works\/fr\/wp-json\/wp\/v2\/comments?post=2645"}],"version-history":[{"count":15,"href":"https:\/\/favero-dev.calicantus.works\/fr\/wp-json\/wp\/v2\/pages\/2645\/revisions"}],"predecessor-version":[{"id":4501,"href":"https:\/\/favero-dev.calicantus.works\/fr\/wp-json\/wp\/v2\/pages\/2645\/revisions\/4501"}],"wp:attachment":[{"href":"https:\/\/favero-dev.calicantus.works\/fr\/wp-json\/wp\/v2\/media?parent=2645"}],"curies":[{"name":"wp","href":"https:\/\/api.w.org\/{rel}","templated":true}]}}