{"id":7436,"date":"2025-11-13T17:08:42","date_gmt":"2025-11-13T16:08:42","guid":{"rendered":"https:\/\/favero-dev.calicantus.works\/register\/"},"modified":"2025-11-20T15:20:23","modified_gmt":"2025-11-20T14:20:23","slug":"register","status":"publish","type":"page","link":"https:\/\/favero-dev.calicantus.works\/es\/register\/","title":{"rendered":"Register"},"content":{"rendered":"\t\t<div data-elementor-type=\"wp-page\" data-elementor-id=\"7436\" class=\"elementor elementor-7436 elementor-5547\" data-elementor-post-type=\"page\">\n\t\t\t\t<div class=\"elementor-element elementor-element-271941e e-flex e-con-boxed e-con e-parent\" data-id=\"271941e\" data-element_type=\"container\" data-settings=\"{&quot;background_background&quot;:&quot;classic&quot;}\">\n\t\t\t\t\t<div class=\"e-con-inner\">\n\t\t<div class=\"elementor-element elementor-element-205af5c e-flex e-con-boxed e-con e-child\" data-id=\"205af5c\" data-element_type=\"container\">\n\t\t\t\t\t<div class=\"e-con-inner\">\n\t\t\t\t<div class=\"elementor-element elementor-element-24704c4 elementor-widget elementor-widget-shortcode\" data-id=\"24704c4\" data-element_type=\"widget\" data-widget_type=\"shortcode.default\">\n\t\t\t\t\t\t\t<div class=\"elementor-shortcode\"><div class=\"bci-register bci-component  elementor-widget-form elementor-button-align-start elementor-form-profile\">\n  <div class=\"header-form-favero\">\n      <h1 class=\"title-form\">Inscribirse<\/h1>\n      <p class=\"font-p-form\">Crea tu cuenta. Gestionar tus pedidos ser\u00e1 m\u00e1s f\u00e1cil.<\/p>\n      <p class=\"font-p-form\">Do you already have an account? <a href=\"https:\/\/favero-dev.calicantus.works\/es\/log-in\/\">Iniciar sesi\u00f3n<\/a><\/p>\n  <\/div>\n\n  \n      <form method=\"post\" class=\"bci-register__form\">\n      <div class=\"elementor-form-fields-wrapper\">\n        <div class=\"bci-field bci-field--email elementor-column elementor-col-100 elementor-field-group\">\n          <label for=\"bci_email\" class=\"bci-label elementor-field-label\">Correo *<\/label>\n          <input type=\"email\" id=\"bci_email\" class=\"bci-input elementor-field elementor-size-md  elementor-field-textual\" name=\"bci_email\" value=\"\" required \/>\n        <\/div>\n\n        <div class=\"bci-field bci-field--first-name elementor-column elementor-col-50 elementor-field-group\">\n          <label for=\"bci_first_name\" class=\"bci-label elementor-field-label\">Nombre de pila *<\/label>\n          <input type=\"text\" id=\"bci_first_name\" class=\"bci-input elementor-field elementor-size-md  elementor-field-textual\" name=\"bci_first_name\" value=\"\" required \/>\n        <\/div>\n\n        <div class=\"bci-field bci-field--last-name elementor-column elementor-col-50 elementor-field-group\">\n          <label for=\"bci_last_name\" class=\"bci-label elementor-field-label\">Apellido *<\/label>\n          <input type=\"text\" id=\"bci_last_name\" class=\"bci-input elementor-field elementor-size-md  elementor-field-textual\" name=\"bci_last_name\" value=\"\" required \/>\n        <\/div>\n\n        <div class=\"bci-field bci-field--password elementor-column elementor-col-50 elementor-field-group\">\n          <label for=\"bci_password\" class=\"bci-label elementor-field-label\">Contrase\u00f1a *<\/label>\n          <input type=\"password\" id=\"bci_password\" class=\"bci-input elementor-field elementor-size-md  elementor-field-textual\" name=\"bci_password\" value=\"\" required autocomplete=\"new-password\" \/>\n        <\/div>\n\n        <div class=\"bci-field bci-field--confirm-password elementor-column elementor-col-50 elementor-field-group\">\n          <label for=\"bci_confirm_password\" class=\"bci-label elementor-field-label\">confirmar Contrase\u00f1a *<\/label>\n          <input type=\"password\" id=\"bci_confirm_password\" class=\"bci-input elementor-field elementor-size-md  elementor-field-textual\" name=\"bci_confirm_password\" value=\"\" required autocomplete=\"new-password\" \/>\n        <\/div>\n\n        <div class=\"bci-field bci-field--checkbox bci-field--privacy elementor-column elementor-col-100 elementor-field-group\">\n          <label for=\"bci_accept_privacy\" class=\"bci-label bci-label--checkbox elementor-field-label\">\n            <input type=\"checkbox\" id=\"bci_accept_privacy\" name=\"bci_accept_privacy\" value=\"1\" required \/>\n            Acepto el <a href=\"https:\/\/favero-dev.calicantus.works\/es\/privacy-policy\/\" target=\"_blank\">Pol\u00edtica de privacidad<\/a> *\n          <\/label>\n        <\/div>\n\n        <div class=\"bci-field bci-field--checkbox bci-field--terms elementor-column elementor-col-100 elementor-field-group\">\n          <label for=\"bci_accept_terms\" class=\"bci-label bci-label--checkbox elementor-field-label\">\n            <input type=\"checkbox\" id=\"bci_accept_terms\" name=\"bci_accept_terms\" value=\"1\" required \/>\n            Acepto el <a href=\"https:\/\/favero-dev.calicantus.works\/es\/condiciones-uso\/\" target=\"_blank\">T\u00e9rminos y condiciones<\/a> *\n          <\/label>\n        <\/div>\n\n        <input type=\"hidden\" id=\"bci_sc_register_nonce_field\" name=\"bci_sc_register_nonce_field\" value=\"9a1ee7d80f\" \/><input type=\"hidden\" name=\"_wp_http_referer\" value=\"\/es\/wp-json\/wp\/v2\/pages\/7436\" \/>\n        <input type=\"hidden\" name=\"bci_sc_register_action\" value=\"1\" \/>\n\n        <p class=\" bci-actions form-actions elementor-column elementor-col-100 elementor-field-group elementor-field-type-submit e-form__buttons\">\n          <button class=\" bci-register__submit elementor-button elementor-size-sm \" type=\"submit\">\n              <span class=\"elementor-button-content-wrapper\">\n                  <span class=\"elementor-button-text\">Registro<\/span>\n              <\/span>\n          <\/button>\n        <\/p>\n\n            \n      <\/div>\n    <\/form>\n  <\/div>\n\n<\/div>\n\t\t\t\t\t\t<\/div>\n\t\t\t\t\t<\/div>\n\t\t\t\t<\/div>\n\t\t\t\t\t<\/div>\n\t\t\t\t<\/div>\n\t\t\t\t<\/div>\n\t\t","protected":false},"excerpt":{"rendered":"","protected":false},"author":2,"featured_media":0,"parent":0,"menu_order":0,"comment_status":"closed","ping_status":"closed","template":"","meta":{"_acf_changed":false,"footnotes":""},"class_list":["post-7436","page","type-page","status-publish","hentry"],"acf":[],"yoast_head":"<!-- This site is optimized with the Yoast SEO plugin v25.5 - https:\/\/yoast.com\/wordpress\/plugins\/seo\/ -->\n<title>Register - Favero Cycling<\/title>\n<meta name=\"robots\" content=\"noindex, follow, max-snippet:-1, max-image-preview:large, max-video-preview:-1\" \/>\n<meta property=\"og:locale\" content=\"es_ES\" \/>\n<meta property=\"og:type\" content=\"article\" \/>\n<meta property=\"og:title\" content=\"Register - Favero Cycling\" \/>\n<meta property=\"og:url\" content=\"https:\/\/favero-dev.calicantus.works\/es\/register\/\" \/>\n<meta property=\"og:site_name\" content=\"Favero Cycling\" \/>\n<meta property=\"article:modified_time\" content=\"2025-11-20T14:20:23+00:00\" \/>\n<meta name=\"twitter:card\" content=\"summary_large_image\" \/>\n<script type=\"application\/ld+json\" class=\"yoast-schema-graph\">{\"@context\":\"https:\/\/schema.org\",\"@graph\":[{\"@type\":\"WebPage\",\"@id\":\"https:\/\/favero-dev.calicantus.works\/es\/register\/\",\"url\":\"https:\/\/favero-dev.calicantus.works\/es\/register\/\",\"name\":\"Register - Favero Cycling\",\"isPartOf\":{\"@id\":\"https:\/\/favero-dev.calicantus.works\/es\/#website\"},\"datePublished\":\"2025-11-13T16:08:42+00:00\",\"dateModified\":\"2025-11-20T14:20:23+00:00\",\"breadcrumb\":{\"@id\":\"https:\/\/favero-dev.calicantus.works\/es\/register\/#breadcrumb\"},\"inLanguage\":\"es\",\"potentialAction\":[{\"@type\":\"ReadAction\",\"target\":[\"https:\/\/favero-dev.calicantus.works\/es\/register\/\"]}]},{\"@type\":\"BreadcrumbList\",\"@id\":\"https:\/\/favero-dev.calicantus.works\/es\/register\/#breadcrumb\",\"itemListElement\":[{\"@type\":\"ListItem\",\"position\":1,\"name\":\"Home\",\"item\":\"https:\/\/favero-dev.calicantus.works\/es\/\"},{\"@type\":\"ListItem\",\"position\":2,\"name\":\"Register\"}]},{\"@type\":\"WebSite\",\"@id\":\"https:\/\/favero-dev.calicantus.works\/es\/#website\",\"url\":\"https:\/\/favero-dev.calicantus.works\/es\/\",\"name\":\"Favero Cycling\",\"description\":\"Misuratore di Potenza Ciclismo | Favero Assioma\",\"publisher\":{\"@id\":\"https:\/\/favero-dev.calicantus.works\/es\/#organization\"},\"potentialAction\":[{\"@type\":\"SearchAction\",\"target\":{\"@type\":\"EntryPoint\",\"urlTemplate\":\"https:\/\/favero-dev.calicantus.works\/es\/?s={search_term_string}\"},\"query-input\":{\"@type\":\"PropertyValueSpecification\",\"valueRequired\":true,\"valueName\":\"search_term_string\"}}],\"inLanguage\":\"es\"},{\"@type\":\"Organization\",\"@id\":\"https:\/\/favero-dev.calicantus.works\/es\/#organization\",\"name\":\"Favero Cycling\",\"url\":\"https:\/\/favero-dev.calicantus.works\/es\/\",\"logo\":{\"@type\":\"ImageObject\",\"inLanguage\":\"es\",\"@id\":\"https:\/\/favero-dev.calicantus.works\/es\/#\/schema\/logo\/image\/\",\"url\":\"https:\/\/favero-dev.calicantus.works\/wp-content\/uploads\/2025\/06\/Logo-favero-nero.svg\",\"contentUrl\":\"https:\/\/favero-dev.calicantus.works\/wp-content\/uploads\/2025\/06\/Logo-favero-nero.svg\",\"width\":120,\"height\":38,\"caption\":\"Favero Cycling\"},\"image\":{\"@id\":\"https:\/\/favero-dev.calicantus.works\/es\/#\/schema\/logo\/image\/\"}}]}<\/script>\n<!-- \/ Yoast SEO plugin. -->","yoast_head_json":{"title":"Register - Favero Cycling","robots":{"index":"noindex","follow":"follow","max-snippet":"max-snippet:-1","max-image-preview":"max-image-preview:large","max-video-preview":"max-video-preview:-1"},"og_locale":"es_ES","og_type":"article","og_title":"Register - Favero Cycling","og_url":"https:\/\/favero-dev.calicantus.works\/es\/register\/","og_site_name":"Favero Cycling","article_modified_time":"2025-11-20T14:20:23+00:00","twitter_card":"summary_large_image","schema":{"@context":"https:\/\/schema.org","@graph":[{"@type":"WebPage","@id":"https:\/\/favero-dev.calicantus.works\/es\/register\/","url":"https:\/\/favero-dev.calicantus.works\/es\/register\/","name":"Register - Favero Cycling","isPartOf":{"@id":"https:\/\/favero-dev.calicantus.works\/es\/#website"},"datePublished":"2025-11-13T16:08:42+00:00","dateModified":"2025-11-20T14:20:23+00:00","breadcrumb":{"@id":"https:\/\/favero-dev.calicantus.works\/es\/register\/#breadcrumb"},"inLanguage":"es","potentialAction":[{"@type":"ReadAction","target":["https:\/\/favero-dev.calicantus.works\/es\/register\/"]}]},{"@type":"BreadcrumbList","@id":"https:\/\/favero-dev.calicantus.works\/es\/register\/#breadcrumb","itemListElement":[{"@type":"ListItem","position":1,"name":"Home","item":"https:\/\/favero-dev.calicantus.works\/es\/"},{"@type":"ListItem","position":2,"name":"Register"}]},{"@type":"WebSite","@id":"https:\/\/favero-dev.calicantus.works\/es\/#website","url":"https:\/\/favero-dev.calicantus.works\/es\/","name":"Favero Cycling","description":"Misuratore di Potenza Ciclismo | Favero Assioma","publisher":{"@id":"https:\/\/favero-dev.calicantus.works\/es\/#organization"},"potentialAction":[{"@type":"SearchAction","target":{"@type":"EntryPoint","urlTemplate":"https:\/\/favero-dev.calicantus.works\/es\/?s={search_term_string}"},"query-input":{"@type":"PropertyValueSpecification","valueRequired":true,"valueName":"search_term_string"}}],"inLanguage":"es"},{"@type":"Organization","@id":"https:\/\/favero-dev.calicantus.works\/es\/#organization","name":"Favero Cycling","url":"https:\/\/favero-dev.calicantus.works\/es\/","logo":{"@type":"ImageObject","inLanguage":"es","@id":"https:\/\/favero-dev.calicantus.works\/es\/#\/schema\/logo\/image\/","url":"https:\/\/favero-dev.calicantus.works\/wp-content\/uploads\/2025\/06\/Logo-favero-nero.svg","contentUrl":"https:\/\/favero-dev.calicantus.works\/wp-content\/uploads\/2025\/06\/Logo-favero-nero.svg","width":120,"height":38,"caption":"Favero Cycling"},"image":{"@id":"https:\/\/favero-dev.calicantus.works\/es\/#\/schema\/logo\/image\/"}}]}},"_links":{"self":[{"href":"https:\/\/favero-dev.calicantus.works\/es\/wp-json\/wp\/v2\/pages\/7436","targetHints":{"allow":["GET"]}}],"collection":[{"href":"https:\/\/favero-dev.calicantus.works\/es\/wp-json\/wp\/v2\/pages"}],"about":[{"href":"https:\/\/favero-dev.calicantus.works\/es\/wp-json\/wp\/v2\/types\/page"}],"author":[{"embeddable":true,"href":"https:\/\/favero-dev.calicantus.works\/es\/wp-json\/wp\/v2\/users\/2"}],"replies":[{"embeddable":true,"href":"https:\/\/favero-dev.calicantus.works\/es\/wp-json\/wp\/v2\/comments?post=7436"}],"version-history":[{"count":1,"href":"https:\/\/favero-dev.calicantus.works\/es\/wp-json\/wp\/v2\/pages\/7436\/revisions"}],"predecessor-version":[{"id":7437,"href":"https:\/\/favero-dev.calicantus.works\/es\/wp-json\/wp\/v2\/pages\/7436\/revisions\/7437"}],"wp:attachment":[{"href":"https:\/\/favero-dev.calicantus.works\/es\/wp-json\/wp\/v2\/media?parent=7436"}],"curies":[{"name":"wp","href":"https:\/\/api.w.org\/{rel}","templated":true}]}}