{"id":7108,"date":"2025-11-19T15:45:18","date_gmt":"2025-11-19T14:45:18","guid":{"rendered":"https:\/\/favero-dev.calicantus.works\/privacy-policy\/"},"modified":"2025-11-20T09:56:53","modified_gmt":"2025-11-20T08:56:53","slug":"privacy-policy","status":"publish","type":"page","link":"https:\/\/favero-dev.calicantus.works\/es\/privacy-policy\/","title":{"rendered":"Privacy Policy"},"content":{"rendered":"\t\t<div data-elementor-type=\"wp-page\" data-elementor-id=\"7108\" class=\"elementor elementor-7108 elementor-7101\" data-elementor-post-type=\"page\">\n\t\t\t\t<div class=\"elementor-element elementor-element-0e6e26a e-flex e-con-boxed e-con e-parent\" data-id=\"0e6e26a\" data-element_type=\"container\" data-settings=\"{&quot;background_background&quot;:&quot;classic&quot;}\">\n\t\t\t\t\t<div class=\"e-con-inner\">\n\t\t<div class=\"elementor-element elementor-element-4d589a7 e-con-full  hover-blu e-flex e-con e-child\" data-id=\"4d589a7\" data-element_type=\"container\">\n\t\t\t\t<div class=\"elementor-element elementor-element-a16eebc elementor-align-left elementor-widget elementor-widget-breadcrumbs\" data-id=\"a16eebc\" data-element_type=\"widget\" data-widget_type=\"breadcrumbs.default\">\n\t\t\t\t\t<p id=\"breadcrumbs\"><span><span><a href=\"https:\/\/favero-dev.calicantus.works\/es\/\">Home<\/a><\/span><\/span><\/p>\t\t\t\t<\/div>\n\t\t\t\t<div class=\"elementor-element elementor-element-c292f05 elementor-widget elementor-widget-heading\" data-id=\"c292f05\" data-element_type=\"widget\" data-widget_type=\"heading.default\">\n\t\t\t\t\t<h1 class=\"elementor-heading-title elementor-size-default\">Pol\u00edtica de privacidad<\/h1>\t\t\t\t<\/div>\n\t\t\t\t<div class=\"elementor-element elementor-element-04b460c elementor-widget elementor-widget-text-editor\" data-id=\"04b460c\" data-element_type=\"widget\" data-widget_type=\"text-editor.default\">\n\t\t\t\t\t\t\t\t\t<div class=\"p.small\"><p><span lang=\"ES\">Esta p\u00e1gina contiene la declaraci\u00f3n general sobre el tratamiento de datos personales de los usuarios que visitan el sitio web cycling.favero.com, administrado y mantenido por la sociedad<\/span><\/p><p>\u00a0<\/p><p><strong>FAVERO ELECTRONICS S.r.l.<\/strong><\/p><p>\u00a0<\/p><p>C.I.F.: 04703130262 &#8211; NIF 04703130262<br \/>Domicilio social: via Ruggero Lombardi, 64 &#8211; 31030 Arcade (Treviso) ITALIA<\/p><p>\u00a0<\/p><p><span lang=\"ES\">en adelante FAVERO.<\/span><\/p><p>\u00a0<\/p><p><span lang=\"ES\">La versi\u00f3n original de la siguiente declaraci\u00f3n est\u00e1 redactada en italiano. En caso de discrepancias entre la versi\u00f3n original y la traducida en los distintos idiomas del sitio web cycling.favero.com, prevalecer\u00e1 el texto italiano.<\/span><\/p><p>\u00a0<\/p><p><span lang=\"ES\">Con arreglo a lo dispuesto en el decreto legislativo italiano 1<\/span>01\/2018\u00a0\u00a0(UE GDPR &#8211; 2016\/679)<span lang=\"ES\">, FAVERO informa de c\u00f3mo se tratan los datos personales de una persona cuando interact\u00faa con el sitio cycling.favero.com y, en particular:<\/span><\/p><p>\u00a0<\/p><ul><li><span lang=\"ES\">sobre el tipo de datos que FAVERO puede recopilar y tratar<\/span><\/li><li><span lang=\"ES\">sobre las modalidades de tratamiento y los sujetos con los que se pueden compartir dichos datos<\/span><\/li><\/ul><p>\u00a0<\/p><p><span lang=\"ES\">Se indica adem\u00e1s c\u00f3mo contactar con FAVERO para pedir cualquier aclaraci\u00f3n sobre el tratamiento de datos personales.<\/span><\/p><\/div>\t\t\t\t\t\t\t\t<\/div>\n\t\t\t\t<\/div>\n\t\t<div class=\"elementor-element elementor-element-39e3614 e-con-full e-flex e-con e-child\" data-id=\"39e3614\" data-element_type=\"container\">\n\t\t<div class=\"elementor-element elementor-element-bb48983 e-con-full e-flex e-con e-child\" data-id=\"bb48983\" data-element_type=\"container\">\n\t\t<div class=\"elementor-element elementor-element-a3a90c4 e-con-full e-flex e-con e-child\" data-id=\"a3a90c4\" data-element_type=\"container\" data-settings=\"{&quot;background_background&quot;:&quot;classic&quot;}\">\n\t\t\t\t<div class=\"elementor-element elementor-element-98a50d0 space-indice index-condition elementor-widget elementor-widget-table-of-contents\" data-id=\"98a50d0\" data-element_type=\"widget\" data-settings=\"{&quot;marker_view&quot;:&quot;bullets&quot;,&quot;no_headings_message&quot;:&quot;nessun indice&quot;,&quot;min_height&quot;:{&quot;unit&quot;:&quot;px&quot;,&quot;size&quot;:0,&quot;sizes&quot;:[]},&quot;container&quot;:&quot;.box-toc&quot;,&quot;headings_by_tags&quot;:[&quot;h2&quot;,&quot;h3&quot;,&quot;h4&quot;,&quot;h5&quot;,&quot;h6&quot;],&quot;icon&quot;:{&quot;value&quot;:&quot;fas fa-circle&quot;,&quot;library&quot;:&quot;fa-solid&quot;,&quot;rendered_tag&quot;:&quot;&lt;svg class=\\&quot;e-font-icon-svg e-fas-circle\\&quot; viewBox=\\&quot;0 0 512 512\\&quot; xmlns=\\&quot;http:\\\/\\\/www.w3.org\\\/2000\\\/svg\\&quot;&gt;&lt;path d=\\&quot;M256 8C119 8 8 119 8 256s111 248 248 248 248-111 248-248S393 8 256 8z\\&quot;&gt;&lt;\\\/path&gt;&lt;\\\/svg&gt;&quot;},&quot;min_height_tablet&quot;:{&quot;unit&quot;:&quot;px&quot;,&quot;size&quot;:&quot;&quot;,&quot;sizes&quot;:[]},&quot;min_height_mobile_extra&quot;:{&quot;unit&quot;:&quot;px&quot;,&quot;size&quot;:&quot;&quot;,&quot;sizes&quot;:[]},&quot;min_height_mobile&quot;:{&quot;unit&quot;:&quot;px&quot;,&quot;size&quot;:&quot;&quot;,&quot;sizes&quot;:[]}}\" data-widget_type=\"table-of-contents.default\">\n\t\t\t\t\t\t\t<div class=\"elementor-toc__header\">\n\t\t\t<h4 class=\"elementor-toc__header-title\">\n\t\t\t\tINDEX\t\t\t<\/h4>\n\t\t\t\t\t<\/div>\n\t\t<div id=\"elementor-toc__98a50d0\" class=\"elementor-toc__body\">\n\t\t\t<div class=\"elementor-toc__spinner-container\">\n\t\t\t\t<svg class=\"elementor-toc__spinner eicon-animation-spin e-font-icon-svg e-eicon-loading\" aria-hidden=\"true\" viewBox=\"0 0 1000 1000\" xmlns=\"http:\/\/www.w3.org\/2000\/svg\"><path d=\"M500 975V858C696 858 858 696 858 500S696 142 500 142 142 304 142 500H25C25 237 238 25 500 25S975 237 975 500 763 975 500 975Z\"><\/path><\/svg>\t\t\t<\/div>\n\t\t<\/div>\n\t\t\t\t\t\t<\/div>\n\t\t\t\t<\/div>\n\t\t\t\t<\/div>\n\t\t<div class=\"elementor-element elementor-element-7971a48 e-con-full box-toc e-flex e-con e-child\" data-id=\"7971a48\" data-element_type=\"container\">\n\t\t\t\t<div class=\"elementor-element elementor-element-bff49cb contenuto-toc elementor-widget elementor-widget-text-editor\" data-id=\"bff49cb\" data-element_type=\"widget\" data-widget_type=\"text-editor.default\">\n\t\t\t\t\t\t\t\t\t<h4><strong class=\"text-dark-grey\">1. Datos personales que se recopilan<\/strong><\/h4><div class=\"pb-4 p-li\"><p><span lang=\"ES\">Por \u00abdato personal\u00bb se entiende cualquier informaci\u00f3n referente a una persona o a una organizaci\u00f3n necesaria para su identificaci\u00f3n directa o indirecta, tal como su nombre, edad, n\u00famero de tel\u00e9fono, direcci\u00f3n postal o de correo electr\u00f3nico.<\/span><\/p><p>\u00a0<\/p><p><span lang=\"ES\">Normalmente, los datos que se piden al usuario son:<\/span><\/p><p>\u00a0<\/p><ul><li><span lang=\"ES\">su direcci\u00f3n (e-mail incluido), su nombre y apellidos, la raz\u00f3n social y la denominaci\u00f3n de la empresa o de la asociaci\u00f3n, el C.I.F. y el N.I.F., los n\u00fameros de tel\u00e9fono y de fax.<\/span><\/li><li><span lang=\"ES\">Los sistemas inform\u00e1ticos y los correspondientes procedimientos previstos para el funcionamiento del sitio web de FAVERO recopilan algunos datos personales para elaborar estad\u00edsticas an\u00f3nimas sobre el uso de dicho sitio web y para controlar su correcto funcionamiento. Estos datos podr\u00edan permitir la identificaci\u00f3n del usuario mediante procesamientos y asociaciones con informaci\u00f3n recopilada por terceros. Para evitar este inconveniente, los datos ser\u00e1n eliminados despu\u00e9s de su procesamiento, permaneciendo en el sistema 7 (siete) d\u00edas como m\u00e1ximo, exceptuando casos de verificaci\u00f3n de responsabilidad por posibles delitos inform\u00e1ticos en perjuicio del sitio.<\/span><\/li><\/ul><\/div><h4><strong class=\"text-dark-grey\"><span id=\"1\" class=\"anchor-point\"><\/span>2. Titular del tratamiento de datos personales<\/strong><\/h4><div class=\"pb-4 p-li\"><p><span lang=\"ES\">El Titular del tratamiento de datos personales es:<\/span><\/p><p>\u00a0<\/p><p><strong>FAVERO ELECTRONICS S.r.l.<\/strong><\/p><p>\u00a0<\/p><p>C.I.F.: 04703130262 &#8211; NIF 04703130262<br \/>Domicilio social: via Ruggero Lombardi, 64 &#8211; 31030 Arcade (Treviso) ITALIA<\/p><p>\u00a0<\/p><p><span lang=\"ES\">El usuario puede, en cualquier momento, pedirle a FAVERO los datos de contacto de las personas encargadas del tratamiento de datos personales, que son empleados de la sociedad<\/span><\/p><\/div><h4><strong class=\"text-dark-grey\"><span id=\"2\" class=\"anchor-point\"><\/span>3. Por qu\u00e9 se recopilan datos personales<\/strong><\/h4><div class=\"pb-4 p-li\"><p><span lang=\"ES\">FAVERO recopila, mantiene y trata los datos personales con el objeto siguiente:<\/span><\/p><p>\u00a0<\/p><ul><li><span lang=\"ES\">cumplir con las obligaciones previstas por cualquier contrato firmado con el cliente<\/span><\/li><li><span lang=\"ES\">prestar asistencia y asesoramiento en respuesta a las peticiones del usuario<\/span><\/li><li><span lang=\"ES\">dar informaci\u00f3n sobre los productos vendidos a trav\u00e9s del sitio web y sobre los servicios m\u00e1s recientes<\/span><\/li><li><span lang=\"ES\">examinar solicitudes de cooperaci\u00f3n<\/span><\/li><\/ul><\/div><h4><strong class=\"text-dark-grey\"><span id=\"3\" class=\"anchor-point\"><\/span>4. C\u00f3mo se recopilan los datos personales<\/strong><\/h4><div class=\"pb-4 p-li\"><p><span lang=\"ES\">B\u00e1sicamente, los datos personales son recopilados a trav\u00e9s de formularios inform\u00e1ticos y durante las comunicaciones telem\u00e1ticas intercambiadas para hacer un pedido o pedir asistencia. Esta informaci\u00f3n podr\u00e1 ser asociada a la recopilada por tel\u00e9fono o durante la visita del stand de FAVERO en ocasi\u00f3n de una feria de muestra.<\/span><\/p><\/div><h4><strong class=\"text-dark-grey\"><span id=\"4\" class=\"anchor-point\"><\/span>5. D\u00f3nde se tratan los datos<\/strong><\/h4><div class=\"pb-4 p-li\"><p><span lang=\"ES\">El tratamiento de datos personales se hace en el domicilio social de<br \/><strong>FAVERO ELECTRONICS S.r.l.<\/strong><br \/>Domicilio social: via Ruggero Lombardi, 64 &#8211; 31030 Arcade (Treviso) ITALIA<\/span><\/p><\/div><h4><strong class=\"text-dark-grey\"><span id=\"5\" class=\"anchor-point\"><\/span>6. C\u00f3mo se tratan los datos<\/strong><\/h4><div class=\"pb-4 p-li\"><p><span lang=\"ES\">Principalmente, los datos son tratados con herramientas electr\u00f3nicas y guardados en formato electr\u00f3nico, papel o de otro tipo, respetando en todo momento las medidas de seguridad dispuestas por la ley.<\/span><\/p><\/div><h4><strong class=\"text-dark-grey\"><span id=\"6\" class=\"anchor-point\"><\/span>7. Cu\u00e1ndo se pueden divulgar los datos<\/strong><\/h4><div class=\"pb-4 p-li\"><p><span lang=\"ES\">Los datos personales no pueden divulgarse bajo ning\u00fan concepto sin el consentimiento previo del usuario, a excepci\u00f3n de los casos siguientes:<\/span><\/p><p>\u00a0<\/p><ul><li><span lang=\"ES\">Para efectuar operaciones por cuenta del usuario (ejecuci\u00f3n de pedidos, entrega de mercanc\u00eda, env\u00edo de correo postal o de e-mails, procesamiento de pagos), FAVERO facilitar\u00e1 los datos tanto a sus encargados como a terceros o sociedades, los cuales no podr\u00e1n utilizarlos para otros fines y deber\u00e1n tratarlos de conformidad con la ley (ej. empresas de transporte, bancos, compa\u00f1\u00edas de seguros, profesionales, etc&#8230;).<\/span><\/li><li><span lang=\"ES\">Para cumplir con las obligaciones previstas por la ley a la que est\u00e1 sujeta la sociedad.<\/span><\/li><\/ul><\/div><h4><strong class=\"text-dark-grey\"><span id=\"7\" class=\"anchor-point\"><\/span>8. La seguridad de los datos recopilados<\/strong><\/h4><div class=\"pb-4 p-li\"><p><span lang=\"ES\">Para proteger los datos personales y mantener la calidad de los mismos, FAVERO adoptar\u00e1 todas las medidas, precauciones y t\u00e9cnicas necesarias para garantizar su seguridad y protegerlos contra accesos, tratamientos, alteraciones y destrucciones no autorizados o contrarios a la ley. Para ello FAVERO:<\/span><\/p><p>\u00a0<\/p><ul><li><span lang=\"ES\">Permite el acceso a los datos \u00fanicamente a sus empleados, quienes los necesitar\u00e1n para ofrecer los servicios requeridos.<\/span><\/li><li><span lang=\"ES\">Provee una contrase\u00f1a al usuario para acceder a su cuenta.<\/span><\/li><\/ul><\/div><h4><strong class=\"text-dark-grey\"><span id=\"8\" class=\"anchor-point\"><\/span>9. Conservaci\u00f3n de datos<\/strong><\/h4><div class=\"pb-4 p-li\"><p>Datos de la cuenta: FAVERO conserva los datos necesarios para la gesti\u00f3n de la cuenta mientras \u00e9sta permanezca activa y, si<br \/>no se registran accesos, durante un m\u00e1ximo de 24 meses a partir del \u00faltimo acceso.<br \/><br \/>Datos de pago: los datos relativos al m\u00e9todo de pago se tratan \u00fanicamente para completar la compra y gestionar posibles<br \/>reclamaciones; se eliminan o anonimizar\u00e1n en un plazo de 24 meses desde la transacci\u00f3n.<br \/><br \/>Datos fiscales y de facturaci\u00f3n: los registros contables vinculados a las compras se conservan durante 10 a\u00f1os en cumplimiento del art\u00edculo 2220 del C\u00f3digo Civil italiano.<\/p><\/div><h4><strong class=\"text-dark-grey\"><span id=\"9\" class=\"anchor-point\"><\/span>10. Car\u00e1cter facultativo de la comunicaci\u00f3n de datos<\/strong><\/h4><div class=\"pb-4 p-li\"><p><span lang=\"ES\">En general, el usuario puede visitar el sitio web de FAVERO libremente y sin necesidad de facilitar ning\u00fan dato personal. Sin embargo, la falta de dichos datos en los formularios de solicitud puede impedir la venta de un producto, el env\u00edo de material informativo o de otros tipos de comunicaci\u00f3n.<\/span><\/p><\/div><h4><strong class=\"text-dark-grey\"><span id=\"10\" class=\"anchor-point\"><\/span>11. Acceso a los datos personales<\/strong><\/h4><div class=\"pb-4 p-li\"><p><span lang=\"ES\">El usuario tiene derecho a acceder a sus datos personales, a actualizarlos, a corregirlos o eliminar informaci\u00f3n inexacta y a oponerse a su tratamiento, incluso de una parte de los mismos. Para ello, puede contactar directamente con FAVERO por correo electr\u00f3nico o por tel\u00e9fono facilitando, por motivos de privacidad, algunos datos de identificaci\u00f3n. La sociedad se encargar\u00e1, en la medida de lo posible, de avisar de dichas operaciones a quienes se les hayan facilitado o divulgado los datos y de informar al usuario de ello. A petici\u00f3n del usuario, \u00e9ste podr\u00e1 recibir una descripci\u00f3n sobre el tratamiento que se da a sus datos personales. Cuando ya no desee recibir m\u00e1s e-mails informativos sobre los productos de FAVERO, el usuario podr\u00e1 cancelar su suscripci\u00f3n de la lista de correo electr\u00f3nico utilizando la opci\u00f3n indicada en el e-mail.<\/span><\/p><\/div><h4><strong class=\"text-dark-grey\"><span id=\"11\" class=\"anchor-point\"><\/span>12. Enlaces a otros sitios web<\/strong><\/h4><div class=\"pb-4 p-li\"><p><span lang=\"ES\">El sitio web contiene enlaces a otros sitios web. A pesar de que FAVERO intenta en lo posible dar referencias \u00fanicamente a sitios web que adopten r\u00edgidas normas de administraci\u00f3n de datos personales, la sociedad no se hace responsable de ning\u00fan contenido, de la seguridad ni de las medidas de privacidad adoptados por dichos sitios web.<\/span><\/p><\/div><h4><strong class=\"text-dark-grey\"><span id=\"12\" class=\"anchor-point\"><\/span>13. Privacidad de menores<\/strong><\/h4><div class=\"pb-4 p-li\"><p><span lang=\"ES\">La p\u00e1gina web no recopila datos personales de menores (ni\u00f1os de hasta 14 a\u00f1os incluido) intencionalmente, ni vende productos de FAVERO a menores. En caso de percatarse de ello, la sociedad eliminar\u00e1 lo antes posible sus datos y har\u00e1 todo lo posible por impedir que sean utilizados o divulgados a terceros.<\/span><\/p><\/div><h4><strong class=\"text-dark-grey\"><span id=\"13\" class=\"anchor-point\"><\/span>14. Contacto<\/strong><\/h4><div class=\"pb-4 p-li\"><p><span lang=\"ES\">Para mayor asistencia o para observaciones el usuario puede dirigirse por e-mail a favero@favero.com.<\/span><\/p><\/div><h4><strong class=\"text-dark-grey\"><span id=\"14\" class=\"anchor-point\"><\/span>15. Cookies<\/strong><\/h4><div class=\"pb-4 p-li\"><p><span lang=\"ES\">Al usar este sitio web, usted se compromete a permitirnos usar cookies. Para saber m\u00e1s sobre este tema, haga\u00a0<a href=\"https:\/\/cycling.favero.com\/es\/cookies\">clic aqu\u00ed<\/a>.<\/span><\/p><\/div>\t\t\t\t\t\t\t\t<\/div>\n\t\t\t\t<\/div>\n\t\t\t\t<\/div>\n\t\t\t\t\t<\/div>\n\t\t\t\t<\/div>\n\t\t\t\t<\/div>\n\t\t","protected":false},"excerpt":{"rendered":"<p>Pol\u00edtica de privacidad Esta p\u00e1gina contiene la declaraci\u00f3n general sobre el tratamiento de datos personales de los usuarios que visitan el sitio web cycling.favero.com, administrado y mantenido por la sociedad \u00a0 FAVERO ELECTRONICS S.r.l. \u00a0 C.I.F.: 04703130262 &#8211; NIF 04703130262Domicilio social: via Ruggero Lombardi, 64 &#8211; 31030 Arcade (Treviso) ITALIA \u00a0 en adelante FAVERO. \u00a0 [&hellip;]<\/p>\n","protected":false},"author":2,"featured_media":0,"parent":0,"menu_order":0,"comment_status":"closed","ping_status":"closed","template":"","meta":{"_acf_changed":false,"footnotes":""},"class_list":["post-7108","page","type-page","status-publish","hentry"],"acf":[],"yoast_head":"<!-- This site is optimized with the Yoast SEO plugin v25.5 - https:\/\/yoast.com\/wordpress\/plugins\/seo\/ -->\n<title>Privacy Policy - Favero Cycling<\/title>\n<meta name=\"robots\" content=\"noindex, follow, max-snippet:-1, max-image-preview:large, max-video-preview:-1\" \/>\n<meta property=\"og:locale\" content=\"es_ES\" \/>\n<meta property=\"og:type\" content=\"article\" \/>\n<meta property=\"og:title\" content=\"Privacy Policy - Favero Cycling\" \/>\n<meta property=\"og:description\" content=\"Pol\u00edtica de privacidad Esta p\u00e1gina contiene la declaraci\u00f3n general sobre el tratamiento de datos personales de los usuarios que visitan el sitio web cycling.favero.com, administrado y mantenido por la sociedad \u00a0 FAVERO ELECTRONICS S.r.l. \u00a0 C.I.F.: 04703130262 &#8211; NIF 04703130262Domicilio social: via Ruggero Lombardi, 64 &#8211; 31030 Arcade (Treviso) ITALIA \u00a0 en adelante FAVERO. \u00a0 [&hellip;]\" \/>\n<meta property=\"og:url\" content=\"https:\/\/favero-dev.calicantus.works\/es\/privacy-policy\/\" \/>\n<meta property=\"og:site_name\" content=\"Favero Cycling\" \/>\n<meta property=\"article:modified_time\" content=\"2025-11-20T08:56:53+00:00\" \/>\n<meta name=\"twitter:card\" content=\"summary_large_image\" \/>\n<meta name=\"twitter:label1\" content=\"Tiempo de lectura\" \/>\n\t<meta name=\"twitter:data1\" content=\"6 minuto\" \/>\n<script type=\"application\/ld+json\" class=\"yoast-schema-graph\">{\"@context\":\"https:\/\/schema.org\",\"@graph\":[{\"@type\":\"WebPage\",\"@id\":\"https:\/\/favero-dev.calicantus.works\/es\/privacy-policy\/\",\"url\":\"https:\/\/favero-dev.calicantus.works\/es\/privacy-policy\/\",\"name\":\"Privacy Policy - Favero Cycling\",\"isPartOf\":{\"@id\":\"https:\/\/favero-dev.calicantus.works\/es\/#website\"},\"datePublished\":\"2025-11-19T14:45:18+00:00\",\"dateModified\":\"2025-11-20T08:56:53+00:00\",\"breadcrumb\":{\"@id\":\"https:\/\/favero-dev.calicantus.works\/es\/privacy-policy\/#breadcrumb\"},\"inLanguage\":\"es\",\"potentialAction\":[{\"@type\":\"ReadAction\",\"target\":[\"https:\/\/favero-dev.calicantus.works\/es\/privacy-policy\/\"]}]},{\"@type\":\"BreadcrumbList\",\"@id\":\"https:\/\/favero-dev.calicantus.works\/es\/privacy-policy\/#breadcrumb\",\"itemListElement\":[{\"@type\":\"ListItem\",\"position\":1,\"name\":\"Home\",\"item\":\"https:\/\/favero-dev.calicantus.works\/es\/\"},{\"@type\":\"ListItem\",\"position\":2,\"name\":\"Privacy Policy\"}]},{\"@type\":\"WebSite\",\"@id\":\"https:\/\/favero-dev.calicantus.works\/es\/#website\",\"url\":\"https:\/\/favero-dev.calicantus.works\/es\/\",\"name\":\"Favero Cycling\",\"description\":\"Misuratore di Potenza Ciclismo | Favero Assioma\",\"publisher\":{\"@id\":\"https:\/\/favero-dev.calicantus.works\/es\/#organization\"},\"potentialAction\":[{\"@type\":\"SearchAction\",\"target\":{\"@type\":\"EntryPoint\",\"urlTemplate\":\"https:\/\/favero-dev.calicantus.works\/es\/?s={search_term_string}\"},\"query-input\":{\"@type\":\"PropertyValueSpecification\",\"valueRequired\":true,\"valueName\":\"search_term_string\"}}],\"inLanguage\":\"es\"},{\"@type\":\"Organization\",\"@id\":\"https:\/\/favero-dev.calicantus.works\/es\/#organization\",\"name\":\"Favero Cycling\",\"url\":\"https:\/\/favero-dev.calicantus.works\/es\/\",\"logo\":{\"@type\":\"ImageObject\",\"inLanguage\":\"es\",\"@id\":\"https:\/\/favero-dev.calicantus.works\/es\/#\/schema\/logo\/image\/\",\"url\":\"https:\/\/favero-dev.calicantus.works\/wp-content\/uploads\/2025\/06\/Logo-favero-nero.svg\",\"contentUrl\":\"https:\/\/favero-dev.calicantus.works\/wp-content\/uploads\/2025\/06\/Logo-favero-nero.svg\",\"width\":120,\"height\":38,\"caption\":\"Favero Cycling\"},\"image\":{\"@id\":\"https:\/\/favero-dev.calicantus.works\/es\/#\/schema\/logo\/image\/\"}}]}<\/script>\n<!-- \/ Yoast SEO plugin. -->","yoast_head_json":{"title":"Privacy Policy - Favero Cycling","robots":{"index":"noindex","follow":"follow","max-snippet":"max-snippet:-1","max-image-preview":"max-image-preview:large","max-video-preview":"max-video-preview:-1"},"og_locale":"es_ES","og_type":"article","og_title":"Privacy Policy - Favero Cycling","og_description":"Pol\u00edtica de privacidad Esta p\u00e1gina contiene la declaraci\u00f3n general sobre el tratamiento de datos personales de los usuarios que visitan el sitio web cycling.favero.com, administrado y mantenido por la sociedad \u00a0 FAVERO ELECTRONICS S.r.l. \u00a0 C.I.F.: 04703130262 &#8211; NIF 04703130262Domicilio social: via Ruggero Lombardi, 64 &#8211; 31030 Arcade (Treviso) ITALIA \u00a0 en adelante FAVERO. \u00a0 [&hellip;]","og_url":"https:\/\/favero-dev.calicantus.works\/es\/privacy-policy\/","og_site_name":"Favero Cycling","article_modified_time":"2025-11-20T08:56:53+00:00","twitter_card":"summary_large_image","twitter_misc":{"Tiempo de lectura":"6 minuto"},"schema":{"@context":"https:\/\/schema.org","@graph":[{"@type":"WebPage","@id":"https:\/\/favero-dev.calicantus.works\/es\/privacy-policy\/","url":"https:\/\/favero-dev.calicantus.works\/es\/privacy-policy\/","name":"Privacy Policy - Favero Cycling","isPartOf":{"@id":"https:\/\/favero-dev.calicantus.works\/es\/#website"},"datePublished":"2025-11-19T14:45:18+00:00","dateModified":"2025-11-20T08:56:53+00:00","breadcrumb":{"@id":"https:\/\/favero-dev.calicantus.works\/es\/privacy-policy\/#breadcrumb"},"inLanguage":"es","potentialAction":[{"@type":"ReadAction","target":["https:\/\/favero-dev.calicantus.works\/es\/privacy-policy\/"]}]},{"@type":"BreadcrumbList","@id":"https:\/\/favero-dev.calicantus.works\/es\/privacy-policy\/#breadcrumb","itemListElement":[{"@type":"ListItem","position":1,"name":"Home","item":"https:\/\/favero-dev.calicantus.works\/es\/"},{"@type":"ListItem","position":2,"name":"Privacy Policy"}]},{"@type":"WebSite","@id":"https:\/\/favero-dev.calicantus.works\/es\/#website","url":"https:\/\/favero-dev.calicantus.works\/es\/","name":"Favero Cycling","description":"Misuratore di Potenza Ciclismo | Favero Assioma","publisher":{"@id":"https:\/\/favero-dev.calicantus.works\/es\/#organization"},"potentialAction":[{"@type":"SearchAction","target":{"@type":"EntryPoint","urlTemplate":"https:\/\/favero-dev.calicantus.works\/es\/?s={search_term_string}"},"query-input":{"@type":"PropertyValueSpecification","valueRequired":true,"valueName":"search_term_string"}}],"inLanguage":"es"},{"@type":"Organization","@id":"https:\/\/favero-dev.calicantus.works\/es\/#organization","name":"Favero Cycling","url":"https:\/\/favero-dev.calicantus.works\/es\/","logo":{"@type":"ImageObject","inLanguage":"es","@id":"https:\/\/favero-dev.calicantus.works\/es\/#\/schema\/logo\/image\/","url":"https:\/\/favero-dev.calicantus.works\/wp-content\/uploads\/2025\/06\/Logo-favero-nero.svg","contentUrl":"https:\/\/favero-dev.calicantus.works\/wp-content\/uploads\/2025\/06\/Logo-favero-nero.svg","width":120,"height":38,"caption":"Favero Cycling"},"image":{"@id":"https:\/\/favero-dev.calicantus.works\/es\/#\/schema\/logo\/image\/"}}]}},"_links":{"self":[{"href":"https:\/\/favero-dev.calicantus.works\/es\/wp-json\/wp\/v2\/pages\/7108","targetHints":{"allow":["GET"]}}],"collection":[{"href":"https:\/\/favero-dev.calicantus.works\/es\/wp-json\/wp\/v2\/pages"}],"about":[{"href":"https:\/\/favero-dev.calicantus.works\/es\/wp-json\/wp\/v2\/types\/page"}],"author":[{"embeddable":true,"href":"https:\/\/favero-dev.calicantus.works\/es\/wp-json\/wp\/v2\/users\/2"}],"replies":[{"embeddable":true,"href":"https:\/\/favero-dev.calicantus.works\/es\/wp-json\/wp\/v2\/comments?post=7108"}],"version-history":[{"count":4,"href":"https:\/\/favero-dev.calicantus.works\/es\/wp-json\/wp\/v2\/pages\/7108\/revisions"}],"predecessor-version":[{"id":7307,"href":"https:\/\/favero-dev.calicantus.works\/es\/wp-json\/wp\/v2\/pages\/7108\/revisions\/7307"}],"wp:attachment":[{"href":"https:\/\/favero-dev.calicantus.works\/es\/wp-json\/wp\/v2\/media?parent=7108"}],"curies":[{"name":"wp","href":"https:\/\/api.w.org\/{rel}","templated":true}]}}