{"id":7065,"date":"2025-06-23T14:31:31","date_gmt":"2025-06-23T12:31:31","guid":{"rendered":"https:\/\/favero-dev.calicantus.works\/reseller\/"},"modified":"2025-11-21T13:00:34","modified_gmt":"2025-11-21T12:00:34","slug":"revendedores","status":"publish","type":"page","link":"https:\/\/favero-dev.calicantus.works\/es\/revendedores\/","title":{"rendered":"Revendedores"},"content":{"rendered":"\t\t<div data-elementor-type=\"wp-page\" data-elementor-id=\"7065\" class=\"elementor elementor-7065 elementor-3936\" data-elementor-post-type=\"page\">\n\t\t\t\t<div class=\"elementor-element elementor-element-5c30272 e-flex e-con-boxed e-con e-parent\" data-id=\"5c30272\" data-element_type=\"container\" data-settings=\"{&quot;background_background&quot;:&quot;classic&quot;}\">\n\t\t\t\t\t<div class=\"e-con-inner\">\n\t\t<div class=\"elementor-element elementor-element-a19bea0 e-con-full e-flex e-con e-child\" data-id=\"a19bea0\" data-element_type=\"container\">\n\t\t\t\t<div class=\"elementor-element elementor-element-87255af elementor-widget elementor-widget-heading\" data-id=\"87255af\" data-element_type=\"widget\" data-widget_type=\"heading.default\">\n\t\t\t\t\t<h1 class=\"elementor-heading-title elementor-size-default\">\u00bfQuieres vender Assioma en tu pa\u00eds?<\/h1>\t\t\t\t<\/div>\n\t\t\t\t<\/div>\n\t\t\t\t\t<\/div>\n\t\t\t\t<\/div>\n\t\t<div class=\"elementor-element elementor-element-82f8927 e-flex e-con-boxed e-con e-parent\" data-id=\"82f8927\" data-element_type=\"container\" data-settings=\"{&quot;background_background&quot;:&quot;classic&quot;}\">\n\t\t\t\t\t<div class=\"e-con-inner\">\n\t\t<div class=\"elementor-element elementor-element-b8ebd72 e-con-full  hover-blu e-flex e-con e-child\" data-id=\"b8ebd72\" data-element_type=\"container\">\n\t\t\t\t<div class=\"elementor-element elementor-element-8b45ed6 elementor-widget elementor-widget-text-editor\" data-id=\"8b45ed6\" data-element_type=\"widget\" data-widget_type=\"text-editor.default\">\n\t\t\t\t\t\t\t\t\t<p>Env\u00edanos una breve presentaci\u00f3n de tu empresa y estaremos encantados de evaluar tu solicitud.<\/p>\t\t\t\t\t\t\t\t<\/div>\n\t\t\t\t<div class=\"elementor-element elementor-element-6b220cb elementor-align-justify elementor-widget elementor-widget-button\" data-id=\"6b220cb\" data-element_type=\"widget\" data-widget_type=\"button.default\">\n\t\t\t\t\t\t\t\t\t\t<a class=\"elementor-button elementor-button-link elementor-size-sm\" href=\"\/es\/support\/?tab=2\">\n\t\t\t\t\t\t<span class=\"elementor-button-content-wrapper\">\n\t\t\t\t\t\t\t\t\t<span class=\"elementor-button-text\">CONTACTA CON NOSOTROS<\/span>\n\t\t\t\t\t<\/span>\n\t\t\t\t\t<\/a>\n\t\t\t\t\t\t\t\t<\/div>\n\t\t\t\t<\/div>\n\t\t\t\t\t<\/div>\n\t\t\t\t<\/div>\n\t\t\t\t<\/div>\n\t\t","protected":false},"excerpt":{"rendered":"<p>\u00bfQuieres vender Assioma en tu pa\u00eds? Env\u00edanos una breve presentaci\u00f3n de tu empresa y estaremos encantados de evaluar tu solicitud. CONTACTA CON NOSOTROS<\/p>\n","protected":false},"author":1,"featured_media":0,"parent":0,"menu_order":0,"comment_status":"closed","ping_status":"closed","template":"","meta":{"_acf_changed":false,"footnotes":""},"class_list":["post-7065","page","type-page","status-publish","hentry"],"acf":[],"yoast_head":"<!-- This site is optimized with the Yoast SEO plugin v25.5 - https:\/\/yoast.com\/wordpress\/plugins\/seo\/ -->\n<title>Revendedores - Favero Cycling<\/title>\n<meta name=\"robots\" content=\"noindex, follow, max-snippet:-1, max-image-preview:large, max-video-preview:-1\" \/>\n<meta property=\"og:locale\" content=\"es_ES\" \/>\n<meta property=\"og:type\" content=\"article\" \/>\n<meta property=\"og:title\" content=\"Revendedores - Favero Cycling\" \/>\n<meta property=\"og:description\" content=\"\u00bfQuieres vender Assioma en tu pa\u00eds? Env\u00edanos una breve presentaci\u00f3n de tu empresa y estaremos encantados de evaluar tu solicitud. CONTACTA CON NOSOTROS\" \/>\n<meta property=\"og:url\" content=\"https:\/\/favero-dev.calicantus.works\/es\/revendedores\/\" \/>\n<meta property=\"og:site_name\" content=\"Favero Cycling\" \/>\n<meta property=\"article:modified_time\" content=\"2025-11-21T12:00:34+00:00\" \/>\n<meta name=\"twitter:card\" content=\"summary_large_image\" \/>\n<meta name=\"twitter:label1\" content=\"Tiempo de lectura\" \/>\n\t<meta name=\"twitter:data1\" content=\"1 minuto\" \/>\n<script type=\"application\/ld+json\" class=\"yoast-schema-graph\">{\"@context\":\"https:\/\/schema.org\",\"@graph\":[{\"@type\":\"WebPage\",\"@id\":\"https:\/\/favero-dev.calicantus.works\/es\/revendedores\/\",\"url\":\"https:\/\/favero-dev.calicantus.works\/es\/revendedores\/\",\"name\":\"Revendedores - Favero Cycling\",\"isPartOf\":{\"@id\":\"https:\/\/favero-dev.calicantus.works\/es\/#website\"},\"datePublished\":\"2025-06-23T12:31:31+00:00\",\"dateModified\":\"2025-11-21T12:00:34+00:00\",\"breadcrumb\":{\"@id\":\"https:\/\/favero-dev.calicantus.works\/es\/revendedores\/#breadcrumb\"},\"inLanguage\":\"es\",\"potentialAction\":[{\"@type\":\"ReadAction\",\"target\":[\"https:\/\/favero-dev.calicantus.works\/es\/revendedores\/\"]}]},{\"@type\":\"BreadcrumbList\",\"@id\":\"https:\/\/favero-dev.calicantus.works\/es\/revendedores\/#breadcrumb\",\"itemListElement\":[{\"@type\":\"ListItem\",\"position\":1,\"name\":\"Home\",\"item\":\"https:\/\/favero-dev.calicantus.works\/es\/\"},{\"@type\":\"ListItem\",\"position\":2,\"name\":\"Revendedores\"}]},{\"@type\":\"WebSite\",\"@id\":\"https:\/\/favero-dev.calicantus.works\/es\/#website\",\"url\":\"https:\/\/favero-dev.calicantus.works\/es\/\",\"name\":\"Favero Cycling\",\"description\":\"Misuratore di Potenza Ciclismo | Favero Assioma\",\"publisher\":{\"@id\":\"https:\/\/favero-dev.calicantus.works\/es\/#organization\"},\"potentialAction\":[{\"@type\":\"SearchAction\",\"target\":{\"@type\":\"EntryPoint\",\"urlTemplate\":\"https:\/\/favero-dev.calicantus.works\/es\/?s={search_term_string}\"},\"query-input\":{\"@type\":\"PropertyValueSpecification\",\"valueRequired\":true,\"valueName\":\"search_term_string\"}}],\"inLanguage\":\"es\"},{\"@type\":\"Organization\",\"@id\":\"https:\/\/favero-dev.calicantus.works\/es\/#organization\",\"name\":\"Favero Cycling\",\"url\":\"https:\/\/favero-dev.calicantus.works\/es\/\",\"logo\":{\"@type\":\"ImageObject\",\"inLanguage\":\"es\",\"@id\":\"https:\/\/favero-dev.calicantus.works\/es\/#\/schema\/logo\/image\/\",\"url\":\"https:\/\/favero-dev.calicantus.works\/wp-content\/uploads\/2025\/06\/Logo-favero-nero.svg\",\"contentUrl\":\"https:\/\/favero-dev.calicantus.works\/wp-content\/uploads\/2025\/06\/Logo-favero-nero.svg\",\"width\":120,\"height\":38,\"caption\":\"Favero Cycling\"},\"image\":{\"@id\":\"https:\/\/favero-dev.calicantus.works\/es\/#\/schema\/logo\/image\/\"}}]}<\/script>\n<!-- \/ Yoast SEO plugin. -->","yoast_head_json":{"title":"Revendedores - Favero Cycling","robots":{"index":"noindex","follow":"follow","max-snippet":"max-snippet:-1","max-image-preview":"max-image-preview:large","max-video-preview":"max-video-preview:-1"},"og_locale":"es_ES","og_type":"article","og_title":"Revendedores - Favero Cycling","og_description":"\u00bfQuieres vender Assioma en tu pa\u00eds? Env\u00edanos una breve presentaci\u00f3n de tu empresa y estaremos encantados de evaluar tu solicitud. CONTACTA CON NOSOTROS","og_url":"https:\/\/favero-dev.calicantus.works\/es\/revendedores\/","og_site_name":"Favero Cycling","article_modified_time":"2025-11-21T12:00:34+00:00","twitter_card":"summary_large_image","twitter_misc":{"Tiempo de lectura":"1 minuto"},"schema":{"@context":"https:\/\/schema.org","@graph":[{"@type":"WebPage","@id":"https:\/\/favero-dev.calicantus.works\/es\/revendedores\/","url":"https:\/\/favero-dev.calicantus.works\/es\/revendedores\/","name":"Revendedores - Favero Cycling","isPartOf":{"@id":"https:\/\/favero-dev.calicantus.works\/es\/#website"},"datePublished":"2025-06-23T12:31:31+00:00","dateModified":"2025-11-21T12:00:34+00:00","breadcrumb":{"@id":"https:\/\/favero-dev.calicantus.works\/es\/revendedores\/#breadcrumb"},"inLanguage":"es","potentialAction":[{"@type":"ReadAction","target":["https:\/\/favero-dev.calicantus.works\/es\/revendedores\/"]}]},{"@type":"BreadcrumbList","@id":"https:\/\/favero-dev.calicantus.works\/es\/revendedores\/#breadcrumb","itemListElement":[{"@type":"ListItem","position":1,"name":"Home","item":"https:\/\/favero-dev.calicantus.works\/es\/"},{"@type":"ListItem","position":2,"name":"Revendedores"}]},{"@type":"WebSite","@id":"https:\/\/favero-dev.calicantus.works\/es\/#website","url":"https:\/\/favero-dev.calicantus.works\/es\/","name":"Favero Cycling","description":"Misuratore di Potenza Ciclismo | Favero Assioma","publisher":{"@id":"https:\/\/favero-dev.calicantus.works\/es\/#organization"},"potentialAction":[{"@type":"SearchAction","target":{"@type":"EntryPoint","urlTemplate":"https:\/\/favero-dev.calicantus.works\/es\/?s={search_term_string}"},"query-input":{"@type":"PropertyValueSpecification","valueRequired":true,"valueName":"search_term_string"}}],"inLanguage":"es"},{"@type":"Organization","@id":"https:\/\/favero-dev.calicantus.works\/es\/#organization","name":"Favero Cycling","url":"https:\/\/favero-dev.calicantus.works\/es\/","logo":{"@type":"ImageObject","inLanguage":"es","@id":"https:\/\/favero-dev.calicantus.works\/es\/#\/schema\/logo\/image\/","url":"https:\/\/favero-dev.calicantus.works\/wp-content\/uploads\/2025\/06\/Logo-favero-nero.svg","contentUrl":"https:\/\/favero-dev.calicantus.works\/wp-content\/uploads\/2025\/06\/Logo-favero-nero.svg","width":120,"height":38,"caption":"Favero Cycling"},"image":{"@id":"https:\/\/favero-dev.calicantus.works\/es\/#\/schema\/logo\/image\/"}}]}},"_links":{"self":[{"href":"https:\/\/favero-dev.calicantus.works\/es\/wp-json\/wp\/v2\/pages\/7065","targetHints":{"allow":["GET"]}}],"collection":[{"href":"https:\/\/favero-dev.calicantus.works\/es\/wp-json\/wp\/v2\/pages"}],"about":[{"href":"https:\/\/favero-dev.calicantus.works\/es\/wp-json\/wp\/v2\/types\/page"}],"author":[{"embeddable":true,"href":"https:\/\/favero-dev.calicantus.works\/es\/wp-json\/wp\/v2\/users\/1"}],"replies":[{"embeddable":true,"href":"https:\/\/favero-dev.calicantus.works\/es\/wp-json\/wp\/v2\/comments?post=7065"}],"version-history":[{"count":6,"href":"https:\/\/favero-dev.calicantus.works\/es\/wp-json\/wp\/v2\/pages\/7065\/revisions"}],"predecessor-version":[{"id":7571,"href":"https:\/\/favero-dev.calicantus.works\/es\/wp-json\/wp\/v2\/pages\/7065\/revisions\/7571"}],"wp:attachment":[{"href":"https:\/\/favero-dev.calicantus.works\/es\/wp-json\/wp\/v2\/media?parent=7065"}],"curies":[{"name":"wp","href":"https:\/\/api.w.org\/{rel}","templated":true}]}}