{"id":6696,"date":"2025-06-23T14:32:00","date_gmt":"2025-06-23T12:32:00","guid":{"rendered":"https:\/\/favero-dev.calicantus.works\/condizioni-generali-duso\/"},"modified":"2025-11-20T11:36:45","modified_gmt":"2025-11-20T10:36:45","slug":"condiciones-uso","status":"publish","type":"page","link":"https:\/\/favero-dev.calicantus.works\/es\/condiciones-uso\/","title":{"rendered":"Condiciones Generales de Uso"},"content":{"rendered":"\t\t<div data-elementor-type=\"wp-page\" data-elementor-id=\"6696\" class=\"elementor elementor-6696 elementor-4588\" data-elementor-post-type=\"page\">\n\t\t\t\t<div class=\"elementor-element elementor-element-5fc473f e-flex e-con-boxed e-con e-parent\" data-id=\"5fc473f\" data-element_type=\"container\" data-settings=\"{&quot;background_background&quot;:&quot;classic&quot;}\">\n\t\t\t\t\t<div class=\"e-con-inner\">\n\t\t<div class=\"elementor-element elementor-element-edb88e9 e-con-full  hover-blu e-flex e-con e-child\" data-id=\"edb88e9\" data-element_type=\"container\">\n\t\t\t\t<div class=\"elementor-element elementor-element-9615bc4 elementor-align-left elementor-widget elementor-widget-breadcrumbs\" data-id=\"9615bc4\" data-element_type=\"widget\" data-widget_type=\"breadcrumbs.default\">\n\t\t\t\t\t<p id=\"breadcrumbs\"><span><span><a href=\"https:\/\/favero-dev.calicantus.works\/es\/\">Home<\/a><\/span><\/span><\/p>\t\t\t\t<\/div>\n\t\t\t\t<div class=\"elementor-element elementor-element-d9686d4 elementor-widget elementor-widget-heading\" data-id=\"d9686d4\" data-element_type=\"widget\" data-widget_type=\"heading.default\">\n\t\t\t\t\t<h1 class=\"elementor-heading-title elementor-size-default\">Condiciones Generales de Uso<\/h1>\t\t\t\t<\/div>\n\t\t\t\t<div class=\"elementor-element elementor-element-412c601 elementor-widget elementor-widget-text-editor\" data-id=\"412c601\" data-element_type=\"widget\" data-widget_type=\"text-editor.default\">\n\t\t\t\t\t\t\t\t\t<p><span lang=\"ES\">Bienvenido al sitio web cycling.favero.com.<br \/>El sitio web es administrado y mantenido por la sociedad<\/span><\/p><p><strong>FAVERO ELECTRONICS S.r.l.<\/strong><\/p><p>C.I.F. 04703130262 &#8211; N.I.F. 04703130262<br \/>Domicilio social: via Ruggero Lombardi, 64 &#8211; 31030 Arcade (Treviso) ITALIA<\/p><p><span lang=\"ES\">en adelante FAVERO.<\/span><\/p>\t\t\t\t\t\t\t\t<\/div>\n\t\t\t\t<\/div>\n\t\t<div class=\"elementor-element elementor-element-064dc0f e-con-full e-flex e-con e-child\" data-id=\"064dc0f\" data-element_type=\"container\">\n\t\t<div class=\"elementor-element elementor-element-9d55d94 e-con-full e-flex e-con e-child\" data-id=\"9d55d94\" data-element_type=\"container\">\n\t\t<div class=\"elementor-element elementor-element-02e0313 e-con-full e-flex e-con e-child\" data-id=\"02e0313\" data-element_type=\"container\" data-settings=\"{&quot;background_background&quot;:&quot;classic&quot;}\">\n\t\t\t\t<div class=\"elementor-element elementor-element-d1818a9 space-indice index-condition elementor-widget elementor-widget-table-of-contents\" data-id=\"d1818a9\" data-element_type=\"widget\" data-settings=\"{&quot;marker_view&quot;:&quot;bullets&quot;,&quot;no_headings_message&quot;:&quot;nessun indice &quot;,&quot;min_height&quot;:{&quot;unit&quot;:&quot;px&quot;,&quot;size&quot;:0,&quot;sizes&quot;:[]},&quot;container&quot;:&quot;.box-toc&quot;,&quot;headings_by_tags&quot;:[&quot;h2&quot;,&quot;h3&quot;,&quot;h4&quot;,&quot;h5&quot;,&quot;h6&quot;],&quot;icon&quot;:{&quot;value&quot;:&quot;fas fa-circle&quot;,&quot;library&quot;:&quot;fa-solid&quot;,&quot;rendered_tag&quot;:&quot;&lt;svg class=\\&quot;e-font-icon-svg e-fas-circle\\&quot; viewBox=\\&quot;0 0 512 512\\&quot; xmlns=\\&quot;http:\\\/\\\/www.w3.org\\\/2000\\\/svg\\&quot;&gt;&lt;path d=\\&quot;M256 8C119 8 8 119 8 256s111 248 248 248 248-111 248-248S393 8 256 8z\\&quot;&gt;&lt;\\\/path&gt;&lt;\\\/svg&gt;&quot;},&quot;min_height_tablet&quot;:{&quot;unit&quot;:&quot;px&quot;,&quot;size&quot;:&quot;&quot;,&quot;sizes&quot;:[]},&quot;min_height_mobile_extra&quot;:{&quot;unit&quot;:&quot;px&quot;,&quot;size&quot;:&quot;&quot;,&quot;sizes&quot;:[]},&quot;min_height_mobile&quot;:{&quot;unit&quot;:&quot;px&quot;,&quot;size&quot;:&quot;&quot;,&quot;sizes&quot;:[]}}\" data-widget_type=\"table-of-contents.default\">\n\t\t\t\t\t\t\t<div class=\"elementor-toc__header\">\n\t\t\t<h4 class=\"elementor-toc__header-title\">\n\t\t\t\tINDEX\t\t\t<\/h4>\n\t\t\t\t\t<\/div>\n\t\t<div id=\"elementor-toc__d1818a9\" class=\"elementor-toc__body\">\n\t\t\t<div class=\"elementor-toc__spinner-container\">\n\t\t\t\t<svg class=\"elementor-toc__spinner eicon-animation-spin e-font-icon-svg e-eicon-loading\" aria-hidden=\"true\" viewBox=\"0 0 1000 1000\" xmlns=\"http:\/\/www.w3.org\/2000\/svg\"><path d=\"M500 975V858C696 858 858 696 858 500S696 142 500 142 142 304 142 500H25C25 237 238 25 500 25S975 237 975 500 763 975 500 975Z\"><\/path><\/svg>\t\t\t<\/div>\n\t\t<\/div>\n\t\t\t\t\t\t<\/div>\n\t\t\t\t<\/div>\n\t\t\t\t<\/div>\n\t\t<div class=\"elementor-element elementor-element-03f861a e-con-full box-toc e-flex e-con e-child\" data-id=\"03f861a\" data-element_type=\"container\">\n\t\t\t\t<div class=\"elementor-element elementor-element-bf9810d contenuto-toc elementor-widget elementor-widget-text-editor\" data-id=\"bf9810d\" data-element_type=\"widget\" data-widget_type=\"text-editor.default\">\n\t\t\t\t\t\t\t\t\t<h4><strong class=\"text-dark-grey\">1. Condiciones generales de uso<\/strong><\/h4><div class=\"pb-4 p-li\"><p><span lang=\"ES\">El acceso y el uso del SITIO web, as\u00ed como la compra de los PRODUCTOS, supone la lectura y aceptaci\u00f3n de las presentes Condiciones Generales de Uso y de las Condiciones Generales de Venta.<\/span><\/p><p><span lang=\"ES\">Utilizando el SITIO web, el usuario acepta sin reservas estas Condiciones.<\/span><\/p><p><span lang=\"ES\">Para pedir asistencia o informaci\u00f3n sobre pedidos y env\u00edo de productos, reembolsos y devoluci\u00f3n de los PRODUCTOS comprados en el SITIO web, el usuario puede ponerse en contacto con FAVERO mandando un e-mail a la direcci\u00f3n favero@favero.com.<\/span><\/p><p><span lang=\"ES\">Para cualquier otra informaci\u00f3n jur\u00eddica, puede consultar las secciones \u00abCondiciones Generales de Venta\u00bb y \u00abPol\u00edtica de Privacidad\u00bb.<\/span><\/p><p><span lang=\"ES\">FAVERO podr\u00e1 modificar o simplemente actualizar, en cualquier momento, total o parcialmente, las Condiciones Generales de Uso y las Condiciones Generales de Venta. Las modificaciones y las actualizaciones de las Condiciones Generales de Uso y de las Condiciones Generales de Venta ser\u00e1n vinculantes desde el mismo momento de su publicaci\u00f3n en el SITIO.<\/span><\/p><p><span lang=\"ES\">El usuario estar\u00e1 sujeto a las pol\u00edticas y a los t\u00e9rminos de las Condiciones Generales de Uso vigentes en el momento en que el usuario utiliza el SITIO web.<\/span><\/p><p><span lang=\"ES\">Al entrar en el SITIO web, el usuario ser\u00e1 el \u00fanico responsable del uso que hace del sitio y de sus contenidos, as\u00ed como de la comunicaci\u00f3n de informaci\u00f3n y de datos no correctos, falsos o de terceros, sin el consentimiento previo de \u00e9stos \u00faltimos o para un uso no autorizado. Ser\u00e1 considerado responsable de los da\u00f1os causados a los sistemas de los ordenadores o de las p\u00e9rdidas de datos resultantes de su navegaci\u00f3n por el sitio.<\/span><\/p><p><span lang=\"ES\">FAVERO no se hace responsable de da\u00f1os derivados de la inaccesibilidad a los servicios del SITIO web o de posibles da\u00f1os causados por virus, ficheros da\u00f1ados, errores, omisiones, interrupciones de servicio, eliminaci\u00f3n de contenidos, problemas relacionados con la red, con los proveedores o con las conexiones telef\u00f3nicas o telem\u00e1ticas, con accesos no autorizados, con alteraci\u00f3n de datos, con el fallo o funcionamiento defectuoso de los equipos electr\u00f3nicos del usuario. El usuario es responsable de la custodia y de la correcta utilizaci\u00f3n de sus datos personales, de sus datos de acceso a los servicios reservados, de cualquier consecuencia perjudicial para FAVERO o para terceros que pudiera derivarse de ello, de la p\u00e9rdida y sustracci\u00f3n de dicha informaci\u00f3n.<\/span><\/p><p><span lang=\"ES\">\u00a0<\/span><\/p><\/div><h4><strong class=\"text-dark-grey\"><span id=\"1\" class=\"anchor-point\"><\/span>2. Cuenta<\/strong><\/h4><div class=\"pb-4 p-li\"><p><span lang=\"ES\">El usuario debe mantener su cuenta y contrase\u00f1a reservadas y vigilar el acceso a su ordenador. El usuario ser\u00e1 considerado responsable de todas las operaciones efectuadas a trav\u00e9s de su cuenta y con su contrase\u00f1a.<\/span><\/p><p><span lang=\"ES\">El usuario se compromete a tomar todas las precauciones necesarias para garantizar la seguridad y confidencialidad de su contrase\u00f1a y a informar de inmediato a FAVERO en caso de sospechar de la sustracci\u00f3n o utilizaci\u00f3n de su contrase\u00f1a de manera no autorizada por parte de terceros.<\/span><\/p><p><span lang=\"ES\">El usuario debe asegurarse de que los datos que facilita sean correctos y est\u00e9n completos. Cualquier variaci\u00f3n de la informaci\u00f3n facilitada deber\u00e1 ser notificada a FAVERO a la mayor brevedad.<\/span><\/p><p><span lang=\"ES\">\u00a0<\/span><\/p><\/div><h4><strong class=\"text-dark-grey\"><span id=\"2\" class=\"anchor-point\"><\/span>3. Pol\u00edtica de privacidad<\/strong><\/h4><div class=\"pb-4 p-li\"><p><span lang=\"ES\">FAVERO invita a los usuarios del sitio web a leer atentamente la\u00a0<a href=\"https:\/\/cycling.favero.com\/es\/privacy-policy\">Pol\u00edtica de privacidad<\/a>.<\/span><\/p><p><span lang=\"ES\">\u00a0<\/span><\/p><\/div><h4><strong class=\"text-dark-grey\"><span id=\"3\" class=\"anchor-point\"><\/span>4. Comunicaciones por v\u00eda electr\u00f3nica<\/strong><\/h4><div class=\"pb-4 p-li\"><p><span lang=\"ES\">FAVERO se comunicar\u00e1 con el usuario por e-mail o mediante avisos publicados en el SITIO.<\/span><\/p><p><span lang=\"ES\">Los contratos, las notificaciones, las declaraciones y dem\u00e1s comunicaciones que FAVERO de al usuario en forma electr\u00f3nica, constar\u00e1n igualmente en forma escrita, cuando as\u00ed lo disponga la ley.<\/span><\/p><p><span lang=\"ES\">\u00a0<\/span><\/p><\/div><h4><strong class=\"text-dark-grey\"><span id=\"4\" class=\"anchor-point\"><\/span>5. Derechos de propriedad intelectual<\/strong><\/h4><div class=\"pb-4 p-li\"><p><span lang=\"ES\">Todos los contenidos publicados en cualquier formato en el SITIO web, en forma de textos, gr\u00e1ficos, logotipos, im\u00e1genes, ficheros de audio, descargas digitales, p\u00e1ginas web, colores, esquemas, instrumentos, caracteres y dise\u00f1o del SITIO web, diagramas, layouts, m\u00e9todos, procesamientos, funciones y el software que forman parte del SITIO est\u00e1n protegidos por derechos de autor y cualquier otro derecho de propiedad intelectual de FAVERO y de los dem\u00e1s titulares de los derechos.<\/span><\/p><p><span lang=\"ES\">Queda prohibida la reproducci\u00f3n, total o parcial, en cualquier forma, del SITIO web y de sus contenidos, sin el consentimiento expreso por escrito de FAVERO. FAVERO tiene el derecho exclusivo de autorizar o prohibir la reproducci\u00f3n directa o indirecta, temporal o permanente, por cualquier medio o forma, total o parcial, del SITIO web y de sus contenidos<\/span><\/p><p><span lang=\"ES\">\u00a0<\/span><\/p><\/div><h4><strong class=\"text-dark-grey\"><span id=\"5\" class=\"anchor-point\"><\/span>6. Marcas y patentes<\/strong><\/h4><div class=\"pb-4 p-li\"><p><span lang=\"ES\">El material gr\u00e1fico, los logotipos, los encabezados de p\u00e1gina, los botones de los iconos, los caracteres, las marcas y signos distintivos pertenecen a FAVERO y a los dem\u00e1s titulares de los derechos.<\/span><\/p><p><span lang=\"ES\">Las marcas y signos distintivos de FAVERO no pueden ser utilizados con PRODUCTOS o servicios que no sean los de FAVERO.<\/span><\/p><p><span lang=\"ES\">Las funciones accesibles a trav\u00e9s del SITIO web est\u00e1n protegidas por patentes. FAVERO utiliza, total o parcialmente, uno o varias patentes con licencias.<\/span><\/p><p><span lang=\"ES\">\u00a0<\/span><\/p><\/div><h4><strong class=\"text-dark-grey\"><span id=\"6\" class=\"anchor-point\"><\/span>7. Enlaces a otros sitios web<\/strong><\/h4><div class=\"pb-4 p-li\"><p><span lang=\"ES\">El SITIO contiene enlaces a otros sitios web que no est\u00e1n relacionados de ning\u00fan modo con \u00e9ste.<\/span><\/p><p><span lang=\"ES\">FAVERO no revisa ni monitoriza dichos sitios web ni sus contenidos. FAVERO no ser\u00e1 considerado responsable de los contenidos de dichos sitios web ni de las normas adoptadas por los mismos en cuanto a privacidad y tratamiento de datos personales del usuario durante la navegaci\u00f3n.<\/span><\/p><p><span lang=\"ES\">\u00a0<\/span><\/p><\/div><h4><strong class=\"text-dark-grey\"><span id=\"7\" class=\"anchor-point\"><\/span>8. Menores<\/strong><\/h4><div class=\"pb-4 p-li\"><p><span lang=\"ES\">FAVERO no vende PRODUCTOS a menores de 18 a\u00f1os.<\/span><\/p><p><span lang=\"ES\">\u00a0<\/span><\/p><\/div><h4><strong class=\"text-dark-grey\"><span id=\"8\" class=\"anchor-point\"><\/span>9. Responsibilities<\/strong><\/h4><div class=\"pb-4 p-li\"><p><span lang=\"ES\">FAVERO, en cumplimiento de sus obligaciones profesionales, har\u00e1 todo lo posible por garantizar un acceso ininterrumpido al SITIO web y que todas las operaciones se realicen sin errores.<\/span><\/p><p><span lang=\"ES\">Sin embargo, el acceso ininterrumpido y la ausencia de errores en la transmisi\u00f3n no pueden ser garantizados. Adem\u00e1s, el acceso del usuario al SITIO web podr\u00eda quedar limitado o suspendido moment\u00e1neamente a causa de operaciones de reparaci\u00f3n y mantenimiento.<\/span><\/p><p><span lang=\"ES\">FAVERO no ser\u00e1 responsable de ning\u00fan retraso o incumplimiento de las obligaciones previstas por las presentes Condiciones Generales de Uso, en caso de que dicho retraso o dicho incumplimiento fuesen debidos a hechos fortuitos o a casos de fuerza mayor<\/span><\/p><p><span lang=\"ES\">\u00a0<\/span><\/p><\/div><h4><strong class=\"text-dark-grey\"><span id=\"9\" class=\"anchor-point\"><\/span>10. Ley aplicable<\/strong><\/h4><div class=\"pb-4 p-li\"><p><span lang=\"ES\">Las presentes Condiciones Generales de Uso se rigen por la ley italiana y queda expresamente excluida la aplicaci\u00f3n del Convenio de Viena de 1980 sobre la venta internacional de bienes muebles.<\/span><\/p><p><span lang=\"ES\">Para la resoluci\u00f3n de todo litigio entre el usuario y FAVERO, sin perjuicio de lo dispuesto a favor de quienes realizan compras dentro de la Uni\u00f3n Europea, el lugar de jurisdicci\u00f3n estar\u00e1 circunscrito al tribunal de Treviso (Italia).<\/span><\/p><p>\u00a0<\/p><\/div>\t\t\t\t\t\t\t\t<\/div>\n\t\t\t\t<\/div>\n\t\t\t\t<\/div>\n\t\t\t\t\t<\/div>\n\t\t\t\t<\/div>\n\t\t\t\t<\/div>\n\t\t","protected":false},"excerpt":{"rendered":"<p>Bienvenido al sitio web cycling.favero.com. El sitio web es administrado y mantenido por la sociedad FAVERO ELECTRONICS S.r.l. C.I.F. 04703130262 &#8211; N.I.F. 04703130262 Domicilio social: via Ruggero Lombardi, 64 &#8211; 31030 Arcade (Treviso) ITALIA en adelante FAVERO. INDEX &nbsp; 1. Condiciones generales de uso El acceso y el uso del SITIO web, as\u00ed como la [&hellip;]<\/p>\n","protected":false},"author":1,"featured_media":0,"parent":0,"menu_order":0,"comment_status":"closed","ping_status":"closed","template":"","meta":{"_acf_changed":false,"footnotes":""},"class_list":["post-6696","page","type-page","status-publish","hentry"],"acf":[],"yoast_head":"<!-- This site is optimized with the Yoast SEO plugin v25.5 - https:\/\/yoast.com\/wordpress\/plugins\/seo\/ -->\n<title>Condiciones Generales de Uso - Favero Cycling<\/title>\n<meta name=\"robots\" content=\"noindex, follow, max-snippet:-1, max-image-preview:large, max-video-preview:-1\" \/>\n<meta property=\"og:locale\" content=\"es_ES\" \/>\n<meta property=\"og:type\" content=\"article\" \/>\n<meta property=\"og:title\" content=\"Condiciones Generales de Uso - Favero Cycling\" \/>\n<meta property=\"og:description\" content=\"Bienvenido al sitio web cycling.favero.com. El sitio web es administrado y mantenido por la sociedad FAVERO ELECTRONICS S.r.l. C.I.F. 04703130262 &#8211; N.I.F. 04703130262 Domicilio social: via Ruggero Lombardi, 64 &#8211; 31030 Arcade (Treviso) ITALIA en adelante FAVERO. INDEX &nbsp; 1. Condiciones generales de uso El acceso y el uso del SITIO web, as\u00ed como la [&hellip;]\" \/>\n<meta property=\"og:url\" content=\"https:\/\/favero-dev.calicantus.works\/es\/condiciones-uso\/\" \/>\n<meta property=\"og:site_name\" content=\"Favero Cycling\" \/>\n<meta property=\"article:modified_time\" content=\"2025-11-20T10:36:45+00:00\" \/>\n<meta name=\"twitter:card\" content=\"summary_large_image\" \/>\n<meta name=\"twitter:label1\" content=\"Tiempo de lectura\" \/>\n\t<meta name=\"twitter:data1\" content=\"5 minuto\" \/>\n<script type=\"application\/ld+json\" class=\"yoast-schema-graph\">{\"@context\":\"https:\/\/schema.org\",\"@graph\":[{\"@type\":\"WebPage\",\"@id\":\"https:\/\/favero-dev.calicantus.works\/es\/condiciones-uso\/\",\"url\":\"https:\/\/favero-dev.calicantus.works\/es\/condiciones-uso\/\",\"name\":\"Condiciones Generales de Uso - Favero Cycling\",\"isPartOf\":{\"@id\":\"https:\/\/favero-dev.calicantus.works\/es\/#website\"},\"datePublished\":\"2025-06-23T12:32:00+00:00\",\"dateModified\":\"2025-11-20T10:36:45+00:00\",\"breadcrumb\":{\"@id\":\"https:\/\/favero-dev.calicantus.works\/es\/condiciones-uso\/#breadcrumb\"},\"inLanguage\":\"es\",\"potentialAction\":[{\"@type\":\"ReadAction\",\"target\":[\"https:\/\/favero-dev.calicantus.works\/es\/condiciones-uso\/\"]}]},{\"@type\":\"BreadcrumbList\",\"@id\":\"https:\/\/favero-dev.calicantus.works\/es\/condiciones-uso\/#breadcrumb\",\"itemListElement\":[{\"@type\":\"ListItem\",\"position\":1,\"name\":\"Home\",\"item\":\"https:\/\/favero-dev.calicantus.works\/es\/\"},{\"@type\":\"ListItem\",\"position\":2,\"name\":\"Condiciones Generales de Uso\"}]},{\"@type\":\"WebSite\",\"@id\":\"https:\/\/favero-dev.calicantus.works\/es\/#website\",\"url\":\"https:\/\/favero-dev.calicantus.works\/es\/\",\"name\":\"Favero Cycling\",\"description\":\"Misuratore di Potenza Ciclismo | Favero Assioma\",\"publisher\":{\"@id\":\"https:\/\/favero-dev.calicantus.works\/es\/#organization\"},\"potentialAction\":[{\"@type\":\"SearchAction\",\"target\":{\"@type\":\"EntryPoint\",\"urlTemplate\":\"https:\/\/favero-dev.calicantus.works\/es\/?s={search_term_string}\"},\"query-input\":{\"@type\":\"PropertyValueSpecification\",\"valueRequired\":true,\"valueName\":\"search_term_string\"}}],\"inLanguage\":\"es\"},{\"@type\":\"Organization\",\"@id\":\"https:\/\/favero-dev.calicantus.works\/es\/#organization\",\"name\":\"Favero Cycling\",\"url\":\"https:\/\/favero-dev.calicantus.works\/es\/\",\"logo\":{\"@type\":\"ImageObject\",\"inLanguage\":\"es\",\"@id\":\"https:\/\/favero-dev.calicantus.works\/es\/#\/schema\/logo\/image\/\",\"url\":\"https:\/\/favero-dev.calicantus.works\/wp-content\/uploads\/2025\/06\/Logo-favero-nero.svg\",\"contentUrl\":\"https:\/\/favero-dev.calicantus.works\/wp-content\/uploads\/2025\/06\/Logo-favero-nero.svg\",\"width\":120,\"height\":38,\"caption\":\"Favero Cycling\"},\"image\":{\"@id\":\"https:\/\/favero-dev.calicantus.works\/es\/#\/schema\/logo\/image\/\"}}]}<\/script>\n<!-- \/ Yoast SEO plugin. -->","yoast_head_json":{"title":"Condiciones Generales de Uso - Favero Cycling","robots":{"index":"noindex","follow":"follow","max-snippet":"max-snippet:-1","max-image-preview":"max-image-preview:large","max-video-preview":"max-video-preview:-1"},"og_locale":"es_ES","og_type":"article","og_title":"Condiciones Generales de Uso - Favero Cycling","og_description":"Bienvenido al sitio web cycling.favero.com. El sitio web es administrado y mantenido por la sociedad FAVERO ELECTRONICS S.r.l. C.I.F. 04703130262 &#8211; N.I.F. 04703130262 Domicilio social: via Ruggero Lombardi, 64 &#8211; 31030 Arcade (Treviso) ITALIA en adelante FAVERO. INDEX &nbsp; 1. Condiciones generales de uso El acceso y el uso del SITIO web, as\u00ed como la [&hellip;]","og_url":"https:\/\/favero-dev.calicantus.works\/es\/condiciones-uso\/","og_site_name":"Favero Cycling","article_modified_time":"2025-11-20T10:36:45+00:00","twitter_card":"summary_large_image","twitter_misc":{"Tiempo de lectura":"5 minuto"},"schema":{"@context":"https:\/\/schema.org","@graph":[{"@type":"WebPage","@id":"https:\/\/favero-dev.calicantus.works\/es\/condiciones-uso\/","url":"https:\/\/favero-dev.calicantus.works\/es\/condiciones-uso\/","name":"Condiciones Generales de Uso - Favero Cycling","isPartOf":{"@id":"https:\/\/favero-dev.calicantus.works\/es\/#website"},"datePublished":"2025-06-23T12:32:00+00:00","dateModified":"2025-11-20T10:36:45+00:00","breadcrumb":{"@id":"https:\/\/favero-dev.calicantus.works\/es\/condiciones-uso\/#breadcrumb"},"inLanguage":"es","potentialAction":[{"@type":"ReadAction","target":["https:\/\/favero-dev.calicantus.works\/es\/condiciones-uso\/"]}]},{"@type":"BreadcrumbList","@id":"https:\/\/favero-dev.calicantus.works\/es\/condiciones-uso\/#breadcrumb","itemListElement":[{"@type":"ListItem","position":1,"name":"Home","item":"https:\/\/favero-dev.calicantus.works\/es\/"},{"@type":"ListItem","position":2,"name":"Condiciones Generales de Uso"}]},{"@type":"WebSite","@id":"https:\/\/favero-dev.calicantus.works\/es\/#website","url":"https:\/\/favero-dev.calicantus.works\/es\/","name":"Favero Cycling","description":"Misuratore di Potenza Ciclismo | Favero Assioma","publisher":{"@id":"https:\/\/favero-dev.calicantus.works\/es\/#organization"},"potentialAction":[{"@type":"SearchAction","target":{"@type":"EntryPoint","urlTemplate":"https:\/\/favero-dev.calicantus.works\/es\/?s={search_term_string}"},"query-input":{"@type":"PropertyValueSpecification","valueRequired":true,"valueName":"search_term_string"}}],"inLanguage":"es"},{"@type":"Organization","@id":"https:\/\/favero-dev.calicantus.works\/es\/#organization","name":"Favero Cycling","url":"https:\/\/favero-dev.calicantus.works\/es\/","logo":{"@type":"ImageObject","inLanguage":"es","@id":"https:\/\/favero-dev.calicantus.works\/es\/#\/schema\/logo\/image\/","url":"https:\/\/favero-dev.calicantus.works\/wp-content\/uploads\/2025\/06\/Logo-favero-nero.svg","contentUrl":"https:\/\/favero-dev.calicantus.works\/wp-content\/uploads\/2025\/06\/Logo-favero-nero.svg","width":120,"height":38,"caption":"Favero Cycling"},"image":{"@id":"https:\/\/favero-dev.calicantus.works\/es\/#\/schema\/logo\/image\/"}}]}},"_links":{"self":[{"href":"https:\/\/favero-dev.calicantus.works\/es\/wp-json\/wp\/v2\/pages\/6696","targetHints":{"allow":["GET"]}}],"collection":[{"href":"https:\/\/favero-dev.calicantus.works\/es\/wp-json\/wp\/v2\/pages"}],"about":[{"href":"https:\/\/favero-dev.calicantus.works\/es\/wp-json\/wp\/v2\/types\/page"}],"author":[{"embeddable":true,"href":"https:\/\/favero-dev.calicantus.works\/es\/wp-json\/wp\/v2\/users\/1"}],"replies":[{"embeddable":true,"href":"https:\/\/favero-dev.calicantus.works\/es\/wp-json\/wp\/v2\/comments?post=6696"}],"version-history":[{"count":11,"href":"https:\/\/favero-dev.calicantus.works\/es\/wp-json\/wp\/v2\/pages\/6696\/revisions"}],"predecessor-version":[{"id":7361,"href":"https:\/\/favero-dev.calicantus.works\/es\/wp-json\/wp\/v2\/pages\/6696\/revisions\/7361"}],"wp:attachment":[{"href":"https:\/\/favero-dev.calicantus.works\/es\/wp-json\/wp\/v2\/media?parent=6696"}],"curies":[{"name":"wp","href":"https:\/\/api.w.org\/{rel}","templated":true}]}}